{"id":7066,"date":"2023-10-06T11:06:58","date_gmt":"2023-10-06T09:06:58","guid":{"rendered":"https:\/\/fguhimmerland.dk\/?page_id=7066"},"modified":"2025-10-27T14:24:44","modified_gmt":"2025-10-27T13:24:44","slug":"byg-bolig-anlaeg-hobro","status":"publish","type":"page","link":"https:\/\/fguhimmerland.dk\/index.php\/byg-bolig-anlaeg-hobro\/","title":{"rendered":"Byg bolig anl\u00e6g hobro"},"content":{"rendered":"<div id='full_slider_1'  class='avia-fullwidth-slider main_color avia-shadow   avia-builder-el-0  el_before_av_textblock  avia-builder-el-first   container_wrap fullsize'  >\n<style type=\"text\/css\" data-created_by=\"avia_inline_auto\" id=\"style-css-av-lnea82qa-276495ba8458f4c49ad3798c13506ca7\">\n#top #wrap_all .avia-slideshow .av-slideshow-caption.av-lnea82qa-276495ba8458f4c49ad3798c13506ca7__0 .avia-caption-title{\nfont-size:50px;\n}\n<\/style>\n<div  class='avia-slideshow av-lnea82qa-276495ba8458f4c49ad3798c13506ca7 avia-slideshow-featured_large av_slideshow_full avia-slide-slider av-slideshow-ui av-control-default av-slideshow-autoplay av-loop-endless av-loop-manual-endless av-default-height-applied   avia-slideshow-1' data-slideshow-options=\"{&quot;animation&quot;:&quot;slide&quot;,&quot;autoplay&quot;:true,&quot;loop_autoplay&quot;:&quot;endless&quot;,&quot;interval&quot;:3,&quot;loop_manual&quot;:&quot;manual-endless&quot;,&quot;autoplay_stopper&quot;:false,&quot;noNavigation&quot;:false,&quot;bg_slider&quot;:false,&quot;keep_padding&quot;:false,&quot;hoverpause&quot;:false,&quot;show_slide_delay&quot;:0}\"  itemprop=\"image\" itemscope=\"itemscope\" itemtype=\"https:\/\/schema.org\/ImageObject\" ><ul class='avia-slideshow-inner ' style='padding-bottom: 42%;'><li  class='avia-slideshow-slide av-lnea82qa-276495ba8458f4c49ad3798c13506ca7__0  slide-1 slide-odd'><div data-rel='slideshow-1' class='avia-slide-wrap '   ><div class='av-slideshow-caption av-lnea82qa-276495ba8458f4c49ad3798c13506ca7__0 caption_fullwidth caption_left'><div class=\"container caption_container\"><div class=\"slideshow_caption\"><div class=\"slideshow_inner_caption\"><div class=\"slideshow_align_caption\"><h2 class='avia-caption-title '  itemprop=\"name\" >Byg bolig Anl\u00e6g<\/h2><\/div><\/div><\/div><\/div><\/div><img decoding=\"async\" fetchpriority=\"high\" class=\"wp-image-7072 avia-img-lazy-loading-not-7072\"  src=\"https:\/\/fguhimmerland.dk\/wp-content\/uploads\/2023\/10\/Toemrer1-done-1500x630.jpg\" width=\"1500\" height=\"630\" title='T\u00f8mrer1 done' alt=''  itemprop=\"thumbnailUrl\"   \/><\/div><\/li><li  class='avia-slideshow-slide av-lnea82qa-276495ba8458f4c49ad3798c13506ca7__1  slide-2 slide-even'><div data-rel='slideshow-1' class='avia-slide-wrap '   ><img decoding=\"async\" fetchpriority=\"high\" class=\"wp-image-7073 avia-img-lazy-loading-not-7073\"  src=\"https:\/\/fguhimmerland.dk\/wp-content\/uploads\/2023\/10\/Toemrer2-done-1500x630.jpg\" width=\"1500\" height=\"630\" title='T\u00f8mrer2 done' alt=''  itemprop=\"thumbnailUrl\"   \/><\/div><\/li><li  class='avia-slideshow-slide av-lnea82qa-276495ba8458f4c49ad3798c13506ca7__2  slide-3 slide-odd'><div data-rel='slideshow-1' class='avia-slide-wrap '   ><img decoding=\"async\" fetchpriority=\"high\" class=\"wp-image-7081 avia-img-lazy-loading-not-7081\"  src=\"https:\/\/fguhimmerland.dk\/wp-content\/uploads\/2023\/10\/Shelter-done-1500x630.jpg\" width=\"1500\" height=\"630\" title='Shelter done' alt=''  itemprop=\"thumbnailUrl\"   \/><\/div><\/li><li  class='avia-slideshow-slide av-lnea82qa-276495ba8458f4c49ad3798c13506ca7__3  slide-4 slide-even'><div data-rel='slideshow-1' class='avia-slide-wrap '   ><img decoding=\"async\" fetchpriority=\"high\" class=\"wp-image-7111 avia-img-lazy-loading-not-7111\"  src=\"https:\/\/fguhimmerland.dk\/wp-content\/uploads\/2023\/10\/vikings-done-1500x630.jpg\" width=\"1500\" height=\"630\" title='vikings done' alt=''  itemprop=\"thumbnailUrl\"   \/><\/div><\/li><li  class='avia-slideshow-slide av-lnea82qa-276495ba8458f4c49ad3798c13506ca7__4  slide-5 slide-odd'><div data-rel='slideshow-1' class='avia-slide-wrap '   ><img decoding=\"async\" fetchpriority=\"high\" class=\"wp-image-8439 avia-img-lazy-loading-not-8439\"  src=\"https:\/\/fguhimmerland.dk\/wp-content\/uploads\/2025\/10\/bb1-Faerdig-1500x630.jpg\" width=\"1500\" height=\"630\" title='bb1-F\u00e6rdig' alt=''  itemprop=\"thumbnailUrl\"   \/><\/div><\/li><li  class='avia-slideshow-slide av-lnea82qa-276495ba8458f4c49ad3798c13506ca7__5  slide-6 slide-even'><div data-rel='slideshow-1' class='avia-slide-wrap '   ><img decoding=\"async\" fetchpriority=\"high\" class=\"wp-image-8444 avia-img-lazy-loading-not-8444\"  src=\"https:\/\/fguhimmerland.dk\/wp-content\/uploads\/2025\/10\/bb2-FAeRDIG-1500x630.jpg\" width=\"1500\" height=\"630\" title='bb2 F\u00c6RDIG' alt=''  itemprop=\"thumbnailUrl\"   \/><\/div><\/li><\/ul><div class='avia-slideshow-arrows avia-slideshow-controls' ><a href='#prev' class='prev-slide  avia-svg-icon avia-font-svg_entypo-fontello' data-av_svg_icon='left-open-big' data-av_iconset='svg_entypo-fontello' tabindex='-1' title=\"Forrige\"><svg version=\"1.1\" xmlns=\"http:\/\/www.w3.org\/2000\/svg\" width=\"15\" height=\"32\" viewBox=\"0 0 15 32\" preserveAspectRatio=\"xMidYMid meet\" aria-labelledby='av-svg-title-1' aria-describedby='av-svg-desc-1' role=\"graphics-symbol\" aria-hidden=\"true\">\n<title id='av-svg-title-1'>Forrige<\/title>\n<desc id='av-svg-desc-1'>Forrige<\/desc>\n<path d=\"M14.464 27.84q0.832 0.832 0 1.536-0.832 0.832-1.536 0l-12.544-12.608q-0.768-0.768 0-1.6l12.544-12.608q0.704-0.832 1.536 0 0.832 0.704 0 1.536l-11.456 11.904z\"><\/path>\n<\/svg><span class='avia_hidden_link_text'>Forrige<\/span><\/a><a href='#next' class='next-slide  avia-svg-icon avia-font-svg_entypo-fontello' data-av_svg_icon='right-open-big' data-av_iconset='svg_entypo-fontello' tabindex='-1' title=\"N&#230;ste\"><svg version=\"1.1\" xmlns=\"http:\/\/www.w3.org\/2000\/svg\" width=\"15\" height=\"32\" viewBox=\"0 0 15 32\" preserveAspectRatio=\"xMidYMid meet\" aria-labelledby='av-svg-title-2' aria-describedby='av-svg-desc-2' role=\"graphics-symbol\" aria-hidden=\"true\">\n<title id='av-svg-title-2'>N&#230;ste<\/title>\n<desc id='av-svg-desc-2'>N&#230;ste<\/desc>\n<path d=\"M0.416 27.84l11.456-11.84-11.456-11.904q-0.832-0.832 0-1.536 0.832-0.832 1.536 0l12.544 12.608q0.768 0.832 0 1.6l-12.544 12.608q-0.704 0.832-1.536 0-0.832-0.704 0-1.536z\"><\/path>\n<\/svg><span class='avia_hidden_link_text'>N&#230;ste<\/span><\/a><\/div><div class='avia-slideshow-dots avia-slideshow-controls'><a href='#1' class='goto-slide active' >1<\/a><a href='#2' class='goto-slide ' >2<\/a><a href='#3' class='goto-slide ' >3<\/a><a href='#4' class='goto-slide ' >4<\/a><a href='#5' class='goto-slide ' >5<\/a><a href='#6' class='goto-slide ' >6<\/a><\/div><\/div><\/div><div id='after_full_slider_1'  class='main_color av_default_container_wrap container_wrap fullsize'  ><div class='container av-section-cont-open' ><div class='template-page content  av-content-full alpha units'><div class='post-entry post-entry-type-page post-entry-7066'><div class='entry-content-wrapper clearfix'>\n<section  class='av_textblock_section av-lnea4js9-b8e91bebd064b48d056acce0cb68c97d '   itemscope=\"itemscope\" itemtype=\"https:\/\/schema.org\/CreativeWork\" ><div class='avia_textblock'  itemprop=\"text\" ><div class=\"wpb_text_column wpb_content_element \">\n<div class=\"wpb_wrapper\">\n<div class=\"wp-block-group\">\n<div class=\"wp-block-group__inner-container\">\n<div class=\"wp-block-group\">\n<div class=\"wp-block-group__inner-container\" style=\"text-align: center;\">\n<figure class=\"wp-block-gallery columns-2 is-cropped\">\n<h1>Information om linjen<\/h1>\n<\/figure>\n<\/div>\n<\/div>\n<\/div>\n<\/div>\n<p><span class=\"has-inline-color has-very-dark-gray-color\">P\u00e5 BBA Hobro besk\u00e6ftiger vi os med mange varierede kundebaserede ordre ud af huset. Vi bestr\u00e6ber os p\u00e5 et autentisk arbejdsmilj\u00f8 med professionelle maskiner og skiftende arbejdssteder. Fagene indenfor BBA er fysiske kr\u00e6vende og derfor har vi ogs\u00e5 fokus p\u00e5 at man kan forbedre sin fysiske form p\u00e5 linjen.<\/span><\/p>\n<h1 style=\"text-align: center;\"><img decoding=\"async\" class=\"wp-image-7083 alignright lazyload\" data-src=\"https:\/\/fguhimmerland.dk\/wp-content\/uploads\/2023\/10\/Bro1-done-225x300.jpg\" alt=\"\" width=\"332\" height=\"443\" data-srcset=\"https:\/\/fguhimmerland.dk\/wp-content\/uploads\/2023\/10\/Bro1-done-225x300.jpg 225w, https:\/\/fguhimmerland.dk\/wp-content\/uploads\/2023\/10\/Bro1-done-773x1030.jpg 773w, https:\/\/fguhimmerland.dk\/wp-content\/uploads\/2023\/10\/Bro1-done-768x1024.jpg 768w, https:\/\/fguhimmerland.dk\/wp-content\/uploads\/2023\/10\/Bro1-done-1152x1536.jpg 1152w, https:\/\/fguhimmerland.dk\/wp-content\/uploads\/2023\/10\/Bro1-done-1536x2048.jpg 1536w, https:\/\/fguhimmerland.dk\/wp-content\/uploads\/2023\/10\/Bro1-done-1125x1500.jpg 1125w, https:\/\/fguhimmerland.dk\/wp-content\/uploads\/2023\/10\/Bro1-done-529x705.jpg 529w, https:\/\/fguhimmerland.dk\/wp-content\/uploads\/2023\/10\/Bro1-done-450x600.jpg 450w, https:\/\/fguhimmerland.dk\/wp-content\/uploads\/2023\/10\/Bro1-done-600x800.jpg 600w, https:\/\/fguhimmerland.dk\/wp-content\/uploads\/2023\/10\/Bro1-done-scaled.jpg 1920w\" data-sizes=\"(max-width: 332px) 100vw, 332px\" src=\"data:image\/svg+xml;base64,PHN2ZyB3aWR0aD0iMSIgaGVpZ2h0PSIxIiB4bWxucz0iaHR0cDovL3d3dy53My5vcmcvMjAwMC9zdmciPjwvc3ZnPg==\" style=\"--smush-placeholder-width: 332px; --smush-placeholder-aspect-ratio: 332\/443;\" \/><\/h1>\n<\/div>\n<\/div>\n<div class=\"wpb_text_column wpb_content_element \">\n<div class=\"wpb_wrapper\">\n<ol>\n<li>Shelter i grov t\u00f8mmer med rustikke b\u00e6nke.<\/li>\n<li><span class=\"has-inline-color has-very-dark-gray-color\">Gnaver hus samt<\/span>\u00a0<span class=\"has-inline-color has-very-dark-gray-color\">l\u00f8be g\u00e5rd til kaniner. Lavet til Plantorama Aalborg.<\/span>\u00a0<span class=\"has-inline-color has-very-dark-gray-color\">Ovenst\u00e5ende er fra byg.<\/span><\/li>\n<li>B\u00e5lhytte til\u00a0<span class=\"has-inline-color has-very-dark-gray-color\">skole med nogle lukkede sider, opbevaringsb\u00e6nke og b\u00e5lsted \/ kateter i midten.<\/span><\/li>\n<\/ol>\n<\/div>\n<\/div>\n<\/div><\/section>\n<div  class='hr av-2jrwmy-856016793177ffeb3a9bf0073e692a3e hr-default  avia-builder-el-2  el_after_av_textblock  el_before_av_video '><span class='hr-inner '><span class=\"hr-inner-style\"><\/span><\/span><\/div>\n<div  class='avia-video av-lnea5fq1-528b34c1edc554aa6205b7d718eab811 avia-video-16-9 av-no-preview-image avia-video-load-always av-lazyload-immediate av-lazyload-video-embed'  itemprop=\"video\" itemtype=\"https:\/\/schema.org\/VideoObject\"  data-original_url='https:\/\/www.youtube.com\/watch?v=MYJIgzhpRX4&amp;feature=youtu.be'><script type='text\/html' class='av-video-tmpl'><div class='avia-iframe-wrap'><iframe title=\"V\u00e6rkstedsvideo ricki bba small\" width=\"1500\" height=\"844\" data-src=\"https:\/\/www.youtube.com\/embed\/MYJIgzhpRX4?feature=oembed&autoplay=0&loop=0&controls=1&mute=0\" frameborder=\"0\" allow=\"accelerometer; autoplay; clipboard-write; encrypted-media; gyroscope; picture-in-picture; web-share\" allowfullscreen src=\"data:image\/svg+xml;base64,PHN2ZyB3aWR0aD0iMSIgaGVpZ2h0PSIxIiB4bWxucz0iaHR0cDovL3d3dy53My5vcmcvMjAwMC9zdmciPjwvc3ZnPg==\" class=\"lazyload\" data-load-mode=\"1\"><\/iframe><\/div><\/script><div class='av-click-to-play-overlay'><div class=\"avia_playpause_icon\"><\/div><\/div><\/div>\n","protected":false},"excerpt":{"rendered":"Byg bolig Anl\u00e6g Forrige Forrige Forrige N&#230;ste N&#230;ste N&#230;ste123456 Information om linjen P\u00e5 BBA Hobro besk\u00e6ftiger vi os med mange varierede kundebaserede ordre ud af huset. Vi bestr\u00e6ber os p\u00e5 et autentisk arbejdsmilj\u00f8 med professionelle maskiner og skiftende arbejdssteder. Fagene indenfor BBA er fysiske kr\u00e6vende og derfor har vi ogs\u00e5 fokus p\u00e5 at man kan [...]","protected":false},"author":22,"featured_media":0,"parent":0,"menu_order":0,"comment_status":"closed","ping_status":"closed","template":"","meta":{"_monsterinsights_skip_tracking":false,"_monsterinsights_sitenote_active":false,"_monsterinsights_sitenote_note":"","_monsterinsights_sitenote_category":0,"footnotes":""},"class_list":["post-7066","page","type-page","status-publish","hentry"],"jetpack_sharing_enabled":true,"_links":{"self":[{"href":"https:\/\/fguhimmerland.dk\/index.php\/wp-json\/wp\/v2\/pages\/7066","targetHints":{"allow":["GET"]}}],"collection":[{"href":"https:\/\/fguhimmerland.dk\/index.php\/wp-json\/wp\/v2\/pages"}],"about":[{"href":"https:\/\/fguhimmerland.dk\/index.php\/wp-json\/wp\/v2\/types\/page"}],"author":[{"embeddable":true,"href":"https:\/\/fguhimmerland.dk\/index.php\/wp-json\/wp\/v2\/users\/22"}],"replies":[{"embeddable":true,"href":"https:\/\/fguhimmerland.dk\/index.php\/wp-json\/wp\/v2\/comments?post=7066"}],"version-history":[{"count":26,"href":"https:\/\/fguhimmerland.dk\/index.php\/wp-json\/wp\/v2\/pages\/7066\/revisions"}],"predecessor-version":[{"id":8451,"href":"https:\/\/fguhimmerland.dk\/index.php\/wp-json\/wp\/v2\/pages\/7066\/revisions\/8451"}],"wp:attachment":[{"href":"https:\/\/fguhimmerland.dk\/index.php\/wp-json\/wp\/v2\/media?parent=7066"}],"curies":[{"name":"wp","href":"https:\/\/api.w.org\/{rel}","templated":true}]}}