{"id":7049,"date":"2023-10-06T11:17:49","date_gmt":"2023-10-06T09:17:49","guid":{"rendered":"https:\/\/fguhimmerland.dk\/?page_id=7049"},"modified":"2023-10-10T13:28:08","modified_gmt":"2023-10-10T11:28:08","slug":"industri-hobro","status":"publish","type":"page","link":"https:\/\/fguhimmerland.dk\/index.php\/industri-hobro\/","title":{"rendered":"Industri-Hobro"},"content":{"rendered":"<div id='full_slider_1'  class='avia-fullwidth-slider main_color avia-shadow   avia-builder-el-0  el_before_av_hr  avia-builder-el-first   container_wrap fullsize'  >\n<style type=\"text\/css\" data-created_by=\"avia_inline_auto\" id=\"style-css-av-lnbfuz5i-41c6ad81c163c0165d41439b6063f49d\">\n#top #wrap_all .avia-slideshow .av-slideshow-caption.av-lnbfuz5i-41c6ad81c163c0165d41439b6063f49d__0 .avia-caption-title{\nfont-size:50px;\n}\n#top .avia-slideshow .av-slideshow-caption.av-lnbfuz5i-41c6ad81c163c0165d41439b6063f49d__0 .avia-caption-content{\nfont-size:25px;\n}\n#top .avia-slideshow .av-slideshow-caption.av-lnbfuz5i-41c6ad81c163c0165d41439b6063f49d__0 .avia-caption-content p{\nfont-size:25px;\n}\n<\/style>\n<div  class='avia-slideshow av-lnbfuz5i-41c6ad81c163c0165d41439b6063f49d avia-slideshow-featured_large av_slideshow_full avia-slide-slider av-slideshow-ui av-control-default av-slideshow-autoplay av-loop-endless av-loop-manual-endless av-default-height-applied   avia-slideshow-1' data-slideshow-options=\"{&quot;animation&quot;:&quot;slide&quot;,&quot;autoplay&quot;:true,&quot;loop_autoplay&quot;:&quot;endless&quot;,&quot;interval&quot;:3,&quot;loop_manual&quot;:&quot;manual-endless&quot;,&quot;autoplay_stopper&quot;:false,&quot;noNavigation&quot;:false,&quot;bg_slider&quot;:false,&quot;keep_padding&quot;:false,&quot;hoverpause&quot;:false,&quot;show_slide_delay&quot;:0}\"  itemprop=\"image\" itemscope=\"itemscope\" itemtype=\"https:\/\/schema.org\/ImageObject\" ><ul class='avia-slideshow-inner ' style='padding-bottom: 42%;'><li  class='avia-slideshow-slide av-lnbfuz5i-41c6ad81c163c0165d41439b6063f49d__0  slide-1 slide-odd'><div data-rel='slideshow-1' class='avia-slide-wrap '   ><div class='av-slideshow-caption av-lnbfuz5i-41c6ad81c163c0165d41439b6063f49d__0 caption_fullwidth caption_left'><div class=\"container caption_container\"><div class=\"slideshow_caption\"><div class=\"slideshow_inner_caption\"><div class=\"slideshow_align_caption\"><h2 class='avia-caption-title '  itemprop=\"name\" >Industri.<\/h2><div class='avia-caption-content '  itemprop=\"description\" ><p>Metalarbejde\/smedelinje.<\/p>\n<\/div><\/div><\/div><\/div><\/div><\/div><img decoding=\"async\" fetchpriority=\"high\" class=\"wp-image-7050 avia-img-lazy-loading-not-7050\"  src=\"https:\/\/fguhimmerland.dk\/wp-content\/uploads\/2023\/10\/Smed-1500x630.jpg\" width=\"1500\" height=\"630\" title='Smed' alt=''  itemprop=\"thumbnailUrl\"   \/><\/div><\/li><li  class='avia-slideshow-slide av-lnbfuz5i-41c6ad81c163c0165d41439b6063f49d__1  slide-2 slide-even'><div data-rel='slideshow-1' class='avia-slide-wrap '   ><img decoding=\"async\" fetchpriority=\"high\" class=\"wp-image-7059 avia-img-lazy-loading-not-7059\"  src=\"https:\/\/fguhimmerland.dk\/wp-content\/uploads\/2023\/10\/Smed-2-1500x630.jpg\" width=\"1500\" height=\"630\" title='Smed 2' alt=''  itemprop=\"thumbnailUrl\"   \/><\/div><\/li><li  class='avia-slideshow-slide av-lnbfuz5i-41c6ad81c163c0165d41439b6063f49d__2  slide-3 slide-odd'><div data-rel='slideshow-1' class='avia-slide-wrap '   ><img decoding=\"async\" fetchpriority=\"high\" class=\"wp-image-7123 avia-img-lazy-loading-not-7123\"  src=\"https:\/\/fguhimmerland.dk\/wp-content\/uploads\/2023\/10\/Smed-stativ-v4-1500x630.jpg\" width=\"1500\" height=\"630\" title='Smed stativ v4' alt=''  itemprop=\"thumbnailUrl\"   \/><\/div><\/li><\/ul><div class='avia-slideshow-arrows avia-slideshow-controls' ><a href='#prev' class='prev-slide  avia-svg-icon avia-font-svg_entypo-fontello' data-av_svg_icon='left-open-big' data-av_iconset='svg_entypo-fontello' tabindex='-1' title=\"Forrige\"><svg version=\"1.1\" xmlns=\"http:\/\/www.w3.org\/2000\/svg\" width=\"15\" height=\"32\" viewBox=\"0 0 15 32\" preserveAspectRatio=\"xMidYMid meet\" aria-labelledby='av-svg-title-1' aria-describedby='av-svg-desc-1' role=\"graphics-symbol\" aria-hidden=\"true\">\n<title id='av-svg-title-1'>Forrige<\/title>\n<desc id='av-svg-desc-1'>Forrige<\/desc>\n<path d=\"M14.464 27.84q0.832 0.832 0 1.536-0.832 0.832-1.536 0l-12.544-12.608q-0.768-0.768 0-1.6l12.544-12.608q0.704-0.832 1.536 0 0.832 0.704 0 1.536l-11.456 11.904z\"><\/path>\n<\/svg><span class='avia_hidden_link_text'>Forrige<\/span><\/a><a href='#next' class='next-slide  avia-svg-icon avia-font-svg_entypo-fontello' data-av_svg_icon='right-open-big' data-av_iconset='svg_entypo-fontello' tabindex='-1' title=\"N&#230;ste\"><svg version=\"1.1\" xmlns=\"http:\/\/www.w3.org\/2000\/svg\" width=\"15\" height=\"32\" viewBox=\"0 0 15 32\" preserveAspectRatio=\"xMidYMid meet\" aria-labelledby='av-svg-title-2' aria-describedby='av-svg-desc-2' role=\"graphics-symbol\" aria-hidden=\"true\">\n<title id='av-svg-title-2'>N&#230;ste<\/title>\n<desc id='av-svg-desc-2'>N&#230;ste<\/desc>\n<path d=\"M0.416 27.84l11.456-11.84-11.456-11.904q-0.832-0.832 0-1.536 0.832-0.832 1.536 0l12.544 12.608q0.768 0.832 0 1.6l-12.544 12.608q-0.704 0.832-1.536 0-0.832-0.704 0-1.536z\"><\/path>\n<\/svg><span class='avia_hidden_link_text'>N&#230;ste<\/span><\/a><\/div><div class='avia-slideshow-dots avia-slideshow-controls'><a href='#1' class='goto-slide active' >1<\/a><a href='#2' class='goto-slide ' >2<\/a><a href='#3' class='goto-slide ' >3<\/a><\/div><\/div><\/div><div id='after_full_slider_1'  class='main_color av_default_container_wrap container_wrap fullsize'  ><div class='container av-section-cont-open' ><div class='template-page content  av-content-full alpha units'><div class='post-entry post-entry-type-page post-entry-7049'><div class='entry-content-wrapper clearfix'>\r\n\n<style type=\"text\/css\" data-created_by=\"avia_inline_auto\" id=\"style-css-av-lnbfw7tt-40b9f578832fea5468e702f7d4d6977a\">\n#top .hr.hr-invisible.av-lnbfw7tt-40b9f578832fea5468e702f7d4d6977a{\nheight:50px;\n}\n<\/style>\n<div  class='hr av-lnbfw7tt-40b9f578832fea5468e702f7d4d6977a hr-invisible  avia-builder-el-1  el_after_av_slideshow_full  el_before_av_textblock  avia-builder-el-first '><span class='hr-inner '><span class=\"hr-inner-style\"><\/span><\/span><\/div>\r\n<section  class='av_textblock_section av-lnbfx5t5-12742e1f9700a1ef232e2234687bf3fc '   itemscope=\"itemscope\" itemtype=\"https:\/\/schema.org\/CreativeWork\" ><div class='avia_textblock'  itemprop=\"text\" ><p><strong>Arbejdsopgaver: <\/strong><\/p>\n<p class=\"has-text-align-center\"><!-- \/wp:post-content --><\/p>\n<p><!-- wp:paragraph -->P\u00e5 v\u00e6rkstedet arbejdes med forskellige opgaver inden for fagets hovedomr\u00e5der. Herudover har v\u00e6rkstedet opgaver af s\u00e6rlig karakter som f.eks. specialfremstilling af diverse konstruktioner samt montage af disse. Vi er opm\u00e6rksomme p\u00e5, at alle f\u00e5r s\u00e5 meget ud af undervisningen p\u00e5 v\u00e6rkstedet som muligt. Derfor tilbyder vi elever og l\u00e6rlinge at deltage i produktudvikling, lige fra id\u00e9 og tegning til f\u00e6rdigt produkt leveret hos kunder. Eleverne tilbydes undervisning i lettere tegningsarbejde, herunder ogs\u00e5 Autocad og Inventor samt efterf\u00f8lgende 3D print F\u00e6rdigheder: Eleverne opl\u00e6res individuelt efter kvalifikationer og fremtids\u00f8nsker. De opn\u00e5r en styrkelse af deres teoretiske, praktiske og faglige<\/p>\n<p class=\"has-text-align-center\"><!-- \/wp:paragraph --><\/p>\n<p><!-- wp:paragraph --><strong>F\u00e6rdigheder:<\/strong><\/p>\n<p class=\"has-text-align-center\"><!-- \/wp:paragraph --><\/p>\n<p><!-- wp:paragraph -->Alle elever skal gennemg\u00e5 \u00a7 17 arbejdsmilj\u00f8uddannelsen. Alle elever skal have maskink\u00f8rekort, s\u00e5 de opn\u00e5r s\u00e5 bredt et kendskab som muligt til de forskellige maskiner og arbejdsprocesser.<\/p>\n<\/div><\/section>\r\n<div  class='hr av-lne9vmg5-6889c60ec89181e83a9294bfc9ef85a6 hr-default  avia-builder-el-3  el_after_av_textblock  el_before_av_video '><span class='hr-inner '><span class=\"hr-inner-style\"><\/span><\/span><\/div>\r\n<div  class='avia-video av-lne9ub7x-1063cd64af502cf385c6f1c58a681f30 avia-video-16-9 av-no-preview-image avia-video-load-always av-lazyload-immediate av-lazyload-video-embed'  itemprop=\"video\" itemtype=\"https:\/\/schema.org\/VideoObject\"  data-original_url='https:\/\/youtu.be\/_Gmg0ah2nac'><script type='text\/html' class='av-video-tmpl'><div class='avia-iframe-wrap'><iframe title=\"V\u00e6rkstedsvideo smed Ditte  720p\" width=\"1500\" height=\"844\" data-src=\"https:\/\/www.youtube.com\/embed\/_Gmg0ah2nac?feature=oembed&autoplay=0&loop=0&controls=1&mute=0\" frameborder=\"0\" allow=\"accelerometer; autoplay; clipboard-write; encrypted-media; gyroscope; picture-in-picture; web-share\" allowfullscreen src=\"data:image\/svg+xml;base64,PHN2ZyB3aWR0aD0iMSIgaGVpZ2h0PSIxIiB4bWxucz0iaHR0cDovL3d3dy53My5vcmcvMjAwMC9zdmciPjwvc3ZnPg==\" class=\"lazyload\" data-load-mode=\"1\"><\/iframe><\/div><\/script><div class='av-click-to-play-overlay'><div class=\"avia_playpause_icon\"><\/div><\/div><\/div>","protected":false},"excerpt":{"rendered":"Industri.Metalarbejde\/smedelinje. Forrige Forrige Forrige N&#230;ste N&#230;ste N&#230;ste123 Arbejdsopgaver: P\u00e5 v\u00e6rkstedet arbejdes med forskellige opgaver inden for fagets hovedomr\u00e5der. Herudover har v\u00e6rkstedet opgaver af s\u00e6rlig karakter som f.eks. specialfremstilling af diverse konstruktioner samt montage af disse. Vi er opm\u00e6rksomme p\u00e5, at alle f\u00e5r s\u00e5 meget ud af undervisningen p\u00e5 v\u00e6rkstedet som muligt. Derfor tilbyder vi elever [...]","protected":false},"author":22,"featured_media":0,"parent":0,"menu_order":0,"comment_status":"closed","ping_status":"closed","template":"","meta":{"_monsterinsights_skip_tracking":false,"_monsterinsights_sitenote_active":false,"_monsterinsights_sitenote_note":"","_monsterinsights_sitenote_category":0,"footnotes":""},"class_list":["post-7049","page","type-page","status-publish","hentry"],"jetpack_sharing_enabled":true,"_links":{"self":[{"href":"https:\/\/fguhimmerland.dk\/index.php\/wp-json\/wp\/v2\/pages\/7049","targetHints":{"allow":["GET"]}}],"collection":[{"href":"https:\/\/fguhimmerland.dk\/index.php\/wp-json\/wp\/v2\/pages"}],"about":[{"href":"https:\/\/fguhimmerland.dk\/index.php\/wp-json\/wp\/v2\/types\/page"}],"author":[{"embeddable":true,"href":"https:\/\/fguhimmerland.dk\/index.php\/wp-json\/wp\/v2\/users\/22"}],"replies":[{"embeddable":true,"href":"https:\/\/fguhimmerland.dk\/index.php\/wp-json\/wp\/v2\/comments?post=7049"}],"version-history":[{"count":16,"href":"https:\/\/fguhimmerland.dk\/index.php\/wp-json\/wp\/v2\/pages\/7049\/revisions"}],"predecessor-version":[{"id":7121,"href":"https:\/\/fguhimmerland.dk\/index.php\/wp-json\/wp\/v2\/pages\/7049\/revisions\/7121"}],"wp:attachment":[{"href":"https:\/\/fguhimmerland.dk\/index.php\/wp-json\/wp\/v2\/media?parent=7049"}],"curies":[{"name":"wp","href":"https:\/\/api.w.org\/{rel}","templated":true}]}}