{"id":64,"date":"2020-05-20T06:55:41","date_gmt":"2020-05-20T06:55:41","guid":{"rendered":"http:\/\/www.altfguhimmerland.dk\/?page_id=64"},"modified":"2021-10-07T10:24:13","modified_gmt":"2021-10-07T08:24:13","slug":"omsorg-sundhed","status":"publish","type":"page","link":"https:\/\/fguhimmerland.dk\/index.php\/omsorg-sundhed\/","title":{"rendered":"Omsorg og sundhed"},"content":{"rendered":"<div  class='flex_column av-av_one_half-d846867a37b468541bc8830743d44203 av_one_half  avia-builder-el-0  avia-builder-el-no-sibling  first flex_column_div  '     ><section  class='av_textblock_section av-kugoa8so-62950a5d8b63789a93c248f14f6c7589 '   itemscope=\"itemscope\" itemtype=\"https:\/\/schema.org\/CreativeWork\" ><div class='avia_textblock'  itemprop=\"text\" ><h1 class=\"has-text-align-center has-very-dark-gray-color has-text-color\" style=\"text-align: left;\"><strong>Om Omsorg og Sundhed<\/strong><\/h1>\n<p style=\"text-align: left;\"><!-- \/wp:post-content --><\/p>\n<p style=\"text-align: left;\"><!-- wp:group --><\/p>\n<div class=\"wp-block-group\" style=\"text-align: left;\">\n<div class=\"wp-block-group__inner-container\">\n<p><!-- wp:paragraph {\"align\":\"center\"} --><\/p>\n<p class=\"has-text-align-center\" style=\"text-align: left;\">P\u00e5 v\u00e6rksted Omsorg og Sundhed har vi fokus p\u00e5 \u00e6ldre- og b\u00f8rnepleje, alts\u00e5 hvis man har en dr\u00f8m om at l\u00e6se til P\u00e6dagog eller Social og Sundhedshj\u00e6lper, er det et godt sted at starte. Der er undervisning i eks. Leg, b\u00f8rns udvikling, barndom, alderdom, ensomhed, demens, kommunikation. Vi er hver dag ude at g\u00e5 eller cykle en tur og vi har 2-3 gange om ugen en times mindfulness. Vi er p\u00e5 plejehjem hver torsdag, hvor vi g\u00e5r tur med de \u00e6ldre, l\u00e6ser avis og laver stolegymnastik. Vi er i fitness en gang om ugen, fordi det er vigtigt at blive st\u00e6rk i ryg og mavemuskler, n\u00e5r man skal arbejde med b\u00f8rn og \u00e6ldre.<\/p>\n<\/div>\n<\/div>\n<\/div><\/section><\/div><!-- \/wp:paragraph -->","protected":false},"excerpt":{"rendered":"Om Omsorg og Sundhed P\u00e5 v\u00e6rksted Omsorg og Sundhed har vi fokus p\u00e5 \u00e6ldre- og b\u00f8rnepleje, alts\u00e5 hvis man har en dr\u00f8m om at l\u00e6se til P\u00e6dagog eller Social og Sundhedshj\u00e6lper, er det et godt sted at starte. Der er undervisning i eks. Leg, b\u00f8rns udvikling, barndom, alderdom, ensomhed, demens, kommunikation. Vi er hver dag [...]","protected":false},"author":1,"featured_media":0,"parent":0,"menu_order":0,"comment_status":"closed","ping_status":"closed","template":"","meta":{"_monsterinsights_skip_tracking":false,"_monsterinsights_sitenote_active":false,"_monsterinsights_sitenote_note":"","_monsterinsights_sitenote_category":0,"footnotes":""},"class_list":["post-64","page","type-page","status-publish","hentry"],"jetpack_sharing_enabled":true,"_links":{"self":[{"href":"https:\/\/fguhimmerland.dk\/index.php\/wp-json\/wp\/v2\/pages\/64","targetHints":{"allow":["GET"]}}],"collection":[{"href":"https:\/\/fguhimmerland.dk\/index.php\/wp-json\/wp\/v2\/pages"}],"about":[{"href":"https:\/\/fguhimmerland.dk\/index.php\/wp-json\/wp\/v2\/types\/page"}],"author":[{"embeddable":true,"href":"https:\/\/fguhimmerland.dk\/index.php\/wp-json\/wp\/v2\/users\/1"}],"replies":[{"embeddable":true,"href":"https:\/\/fguhimmerland.dk\/index.php\/wp-json\/wp\/v2\/comments?post=64"}],"version-history":[{"count":17,"href":"https:\/\/fguhimmerland.dk\/index.php\/wp-json\/wp\/v2\/pages\/64\/revisions"}],"predecessor-version":[{"id":5470,"href":"https:\/\/fguhimmerland.dk\/index.php\/wp-json\/wp\/v2\/pages\/64\/revisions\/5470"}],"wp:attachment":[{"href":"https:\/\/fguhimmerland.dk\/index.php\/wp-json\/wp\/v2\/media?parent=64"}],"curies":[{"name":"wp","href":"https:\/\/api.w.org\/{rel}","templated":true}]}}