{"id":531,"date":"2020-06-11T10:57:47","date_gmt":"2020-06-11T10:57:47","guid":{"rendered":"http:\/\/www.altfguhimmerland.dk\/?page_id=531"},"modified":"2020-06-15T06:50:49","modified_gmt":"2020-06-15T06:50:49","slug":"programmering-2","status":"publish","type":"page","link":"https:\/\/fguhimmerland.dk\/index.php\/programmering-2\/","title":{"rendered":"Programmering"},"content":{"rendered":"\n<p class=\"has-text-color has-text-align-center has-medium-font-size has-very-dark-gray-color\"><strong>Hvad er programmering<\/strong><\/p>\n\n\n\n<p class=\"has-text-align-center\">Programmering, ogs\u00e5 kendt som kodning eller softwareudvikling,<br>er processen der skaber en applikation til at udf\u00f8re et bestemt s\u00e6t funktioner.<br>En anden m\u00e5de at sige det p\u00e5 er at det er en m\u00e5de at fort\u00e6lle<br>en computer hvordan den skal udf\u00f8re forskellige opgaver.<br>Dette g\u00f8res med det der kaldes programmeringssprog,<br>der, ligesom et talesprog, indeholder ord og s\u00e6tninger<br>der betyder visse ting for visse mennesker (der forst\u00e5r sproget).<br>I dette tilf\u00e6lde forst\u00e5s de af computeren.<\/p>\n\n\n\n<hr class=\"wp-block-separator has-text-color has-background is-style-dots\" style=\"background-color:#ffffff;color:#ffffff\"\/>\n\n\n\n<div class=\"wp-block-image\"><figure class=\"aligncenter size-large is-resized\"><img decoding=\"async\" data-src=\"http:\/\/www.altfguhimmerland.dk\/wp-content\/uploads\/2020\/06\/chris-ried-ieic5Tq8YMk-unsplash-1024x684.jpg\" alt=\"\" class=\"wp-image-624 lazyload\" width=\"601\" height=\"401\" data-srcset=\"https:\/\/fguhimmerland.dk\/wp-content\/uploads\/2020\/06\/chris-ried-ieic5Tq8YMk-unsplash-1024x684.jpg 1024w, https:\/\/fguhimmerland.dk\/wp-content\/uploads\/2020\/06\/chris-ried-ieic5Tq8YMk-unsplash-300x200.jpg 300w, https:\/\/fguhimmerland.dk\/wp-content\/uploads\/2020\/06\/chris-ried-ieic5Tq8YMk-unsplash-768x513.jpg 768w, https:\/\/fguhimmerland.dk\/wp-content\/uploads\/2020\/06\/chris-ried-ieic5Tq8YMk-unsplash-1536x1025.jpg 1536w, https:\/\/fguhimmerland.dk\/wp-content\/uploads\/2020\/06\/chris-ried-ieic5Tq8YMk-unsplash-2048x1367.jpg 2048w, https:\/\/fguhimmerland.dk\/wp-content\/uploads\/2020\/06\/chris-ried-ieic5Tq8YMk-unsplash-500x334.jpg 500w, https:\/\/fguhimmerland.dk\/wp-content\/uploads\/2020\/06\/chris-ried-ieic5Tq8YMk-unsplash-800x534.jpg 800w, https:\/\/fguhimmerland.dk\/wp-content\/uploads\/2020\/06\/chris-ried-ieic5Tq8YMk-unsplash-1280x854.jpg 1280w, https:\/\/fguhimmerland.dk\/wp-content\/uploads\/2020\/06\/chris-ried-ieic5Tq8YMk-unsplash-1920x1282.jpg 1920w, https:\/\/fguhimmerland.dk\/wp-content\/uploads\/2020\/06\/chris-ried-ieic5Tq8YMk-unsplash-1618x1080.jpg 1618w, https:\/\/fguhimmerland.dk\/wp-content\/uploads\/2020\/06\/chris-ried-ieic5Tq8YMk-unsplash-600x401.jpg 600w\" data-sizes=\"(max-width: 601px) 100vw, 601px\" src=\"data:image\/svg+xml;base64,PHN2ZyB3aWR0aD0iMSIgaGVpZ2h0PSIxIiB4bWxucz0iaHR0cDovL3d3dy53My5vcmcvMjAwMC9zdmciPjwvc3ZnPg==\" style=\"--smush-placeholder-width: 601px; --smush-placeholder-aspect-ratio: 601\/401;\" \/><\/figure><\/div>\n","protected":false},"excerpt":{"rendered":"<p>Hvad er programmering Programmering, ogs\u00e5 kendt som kodning eller softwareudvikling,er processen der skaber en applikation til at udf\u00f8re et bestemt s\u00e6t funktioner.En anden m\u00e5de at sige det p\u00e5 er at det er en m\u00e5de at fort\u00e6lleen computer hvordan den skal udf\u00f8re forskellige opgaver.Dette g\u00f8res med det der kaldes programmeringssprog,der, ligesom et talesprog, indeholder ord og [&hellip;]<\/p>\n","protected":false},"author":9,"featured_media":0,"parent":0,"menu_order":0,"comment_status":"closed","ping_status":"closed","template":"","meta":{"_monsterinsights_skip_tracking":false,"_monsterinsights_sitenote_active":false,"_monsterinsights_sitenote_note":"","_monsterinsights_sitenote_category":0,"footnotes":""},"class_list":["post-531","page","type-page","status-publish","hentry"],"jetpack_sharing_enabled":true,"_links":{"self":[{"href":"https:\/\/fguhimmerland.dk\/index.php\/wp-json\/wp\/v2\/pages\/531","targetHints":{"allow":["GET"]}}],"collection":[{"href":"https:\/\/fguhimmerland.dk\/index.php\/wp-json\/wp\/v2\/pages"}],"about":[{"href":"https:\/\/fguhimmerland.dk\/index.php\/wp-json\/wp\/v2\/types\/page"}],"author":[{"embeddable":true,"href":"https:\/\/fguhimmerland.dk\/index.php\/wp-json\/wp\/v2\/users\/9"}],"replies":[{"embeddable":true,"href":"https:\/\/fguhimmerland.dk\/index.php\/wp-json\/wp\/v2\/comments?post=531"}],"version-history":[{"count":4,"href":"https:\/\/fguhimmerland.dk\/index.php\/wp-json\/wp\/v2\/pages\/531\/revisions"}],"predecessor-version":[{"id":5503,"href":"https:\/\/fguhimmerland.dk\/index.php\/wp-json\/wp\/v2\/pages\/531\/revisions\/5503"}],"wp:attachment":[{"href":"https:\/\/fguhimmerland.dk\/index.php\/wp-json\/wp\/v2\/media?parent=531"}],"curies":[{"name":"wp","href":"https:\/\/api.w.org\/{rel}","templated":true}]}}