{"id":4379,"date":"2021-06-21T08:48:23","date_gmt":"2021-06-21T06:48:23","guid":{"rendered":"https:\/\/fguhimmerland.dk\/?page_id=4379"},"modified":"2024-04-03T14:12:21","modified_gmt":"2024-04-03T12:12:21","slug":"afsoegningsforloeb","status":"publish","type":"page","link":"https:\/\/fguhimmerland.dk\/index.php\/afsoegningsforloeb\/","title":{"rendered":"Afs\u00f8gningsforl\u00f8b"},"content":{"rendered":"\n<style type=\"text\/css\" data-created_by=\"avia_inline_auto\" id=\"style-css-av-lujqy8b7-e8cc9502211c5d9fb391d8bb4e126ac8\">\n.avia-section.av-lujqy8b7-e8cc9502211c5d9fb391d8bb4e126ac8{\nbackground-repeat:no-repeat;\nbackground-image:url(https:\/\/fguhimmerland.dk\/wp-content\/uploads\/2023\/09\/Elevraad.png);\nbackground-position:50% 50%;\nbackground-attachment:scroll;\n}\n<\/style>\n<div id='av_section_1'  class='avia-section av-lujqy8b7-e8cc9502211c5d9fb391d8bb4e126ac8 main_color avia-section-default avia-no-border-styling  avia-builder-el-0  el_before_av_two_third  avia-builder-el-first  avia-full-stretch avia-bg-style-scroll av-minimum-height av-minimum-height-50 av-height-50  container_wrap fullsize'  data-section-bg-repeat='stretch' data-av_minimum_height_pc='50' data-av_min_height_opt='50'><div class='container av-section-cont-open' ><main  role=\"main\" itemprop=\"mainContentOfPage\"  class='template-page content  av-content-full alpha units'><div class='post-entry post-entry-type-page post-entry-4379'><div class='entry-content-wrapper clearfix'>\n\n<style type=\"text\/css\" data-created_by=\"avia_inline_auto\" id=\"style-css-av-lujqyf8u-b0e6903b30ea13e8bc54d6611141b928\">\n#top .av-special-heading.av-lujqyf8u-b0e6903b30ea13e8bc54d6611141b928{\npadding-bottom:10px;\ncolor:#ffffff;\nfont-size:80px;\n}\nbody .av-special-heading.av-lujqyf8u-b0e6903b30ea13e8bc54d6611141b928 .av-special-heading-tag .heading-char{\nfont-size:25px;\n}\n#top #wrap_all .av-special-heading.av-lujqyf8u-b0e6903b30ea13e8bc54d6611141b928 .av-special-heading-tag{\nfont-size:80px;\n}\n.av-special-heading.av-lujqyf8u-b0e6903b30ea13e8bc54d6611141b928 .special-heading-inner-border{\nborder-color:rgba(0,0,0,0.01);\n}\n.av-special-heading.av-lujqyf8u-b0e6903b30ea13e8bc54d6611141b928 .av-subheading{\nfont-size:15px;\n}\nbody .av-special-heading.av-lujqyf8u-b0e6903b30ea13e8bc54d6611141b928 .av-special-heading-tag .heading-wrap:before{\nborder-color:rgba(0,0,0,0.01);\n}\nbody .av-special-heading.av-lujqyf8u-b0e6903b30ea13e8bc54d6611141b928 .av-special-heading-tag .heading-wrap:after{\nborder-color:rgba(0,0,0,0.01);\n}\n\n@media only screen and (min-width: 480px) and (max-width: 767px){ \n#top #wrap_all .av-special-heading.av-lujqyf8u-b0e6903b30ea13e8bc54d6611141b928 .av-special-heading-tag{\nfont-size:0.8em;\n}\n}\n\n@media only screen and (max-width: 479px){ \n#top #wrap_all .av-special-heading.av-lujqyf8u-b0e6903b30ea13e8bc54d6611141b928 .av-special-heading-tag{\nfont-size:0.8em;\n}\n}\n<\/style>\n<div  class='av-special-heading av-lujqyf8u-b0e6903b30ea13e8bc54d6611141b928 av-special-heading-h1 custom-color-heading blockquote elegant-quote elegant-centered  avia-builder-el-1  avia-builder-el-no-sibling  av-inherit-size'><h1 class='av-special-heading-tag '  itemprop=\"headline\"  ><span class=\"heading-wrap\">AFS\u00d8GNINGSFORL\u00d8B<\/span><\/h1><div class=\"special-heading-border\"><div class=\"special-heading-inner-border\"><\/div><\/div><\/div>\n<\/div><\/div><\/main><!-- close content main element --><\/div><\/div><div id='after_section_1'  class='main_color av_default_container_wrap container_wrap fullsize'  ><div class='container av-section-cont-open' ><div class='template-page content  av-content-full alpha units'><div class='post-entry post-entry-type-page post-entry-4379'><div class='entry-content-wrapper clearfix'>\n<style type=\"text\/css\" data-created_by=\"avia_inline_auto\" id=\"style-css-av-48mkaz-f73f53350b7602d14dd80ca81d4720d9\">\n.flex_column.av-48mkaz-f73f53350b7602d14dd80ca81d4720d9{\nborder-radius:0px 0px 0px 0px;\npadding:0px 0px 0px 0px;\n}\n<\/style>\n<div  class='flex_column av-48mkaz-f73f53350b7602d14dd80ca81d4720d9 av_two_third  avia-builder-el-2  el_after_av_section  el_before_av_one_third  avia-builder-el-first  first flex_column_div av-zero-column-padding  '     ><section  class='av_textblock_section av-kq69nxk4-4df143d512449d9f74c2aeda0e552576 '   itemscope=\"itemscope\" itemtype=\"https:\/\/schema.org\/CreativeWork\" ><div class='avia_textblock'  itemprop=\"text\" ><h2 style=\"text-align: left;\"><strong>Pr\u00f8v FGU Himmerland med et afs\u00f8gningsforl\u00f8b<\/strong><\/h2>\n<h4><\/h4>\n<h4 style=\"text-align: left;\"><br class=\"avia-permanent-lb\" \/>Et afs\u00f8gningsforl\u00f8b:<\/h4>\n<ul>\n<li><strong>har til form\u00e5l at afd\u00e6kke, om FGU er et relevant tilbud for dig.<\/strong><\/li>\n<li style=\"text-align: left;\"><strong>aftales mellem dig, din uddannelsesvejleder og en af vores FGU-vejledere.\u00a0 <\/strong><\/li>\n<li style=\"text-align: left;\"><strong>varer typisk i 14 dage, hvor du vil v\u00e6re tilknyttet et hold, du har interesse i.<\/strong><br \/>\n<em>Der kan eventuelt aftales deltagelse p\u00e5 flere hold.<\/em><\/li>\n<\/ul>\n<\/div><\/section><br \/>\n<section  class='av_textblock_section av-lujrfdjd-2ecfae740dd9c17b88a0c62dfab4978d '   itemscope=\"itemscope\" itemtype=\"https:\/\/schema.org\/CreativeWork\" ><div class='avia_textblock'  itemprop=\"text\" ><h4>Vil du h\u00f8re mere om muligheden for et afs\u00f8gningsforl\u00f8b hos os?<\/h4>\n<p>Klik <strong><a href=\"https:\/\/fguhimmerland.dk\/index.php\/kontakt-os\/\">her<\/a><\/strong><\/p>\n<\/div><\/section><\/div>\n<style type=\"text\/css\" data-created_by=\"avia_inline_auto\" id=\"style-css-av-lujr96e5-4b58692caf63cf1cb40690236df3bcc1\">\n.flex_column.av-lujr96e5-4b58692caf63cf1cb40690236df3bcc1{\nborder-width:15px;\nborder-color:#f4f3f4;\nborder-style:solid;\nborder-radius:0 0 0 0;\npadding:15px 15px 15px 15px;\nbackground-color:#f4f3f4;\n}\n<\/style>\n<div  class='flex_column av-lujr96e5-4b58692caf63cf1cb40690236df3bcc1 av_one_third  avia-builder-el-5  el_after_av_two_third  avia-builder-el-last  flex_column_div  '     ><style type=\"text\/css\" data-created_by=\"avia_inline_auto\" id=\"style-css-av-lujr9p2m-da752cab130767b0386b63870fd7a7ab\">\n#top .av_textblock_section.av-lujr9p2m-da752cab130767b0386b63870fd7a7ab .avia_textblock{\ntext-align:center;\n}\n<\/style>\n<section  class='av_textblock_section av-lujr9p2m-da752cab130767b0386b63870fd7a7ab '   itemscope=\"itemscope\" itemtype=\"https:\/\/schema.org\/CreativeWork\" ><div class='avia_textblock'  itemprop=\"text\" ><h3 style=\"text-align: center;\">Kickstart din fremtid!<\/h3>\n<p style=\"text-align: center;\">L\u00e6s vores elevfolder.<\/p>\n<p style=\"text-align: center;\"><div class=\"_df_thumb \" id=\"df_7541\"  _slug=\"kickstart-din-fremtid\" data-title=\"kickstart-din-fremtid\" wpoptions=\"true\" thumb=\"https:\/\/fguhimmerland.dk\/wp-content\/uploads\/2024\/03\/3-SPOR-3-VEJE.png\" thumbtype=\"\" >Kickstart din fremtid<\/div><script class=\"df-shortcode-script\" nowprocket type=\"application\/javascript\">window.option_df_7541 = {\"outline\":[],\"backgroundColor\":\"#FFFFFF\",\"autoEnableOutline\":\"false\",\"autoEnableThumbnail\":\"false\",\"overwritePDFOutline\":\"false\",\"direction\":\"1\",\"pageSize\":\"0\",\"source\":\"https:\\\/\\\/fguhimmerland.dk\\\/wp-content\\\/uploads\\\/2024\\\/03\\\/3-SPOR-3-VEJE.pdf\",\"wpOptions\":\"true\"}; if(window.DFLIP && window.DFLIP.parseBooks){window.DFLIP.parseBooks();}<\/script><\/p>\n<\/div><\/section><\/div>\n","protected":false},"excerpt":{"rendered":"AFS\u00d8GNINGSFORL\u00d8B Pr\u00f8v FGU Himmerland med et afs\u00f8gningsforl\u00f8b Et afs\u00f8gningsforl\u00f8b: har til form\u00e5l at afd\u00e6kke, om FGU er et relevant tilbud for dig. aftales mellem dig, din uddannelsesvejleder og en af vores FGU-vejledere.\u00a0 varer typisk i 14 dage, hvor du vil v\u00e6re tilknyttet et hold, du har interesse i. Der kan eventuelt aftales deltagelse p\u00e5 flere [...]","protected":false},"author":11,"featured_media":0,"parent":0,"menu_order":0,"comment_status":"closed","ping_status":"closed","template":"","meta":{"_monsterinsights_skip_tracking":false,"_monsterinsights_sitenote_active":false,"_monsterinsights_sitenote_note":"","_monsterinsights_sitenote_category":0,"footnotes":""},"class_list":["post-4379","page","type-page","status-publish","hentry"],"jetpack_sharing_enabled":true,"_links":{"self":[{"href":"https:\/\/fguhimmerland.dk\/index.php\/wp-json\/wp\/v2\/pages\/4379","targetHints":{"allow":["GET"]}}],"collection":[{"href":"https:\/\/fguhimmerland.dk\/index.php\/wp-json\/wp\/v2\/pages"}],"about":[{"href":"https:\/\/fguhimmerland.dk\/index.php\/wp-json\/wp\/v2\/types\/page"}],"author":[{"embeddable":true,"href":"https:\/\/fguhimmerland.dk\/index.php\/wp-json\/wp\/v2\/users\/11"}],"replies":[{"embeddable":true,"href":"https:\/\/fguhimmerland.dk\/index.php\/wp-json\/wp\/v2\/comments?post=4379"}],"version-history":[{"count":6,"href":"https:\/\/fguhimmerland.dk\/index.php\/wp-json\/wp\/v2\/pages\/4379\/revisions"}],"predecessor-version":[{"id":7599,"href":"https:\/\/fguhimmerland.dk\/index.php\/wp-json\/wp\/v2\/pages\/4379\/revisions\/7599"}],"wp:attachment":[{"href":"https:\/\/fguhimmerland.dk\/index.php\/wp-json\/wp\/v2\/media?parent=4379"}],"curies":[{"name":"wp","href":"https:\/\/api.w.org\/{rel}","templated":true}]}}