{"id":4378,"date":"2021-06-21T08:48:23","date_gmt":"2021-06-21T06:48:23","guid":{"rendered":"https:\/\/fguhimmerland.dk\/?page_id=4378"},"modified":"2024-06-26T11:44:40","modified_gmt":"2024-06-26T09:44:40","slug":"egu-erhvervsgrunduddannelse","status":"publish","type":"page","link":"https:\/\/fguhimmerland.dk\/index.php\/egu-erhvervsgrunduddannelse\/","title":{"rendered":"EGU \u2013 Erhvervsgrunduddannelse"},"content":{"rendered":"\n<style type=\"text\/css\" data-created_by=\"avia_inline_auto\" id=\"style-css-av-lqz9qcor-b7e19afbe6f376f3f67e154a3da5ccb8\">\n.avia-section.av-lqz9qcor-b7e19afbe6f376f3f67e154a3da5ccb8{\nbackground-repeat:no-repeat;\nbackground-image:url(https:\/\/fguhimmerland.dk\/wp-content\/uploads\/2023\/09\/15.png);\nbackground-position:50% 50%;\nbackground-attachment:scroll;\n}\n<\/style>\n<div id='av_section_1'  class='avia-section av-lqz9qcor-b7e19afbe6f376f3f67e154a3da5ccb8 main_color avia-section-default avia-shadow  avia-builder-el-0  el_before_av_two_third  avia-builder-el-first  avia-full-stretch avia-bg-style-scroll av-minimum-height av-minimum-height-50 av-height-50  container_wrap fullsize'  data-section-bg-repeat='stretch' data-av_minimum_height_pc='50' data-av_min_height_opt='50'><div class='container av-section-cont-open' ><main  role=\"main\" itemprop=\"mainContentOfPage\"  class='template-page content  av-content-full alpha units'><div class='post-entry post-entry-type-page post-entry-4378'><div class='entry-content-wrapper clearfix'>\n\n<style type=\"text\/css\" data-created_by=\"avia_inline_auto\" id=\"style-css-av-lqz9uvzl-a7f60c74f7be76768869084440401a66\">\n#top .av-special-heading.av-lqz9uvzl-a7f60c74f7be76768869084440401a66{\npadding-bottom:10px;\ncolor:#ffffff;\nfont-size:80px;\n}\nbody .av-special-heading.av-lqz9uvzl-a7f60c74f7be76768869084440401a66 .av-special-heading-tag .heading-char{\nfont-size:25px;\n}\n#top #wrap_all .av-special-heading.av-lqz9uvzl-a7f60c74f7be76768869084440401a66 .av-special-heading-tag{\nfont-size:80px;\n}\n.av-special-heading.av-lqz9uvzl-a7f60c74f7be76768869084440401a66 .special-heading-inner-border{\nborder-color:rgba(0,0,0,0.01);\n}\n.av-special-heading.av-lqz9uvzl-a7f60c74f7be76768869084440401a66 .av-subheading{\nfont-size:40px;\n}\nbody .av-special-heading.av-lqz9uvzl-a7f60c74f7be76768869084440401a66 .av-special-heading-tag .heading-wrap:before{\nborder-color:rgba(0,0,0,0.01);\n}\nbody .av-special-heading.av-lqz9uvzl-a7f60c74f7be76768869084440401a66 .av-special-heading-tag .heading-wrap:after{\nborder-color:rgba(0,0,0,0.01);\n}\n\n@media only screen and (min-width: 480px) and (max-width: 767px){ \n#top #wrap_all .av-special-heading.av-lqz9uvzl-a7f60c74f7be76768869084440401a66 .av-special-heading-tag{\nfont-size:0.8em;\n}\n}\n\n@media only screen and (max-width: 479px){ \n#top #wrap_all .av-special-heading.av-lqz9uvzl-a7f60c74f7be76768869084440401a66 .av-special-heading-tag{\nfont-size:0.8em;\n}\n}\n<\/style>\n<div  class='av-special-heading av-lqz9uvzl-a7f60c74f7be76768869084440401a66 av-special-heading-h1 custom-color-heading blockquote elegant-quote elegant-centered  avia-builder-el-1  avia-builder-el-no-sibling  av-inherit-size'><h1 class='av-special-heading-tag '  itemprop=\"headline\"  ><span class=\"heading-wrap\">EGU<\/span><\/h1><div class='av_custom_color av-subheading av-subheading_below'><p>ERHVERVSGRUNDUDDANNELSE<\/p>\n<\/div><div class=\"special-heading-border\"><div class=\"special-heading-inner-border\"><\/div><\/div><\/div>\n<\/div><\/div><\/main><!-- close content main element --><\/div><\/div><div id='after_section_1'  class='main_color av_default_container_wrap container_wrap fullsize'  ><div class='container av-section-cont-open' ><div class='template-page content  av-content-full alpha units'><div class='post-entry post-entry-type-page post-entry-4378'><div class='entry-content-wrapper clearfix'>\n\n<style type=\"text\/css\" data-created_by=\"avia_inline_auto\" id=\"style-css-av-4qnzxm-17368d83b26b963a8dbe4da87be66bef\">\n.flex_column.av-4qnzxm-17368d83b26b963a8dbe4da87be66bef{\nborder-radius:0px 0px 0px 0px;\npadding:0px 0px 0px 0px;\n}\n<\/style>\n<div  class='flex_column av-4qnzxm-17368d83b26b963a8dbe4da87be66bef av_two_third  avia-builder-el-2  el_after_av_section  el_before_av_one_third  avia-builder-el-first  first flex_column_div av-zero-column-padding  '     ><section  class='av_textblock_section av-kq6a72rx-173df99a9324cab6dd0f777d09d2d33b '   itemscope=\"itemscope\" itemtype=\"https:\/\/schema.org\/CreativeWork\" ><div class='avia_textblock'  itemprop=\"text\" ><h2>Erhvervsgrunduddannelsen er:<\/h2>\n<ul>\n<li><strong>et fedt, fantastisk og alternativt uddannelsestilbud!<\/strong><\/li>\n<li><strong>til den unge, som gerne vil i virksomhedspraktik.<\/strong><\/li>\n<li><strong>til den unge, som vil pr\u00f8ve at tjene en rigtig l\u00f8n.<\/strong><\/li>\n<li><strong>til den unge, som gerne vil have konkrete erfaringer og kompetencer som forberedelse til job eller uddannelse.<\/strong><\/li>\n<li><strong>et aftalebaseret forl\u00f8b, der veksler mellem skoleforl\u00f8b og praktik i en virksomhed.<\/strong><\/li>\n<\/ul>\n<p><br class=\"avia-permanent-lb\" \/>Erhvervsgrunduddannelsen er alts\u00e5 for dig, som l\u00e6rer bedst ved at g\u00f8re tingene i praksis.<\/p>\n<p>Som EGU-elev er du i praktik i en virksomhed gennem det meste af dit uddannelsesforl\u00f8b. Her l\u00e6rer du et fag p\u00e5 en rigtig arbejdsplads.<\/p>\n<p>I korte perioder vil du v\u00e6re i skole. Undervisningen kan v\u00e6re i almene fag som dansk og matematik, eller du kan komme p\u00e5 kurser inden for et fag, som knytter sig direkte til det, du arbejder med ude i din praktikvirksomheden &#8211; f.eks. p\u00e5 AMU.<\/p>\n<p>Du kan afslutte dit EGU-forl\u00f8b med en faglig pr\u00f8ve. Hvis du afslutter EGU p\u00e5 niveau 3, giver det dimittendrettigheder i A-kassen, hvilket betyder, at du kan modtage dagpenge. Alternativt g\u00e5r du direkte i besk\u00e6ftigelse, hvor du modtager l\u00f8n fra en virksomhed.<\/p>\n<\/div><\/section><br \/>\n<section  class='av_textblock_section av-lmc3gbwq-80e59a919c69a006d9922a28a8f40416 '   itemscope=\"itemscope\" itemtype=\"https:\/\/schema.org\/CreativeWork\" ><div class='avia_textblock'  itemprop=\"text\" ><h3><br class=\"avia-permanent-lb\" \/><br class=\"avia-permanent-lb\" \/>OFTE STILLEDE SP\u00d8RGSM\u00c5L<\/h3>\n<\/div><\/section><br \/>\n\n<style type=\"text\/css\" data-created_by=\"avia_inline_auto\" id=\"style-css-av-lmc3kplg-1ffb08e263699c23215f4c4e6dd89759\">\n#top .togglecontainer.av-lmc3kplg-1ffb08e263699c23215f4c4e6dd89759 p.toggler{\ncolor:#0a0000;\nbackground-color:#ffffff;\nborder-color:#000000;\n}\n#top .togglecontainer.av-lmc3kplg-1ffb08e263699c23215f4c4e6dd89759 p.toggler .toggle_icon{\ncolor:#0a0a0a;\nborder-color:#0a0a0a;\n}\n#top .togglecontainer.av-lmc3kplg-1ffb08e263699c23215f4c4e6dd89759 p.toggler .toggle_icon > span{\ncolor:#0a0a0a;\nborder-color:#0a0a0a;\n}\n#top .togglecontainer.av-lmc3kplg-1ffb08e263699c23215f4c4e6dd89759 .toggle_wrap .toggle_content{\ncolor:#0a0000;\nbackground-color:#ffffff;\nborder-color:#000000;\n}\n<\/style>\n<div  class='togglecontainer av-lmc3kplg-1ffb08e263699c23215f4c4e6dd89759 av-elegant-toggle  avia-builder-el-5  el_after_av_textblock  avia-builder-el-last  toggle_close_all' >\n<section class='av_toggle_section av-lmc3k8dp-be5193145fa845ebfd725f0da70bc3b4'  itemscope=\"itemscope\" itemtype=\"https:\/\/schema.org\/CreativeWork\" ><div role=\"tablist\" class=\"single_toggle\" data-tags=\"{Alle} \"  ><p id='toggle-toggle-id-1' data-fake-id='#toggle-id-1' class='toggler  av-title-above av-inherit-border-color'  itemprop=\"headline\"  role='tab' tabindex='0' aria-controls='toggle-id-1' data-slide-speed=\"200\" data-title=\"Hvordan bliver man EGU-elev?\" data-title-open=\"\" data-aria_collapsed=\"Click to expand: Hvordan bliver man EGU-elev?\" data-aria_expanded=\"Click to collapse: Hvordan bliver man EGU-elev?\">Hvordan bliver man EGU-elev?<span class=\"toggle_icon\"><span class=\"vert_icon\"><\/span><span class=\"hor_icon\"><\/span><\/span><\/p><div id='toggle-id-1' aria-labelledby='toggle-toggle-id-1' role='region' class='toggle_wrap  av-title-above'  ><div class='toggle_content invers-color av-inherit-border-color'  itemprop=\"text\" ><h4>For at blive EGU-elev skal du:<\/h4>\n<ul>\n<li>V\u00e6re mellem 16 og 30 \u00e5r.<\/li>\n<li>V\u00e6re brancheafklaret &#8211; Du skal helst gerne vide, hvad du vil besk\u00e6ftige dig med.<\/li>\n<li>V\u00e6re m\u00f8destabil &#8211; N\u00e5r man skal ud p\u00e5 en arbejdsplads, er det vigtigt at kunne m\u00f8de til tiden.<\/li>\n<li>Kunne arbejde 37 timer om ugen &#8211; Du vil komme til at arbejde ligesom andre ansatte i din praktikvirksomhed.<\/li>\n<li>V\u00e6re interesseret i uddannelse med fokus p\u00e5 praktik.<\/li>\n<\/ul>\n<p>Tal med din EGU-vejleder om dine muligheder for at blive EGU-elev.<\/p>\n<\/div><\/div><\/div><\/section>\n<section class='av_toggle_section av-lmc3idgq-d0aa70ff7af6c50596c20d7ed45b60bf'  itemscope=\"itemscope\" itemtype=\"https:\/\/schema.org\/CreativeWork\" ><div role=\"tablist\" class=\"single_toggle\" data-tags=\"{Alle} \"  ><p id='toggle-toggle-id-2' data-fake-id='#toggle-id-2' class='toggler  av-title-above av-inherit-border-color'  itemprop=\"headline\"  role='tab' tabindex='0' aria-controls='toggle-id-2' data-slide-speed=\"200\" data-title=\"Hvor kan jeg komme i EGU?\" data-title-open=\"\" data-aria_collapsed=\"Click to expand: Hvor kan jeg komme i EGU?\" data-aria_expanded=\"Click to collapse: Hvor kan jeg komme i EGU?\">Hvor kan jeg komme i EGU?<span class=\"toggle_icon\"><span class=\"vert_icon\"><\/span><span class=\"hor_icon\"><\/span><\/span><\/p><div id='toggle-id-2' aria-labelledby='toggle-toggle-id-2' role='region' class='toggle_wrap  av-title-above'  ><div class='toggle_content invers-color av-inherit-border-color'  itemprop=\"text\" ><h4>Hvor vil du gerne i EGU henne?<\/h4>\n<p>FGU Himmerland har en lang r\u00e6kke samarbejdspartnere, og vi kan derfor med stor sandsynlighed finde en virksomhed, som du kan blive EGU-elev i.<\/p>\n<p>G\u00f8r dig nogle tanker om, hvilken type arbejde du har interesse i og kontakt s\u00e5 din lokale EGU-vejleder for at blive klogere p\u00e5 dine muligheder.<\/p>\n<\/div><\/div><\/div><\/section>\n<section class='av_toggle_section av-lmc3kodo-6f5c467c331b5d4d0088762302bab7f8'  itemscope=\"itemscope\" itemtype=\"https:\/\/schema.org\/CreativeWork\" ><div role=\"tablist\" class=\"single_toggle\" data-tags=\"{Alle} \"  ><p id='toggle-toggle-id-3' data-fake-id='#toggle-id-3' class='toggler  av-title-above av-inherit-border-color'  itemprop=\"headline\"  role='tab' tabindex='0' aria-controls='toggle-id-3' data-slide-speed=\"200\" data-title=\"Kan min virksomhed f\u00e5 en EGU-elev\" data-title-open=\"\" data-aria_collapsed=\"Click to expand: Kan min virksomhed f\u00e5 en EGU-elev\" data-aria_expanded=\"Click to collapse: Kan min virksomhed f\u00e5 en EGU-elev\">Kan min virksomhed f\u00e5 en EGU-elev<span class=\"toggle_icon\"><span class=\"vert_icon\"><\/span><span class=\"hor_icon\"><\/span><\/span><\/p><div id='toggle-id-3' aria-labelledby='toggle-toggle-id-3' role='region' class='toggle_wrap  av-title-above'  ><div class='toggle_content invers-color av-inherit-border-color'  itemprop=\"text\" ><h4>Selvf\u00f8lgelig kan I det!<\/h4>\n<p>FGU Himmerland er altid p\u00e5 udkig efter flere fantastiske samarbejdspartnere, som har lyst til at bidrage til udviklingen af vores unge mennesker.<\/p>\n<p>Hvis dit firma eller din virksomhed har interesse i et EGU-forl\u00f8b, s\u00e5 kontakt vores EGU-vejledere for at h\u00f8re n\u00e6rmere.<\/p>\n<\/div><\/div><\/div><\/section>\n<section class='av_toggle_section av-lmc43an5-fc69dd84d7708178ab20046255b8f81f'  itemscope=\"itemscope\" itemtype=\"https:\/\/schema.org\/CreativeWork\" ><div role=\"tablist\" class=\"single_toggle\" data-tags=\"{Alle} \"  ><p id='toggle-toggle-id-4' data-fake-id='#toggle-id-4' class='toggler  av-title-above av-inherit-border-color'  itemprop=\"headline\"  role='tab' tabindex='0' aria-controls='toggle-id-4' data-slide-speed=\"200\" data-title=\"Hvorfor skal jeg v\u00e6lge en EGU?\" data-title-open=\"\" data-aria_collapsed=\"Click to expand: Hvorfor skal jeg v\u00e6lge en EGU?\" data-aria_expanded=\"Click to collapse: Hvorfor skal jeg v\u00e6lge en EGU?\">Hvorfor skal jeg v\u00e6lge en EGU?<span class=\"toggle_icon\"><span class=\"vert_icon\"><\/span><span class=\"hor_icon\"><\/span><\/span><\/p><div id='toggle-id-4' aria-labelledby='toggle-toggle-id-4' role='region' class='toggle_wrap  av-title-above'  ><div class='toggle_content invers-color av-inherit-border-color'  itemprop=\"text\" ><h4>Fordi det er et knaldgodt uddannelsestilbud!<\/h4>\n<p>Erhvervsgrunduddannelsen bliver skr\u00e6ddersyet til dig, s\u00e5 du f\u00e5r de bedste foruds\u00e6tninger for at samle erhvervserfaring og f\u00e5 en lang r\u00e6kke kompetencer til at g\u00e5 i job eller starte uddannelse.<\/p>\n<p>EGU giver dig mulighed for at l\u00e6re gennem praksis og ikke ved at bruge hele dage i et klassev\u00e6relse, og s\u00e5 f\u00e5r du ovenik\u00f8bet en fornuftig l\u00f8n, mens du arbejder hos din praktikvirksomhed.<\/p>\n<\/div><\/div><\/div><\/section>\n<section class='av_toggle_section av-lmc450h1-fed9b66edcefd4d21ac165c8aed3534a'  itemscope=\"itemscope\" itemtype=\"https:\/\/schema.org\/CreativeWork\" ><div role=\"tablist\" class=\"single_toggle\" data-tags=\"{Alle} \"  ><p id='toggle-toggle-id-5' data-fake-id='#toggle-id-5' class='toggler  av-title-above av-inherit-border-color'  itemprop=\"headline\"  role='tab' tabindex='0' aria-controls='toggle-id-5' data-slide-speed=\"200\" data-title=\"Hvem kan hj\u00e6lpe mig?\" data-title-open=\"\" data-aria_collapsed=\"Click to expand: Hvem kan hj\u00e6lpe mig?\" data-aria_expanded=\"Click to collapse: Hvem kan hj\u00e6lpe mig?\">Hvem kan hj\u00e6lpe mig?<span class=\"toggle_icon\"><span class=\"vert_icon\"><\/span><span class=\"hor_icon\"><\/span><\/span><\/p><div id='toggle-id-5' aria-labelledby='toggle-toggle-id-5' role='region' class='toggle_wrap  av-title-above'  ><div class='toggle_content invers-color av-inherit-border-color'  itemprop=\"text\" ><h4>Det kan vi!<\/h4>\n<p>FGU Himmerland har et helt hold af fantastiske og engagerede EGU-vejledere, som sidder klar til at hj\u00e6lpe b\u00e5de elever og virksomheder med alle sp\u00f8rgsm\u00e5l &#8211; store som sm\u00e5 &#8211; der m\u00e5tte opst\u00e5.<\/p>\n<p>Kontakt os i dag og lad os hj\u00e6lpe dig!<\/p>\n<\/div><\/div><\/div><\/section>\n<\/div><\/div>\n\n<style type=\"text\/css\" data-created_by=\"avia_inline_auto\" id=\"style-css-av-1wn5pm-29c6bc4260d8ad6baea87fd26457bed5\">\n.flex_column.av-1wn5pm-29c6bc4260d8ad6baea87fd26457bed5{\nborder-width:15px;\nborder-color:#f4f3f4;\nborder-style:solid;\nborder-radius:0px 0px 0px 0px;\npadding:15px 15px 15px 15px;\nbackground-color:#f4f3f4;\n}\n<\/style>\n<div  class='flex_column av-1wn5pm-29c6bc4260d8ad6baea87fd26457bed5 av_one_third  avia-builder-el-6  el_after_av_two_third  el_before_av_hr  flex_column_div  '     ><section  class='av_textblock_section av-lmc1cgdz-444a052db85fedbe9ce22788731cb578 '   itemscope=\"itemscope\" itemtype=\"https:\/\/schema.org\/CreativeWork\" ><div class='avia_textblock'  itemprop=\"text\" ><h3><\/h3>\n<h3 style=\"text-align: center;\">F\u00c5 5 HURTIGE OM EGU<\/h3>\n<\/div><\/section><br \/>\n<div  class='avia-video av-lmc199io-98f0b406de68999d2b18f4a4dbc24b23 avia-video-16-9 av-no-preview-image avia-video-load-always av-lazyload-immediate av-lazyload-video-embed'  itemprop=\"video\" itemtype=\"https:\/\/schema.org\/VideoObject\"  data-original_url='https:\/\/youtu.be\/HAYpSm00fEE'><script type='text\/html' class='av-video-tmpl'><div class='avia-iframe-wrap'><iframe title=\"5 hurtige om EGU\" width=\"1500\" height=\"844\" data-src=\"https:\/\/www.youtube.com\/embed\/HAYpSm00fEE?feature=oembed&autoplay=0&loop=0&controls=1&mute=0\" frameborder=\"0\" allow=\"accelerometer; autoplay; clipboard-write; encrypted-media; gyroscope; picture-in-picture; web-share\" allowfullscreen src=\"data:image\/svg+xml;base64,PHN2ZyB3aWR0aD0iMSIgaGVpZ2h0PSIxIiB4bWxucz0iaHR0cDovL3d3dy53My5vcmcvMjAwMC9zdmciPjwvc3ZnPg==\" class=\"lazyload\" data-load-mode=\"1\"><\/iframe><\/div><\/script><div class='av-click-to-play-overlay'><div class=\"avia_playpause_icon\"><\/div><\/div><\/div><br \/>\n\n<style type=\"text\/css\" data-created_by=\"avia_inline_auto\" id=\"style-css-av-lt8esezg-fa273b079827101c1e94876464326a4d\">\n#top .hr.hr-invisible.av-lt8esezg-fa273b079827101c1e94876464326a4d{\nheight:25px;\n}\n<\/style>\n<div  class='hr av-lt8esezg-fa273b079827101c1e94876464326a4d hr-invisible  avia-builder-el-9  el_after_av_video  el_before_av_textblock '><span class='hr-inner '><span class=\"hr-inner-style\"><\/span><\/span><\/div><br \/>\n<section  class='av_textblock_section av-lmc2hoqx-eb16f9363b3dc6a99b2c2c7a1cc5259a '   itemscope=\"itemscope\" itemtype=\"https:\/\/schema.org\/CreativeWork\" ><div class='avia_textblock'  itemprop=\"text\" ><h3><\/h3>\n<h3 style=\"text-align: left;\">Elevfolder<\/h3>\n<p style=\"text-align: left;\"><div class=\"_df_book df-lite\" id=\"df_6424\"  _slug=\"6424\" data-title=\"egu-flyer-til-elever\" wpoptions=\"true\" thumbtype=\"\" ><\/div><script class=\"df-shortcode-script\" nowprocket type=\"application\/javascript\">window.option_df_6424 = {\"outline\":[],\"backgroundColor\":\"#FFFFFF\",\"height\":\"320\",\"autoEnableOutline\":\"false\",\"autoEnableThumbnail\":\"false\",\"overwritePDFOutline\":\"false\",\"direction\":\"1\",\"pageSize\":\"0\",\"source\":\"https:\\\/\\\/fguhimmerland.dk\\\/wp-content\\\/uploads\\\/2022\\\/11\\\/EGU_folder_elev_2022.pdf\",\"wpOptions\":\"true\"}; if(window.DFLIP && window.DFLIP.parseBooks){window.DFLIP.parseBooks();}<\/script><\/p>\n<h3 style=\"text-align: left;\">Virksomhedsfolder<\/h3>\n<p style=\"text-align: left;\"><div class=\"_df_book df-lite\" id=\"df_6434\"  _slug=\"egu-virksomhedsfolder\" data-title=\"egu-virksomhedsfolder\" wpoptions=\"true\" thumbtype=\"\" ><\/div><script class=\"df-shortcode-script\" nowprocket type=\"application\/javascript\">window.option_df_6434 = {\"outline\":[],\"backgroundColor\":\"#FFFFFF\",\"height\":\"320\",\"autoEnableOutline\":\"false\",\"autoEnableThumbnail\":\"false\",\"overwritePDFOutline\":\"false\",\"direction\":\"1\",\"pageSize\":\"0\",\"source\":\"https:\\\/\\\/fguhimmerland.dk\\\/wp-content\\\/uploads\\\/2022\\\/11\\\/EGU_folder_virksomhed_2022.pdf\",\"wpOptions\":\"true\"}; if(window.DFLIP && window.DFLIP.parseBooks){window.DFLIP.parseBooks();}<\/script><\/p>\n<\/div><\/section><\/div>\n<div  class='hr av-b7ahey-7bdfe1ae65de28ab4745cefbd5c72ae0 hr-default  avia-builder-el-11  el_after_av_one_third  el_before_av_one_full '><span class='hr-inner '><span class=\"hr-inner-style\"><\/span><\/span><\/div>\n<div  class='flex_column av-9ixrtm-28236d52df8dbd50a8b270f3e1f05f71 av_one_full  avia-builder-el-12  el_after_av_hr  el_before_av_one_fifth  first flex_column_div  '     ><section  class='av_textblock_section av-l947oy9m-e82b98762702dc3be998a62a329f20a6 '   itemscope=\"itemscope\" itemtype=\"https:\/\/schema.org\/CreativeWork\" ><div class='avia_textblock'  itemprop=\"text\" ><h1 style=\"text-align: center;\">INTERESSERET?<\/h1>\n<p style=\"text-align: center;\"><strong>Hvis du som elev, firma eller virksomhed er interesseret i et EGU-forl\u00f8b,<br \/>\n<\/strong><strong>kan du kontakte vores EGU-vejledere for mere information herom.<\/strong><\/p>\n<\/div><\/section><\/div>\n<div  class='flex_column av-7y0ioa-79ceb7524113f1494c240edab8bf9fcf av_one_fifth  avia-builder-el-14  el_after_av_one_full  el_before_av_one_fifth  first flex_column_div  column-top-margin'     ><\/div>\n<div  class='flex_column av-6asj4q-b086d4984b14128f1ce2f9a955d0b274 av_one_fifth  avia-builder-el-15  el_after_av_one_fifth  el_before_av_one_fifth  flex_column_div  column-top-margin'     ><section  class='avia-team-member av-l948fc79-91ee6a797a9776a34f6f959c0a0a6cbc  avia-builder-el-16  avia-builder-el-no-sibling '  itemscope=\"itemscope\" itemtype=\"https:\/\/schema.org\/Person\" ><div class=\"team-img-container\"><img decoding=\"async\" fetchpriority=\"high\" class='wp-image-4588 avia-img-lazy-loading-not-4588 avia_image avia_image_team' src=\"https:\/\/fguhimmerland.dk\/wp-content\/uploads\/2021\/06\/Susanne-cropped-225x300.png\" alt='Susanne Christensen'  itemprop=\"image\"   height=\"300\" width=\"225\" srcset=\"https:\/\/fguhimmerland.dk\/wp-content\/uploads\/2021\/06\/Susanne-cropped-225x300.png 225w, https:\/\/fguhimmerland.dk\/wp-content\/uploads\/2021\/06\/Susanne-cropped-529x705.png 529w, https:\/\/fguhimmerland.dk\/wp-content\/uploads\/2021\/06\/Susanne-cropped.png 600w\" sizes=\"(max-width: 225px) 100vw, 225px\" \/><\/div><h3 class='team-member-name '  itemprop=\"name\" >Susanne Christensen<\/h3><div class='team-member-job-title '  itemprop=\"jobTitle\" >EGU-vejleder, Hobro<\/div><div class='team-member-description '  itemprop=\"description\" ><p>98 52 72 61<br \/>\nsdc@fguhimmerland.dk<\/p>\n<\/div><span class='hidden team-member-affiliation'  itemprop=\"affiliation\" >FGU Himmerland<\/span><\/section><\/div><div  class='flex_column av-237zy2-54aa3d8d606db0b04974a57311a39295 av_one_fifth  avia-builder-el-17  el_after_av_one_fifth  el_before_av_one_fifth  flex_column_div  column-top-margin'     ><section  class='avia-team-member av-l948i6o8-ed73cac55d63a77327e4da0dc30b4795  avia-builder-el-18  avia-builder-el-no-sibling '  itemscope=\"itemscope\" itemtype=\"https:\/\/schema.org\/Person\" ><div class=\"team-img-container\"><img decoding=\"async\" fetchpriority=\"high\" class='wp-image-6733 avia-img-lazy-loading-not-6733 avia_image avia_image_team' src=\"https:\/\/fguhimmerland.dk\/wp-content\/uploads\/2023\/07\/Bettina_Witting-225x300.jpg\" alt='Bettina Witting'  itemprop=\"image\"   height=\"300\" width=\"225\" srcset=\"https:\/\/fguhimmerland.dk\/wp-content\/uploads\/2023\/07\/Bettina_Witting-225x300.jpg 225w, https:\/\/fguhimmerland.dk\/wp-content\/uploads\/2023\/07\/Bettina_Witting-529x705.jpg 529w, https:\/\/fguhimmerland.dk\/wp-content\/uploads\/2023\/07\/Bettina_Witting-450x600.jpg 450w, https:\/\/fguhimmerland.dk\/wp-content\/uploads\/2023\/07\/Bettina_Witting.jpg 600w\" sizes=\"(max-width: 225px) 100vw, 225px\" \/><\/div><h3 class='team-member-name '  itemprop=\"name\" >Bettina Witting<\/h3><div class='team-member-job-title '  itemprop=\"jobTitle\" >EGU-vejleder, St\u00f8vring<\/div><div class='team-member-description '  itemprop=\"description\" ><p>98 52 72 56<br \/>\nbjw@fguhimmerland.dk<\/p>\n<\/div><span class='hidden team-member-affiliation'  itemprop=\"affiliation\" >FGU Himmerland<\/span><\/section><\/div><div  class='flex_column av-2nhdnu-a2d35f1c488d970eaaf65c03335f2de7 av_one_fifth  avia-builder-el-19  el_after_av_one_fifth  el_before_av_one_fifth  flex_column_div  column-top-margin'     ><section  class='avia-team-member av-luuw2qvn-6e427fc84d231a4a7c9a54510ec5b604  avia-builder-el-20  avia-builder-el-no-sibling '  itemscope=\"itemscope\" itemtype=\"https:\/\/schema.org\/Person\" ><div class=\"team-img-container\"><img decoding=\"async\" fetchpriority=\"high\" class='wp-image-7723 avia-img-lazy-loading-not-7723 avia_image avia_image_team' src=\"https:\/\/fguhimmerland.dk\/wp-content\/uploads\/2024\/04\/Louise.png\" alt='Louise Kj\u00e6rsig'  itemprop=\"image\"   height=\"4000\" width=\"3000\" srcset=\"https:\/\/fguhimmerland.dk\/wp-content\/uploads\/2024\/04\/Louise.png 3000w, https:\/\/fguhimmerland.dk\/wp-content\/uploads\/2024\/04\/Louise-225x300.png 225w, https:\/\/fguhimmerland.dk\/wp-content\/uploads\/2024\/04\/Louise-773x1030.png 773w, https:\/\/fguhimmerland.dk\/wp-content\/uploads\/2024\/04\/Louise-768x1024.png 768w, https:\/\/fguhimmerland.dk\/wp-content\/uploads\/2024\/04\/Louise-1152x1536.png 1152w, https:\/\/fguhimmerland.dk\/wp-content\/uploads\/2024\/04\/Louise-1536x2048.png 1536w, https:\/\/fguhimmerland.dk\/wp-content\/uploads\/2024\/04\/Louise-1125x1500.png 1125w, https:\/\/fguhimmerland.dk\/wp-content\/uploads\/2024\/04\/Louise-529x705.png 529w, https:\/\/fguhimmerland.dk\/wp-content\/uploads\/2024\/04\/Louise-450x600.png 450w, https:\/\/fguhimmerland.dk\/wp-content\/uploads\/2024\/04\/Louise-600x800.png 600w\" sizes=\"(max-width: 3000px) 100vw, 3000px\" \/><\/div><h3 class='team-member-name '  itemprop=\"name\" >Louise Kj\u00e6rsig<\/h3><div class='team-member-job-title '  itemprop=\"jobTitle\" >EGU-vejleder, Aars<\/div><div class='team-member-description '  itemprop=\"description\" ><p>98 52 72 85<br \/>\nlik@fguhimmerland.dk<\/p>\n<\/div><span class='hidden team-member-affiliation'  itemprop=\"affiliation\" >FGU Himmerland<\/span><\/section><\/div><div  class='flex_column av-3lrqe2-77a1355a6a73204010b9d38a99bd3377 av_one_fifth  avia-builder-el-21  el_after_av_one_fifth  el_before_av_section  avia-builder-el-last  flex_column_div  column-top-margin'     ><\/div>\n<\/div><\/div><\/div><!-- close content main div --><\/div><\/div><div id='av_section_2'  class='avia-section av-382z6y-2ca95622d8c2133e02668d548669675d main_color avia-section-default avia-no-border-styling  avia-builder-el-22  el_after_av_one_fifth  avia-builder-el-last  avia-bg-style-scroll container_wrap fullsize'  ><div class='container av-section-cont-open' ><div class='template-page content  av-content-full alpha units'><div class='post-entry post-entry-type-page post-entry-4378'><div class='entry-content-wrapper clearfix'>\n","protected":false},"excerpt":{"rendered":"EGUERHVERVSGRUNDUDDANNELSE Erhvervsgrunduddannelsen er: et fedt, fantastisk og alternativt uddannelsestilbud! til den unge, som gerne vil i virksomhedspraktik. til den unge, som vil pr\u00f8ve at tjene en rigtig l\u00f8n. til den unge, som gerne vil have konkrete erfaringer og kompetencer som forberedelse til job eller uddannelse. et aftalebaseret forl\u00f8b, der veksler mellem skoleforl\u00f8b og praktik i [...]","protected":false},"author":11,"featured_media":0,"parent":0,"menu_order":0,"comment_status":"closed","ping_status":"closed","template":"","meta":{"_monsterinsights_skip_tracking":false,"_monsterinsights_sitenote_active":false,"_monsterinsights_sitenote_note":"","_monsterinsights_sitenote_category":0,"footnotes":""},"class_list":["post-4378","page","type-page","status-publish","hentry"],"jetpack_sharing_enabled":true,"_links":{"self":[{"href":"https:\/\/fguhimmerland.dk\/index.php\/wp-json\/wp\/v2\/pages\/4378","targetHints":{"allow":["GET"]}}],"collection":[{"href":"https:\/\/fguhimmerland.dk\/index.php\/wp-json\/wp\/v2\/pages"}],"about":[{"href":"https:\/\/fguhimmerland.dk\/index.php\/wp-json\/wp\/v2\/types\/page"}],"author":[{"embeddable":true,"href":"https:\/\/fguhimmerland.dk\/index.php\/wp-json\/wp\/v2\/users\/11"}],"replies":[{"embeddable":true,"href":"https:\/\/fguhimmerland.dk\/index.php\/wp-json\/wp\/v2\/comments?post=4378"}],"version-history":[{"count":28,"href":"https:\/\/fguhimmerland.dk\/index.php\/wp-json\/wp\/v2\/pages\/4378\/revisions"}],"predecessor-version":[{"id":8327,"href":"https:\/\/fguhimmerland.dk\/index.php\/wp-json\/wp\/v2\/pages\/4378\/revisions\/8327"}],"wp:attachment":[{"href":"https:\/\/fguhimmerland.dk\/index.php\/wp-json\/wp\/v2\/media?parent=4378"}],"curies":[{"name":"wp","href":"https:\/\/api.w.org\/{rel}","templated":true}]}}