{"id":429,"date":"2020-06-11T06:54:53","date_gmt":"2020-06-11T06:54:53","guid":{"rendered":"http:\/\/www.altfguhimmerland.dk\/?page_id=429"},"modified":"2020-11-24T08:46:13","modified_gmt":"2020-11-24T07:46:13","slug":"ayy-lmao","status":"publish","type":"page","link":"https:\/\/fguhimmerland.dk\/index.php\/ayy-lmao\/","title":{"rendered":"Teknologiforst\u00e5else"},"content":{"rendered":"\n<p class=\"has-text-align-center has-very-dark-gray-color has-text-color has-medium-font-size\"><strong>Hvad er teknologiforst\u00e5else<\/strong>?<\/p>\n\n\n\n<div class=\"wp-block-group\"><div class=\"wp-block-group__inner-container is-layout-flow wp-block-group-is-layout-flow\">\n<p class=\"has-text-align-center\">Teknologiforst\u00e5else er en essentiel komponent i det moderne menneskes dannelse.<br>Det handler ikke om at mestre individuelle teknologier og produkter, men om at l\u00e6re<br>og forst\u00e5, hvordan vi kan og b\u00f8r navigere i et samfund, der i tiltagende grad bliver digitaliseret.<br>Vi skal l\u00e6re, hvad der er muligt med teknologien, men ogs\u00e5 hvad den har af begr\u00e6nsninger,<br>og hvilke udfordringer og faldgruber dens brug medf\u00f8rer.<\/p>\n<\/div><\/div>\n\n\n\n<hr class=\"wp-block-separator has-text-color has-background is-style-dots\" style=\"background-color:#ffffff;color:#ffffff\"\/>\n\n\n\n<hr class=\"wp-block-separator has-text-color has-background is-style-dots\" style=\"background-color:#ffffff;color:#ffffff\"\/>\n\n\n\n<p class=\"has-text-align-center has-very-dark-gray-color has-text-color has-medium-font-size\"><strong>Hvad arbejder vi med<\/strong>?<\/p>\n\n\n\n<p class=\"has-text-align-center\">Vi arbejder med en r\u00e6kke af Systime opgaver der giver en st\u00e6rk grundviden inden for teknologiforst\u00e5else,<br>derefter bliver eleverne introduceret en lille pr\u00f8ve hver uge der styrker og opretholder den nye viden eleverne.<br>Emnet vil variere mellem alting fra hvordan man bruger Excel til at holde styr p\u00e5 sit m\u00e5nedlige overskud,<br>til hvad processen i virkeligheden er n\u00e5r man trykker p\u00e5 et link.<\/p>\n\n\n\n<hr class=\"wp-block-separator has-text-color has-background is-style-dots\" style=\"background-color:#ffffff;color:#ffffff\"\/>\n\n\n\n<div class=\"wp-block-image\"><figure class=\"aligncenter\"><img decoding=\"async\" src=\"https:\/\/images.unsplash.com\/photo-1483478550801-ceba5fe50e8e?ixlib=rb-1.2.1&amp;ixid=eyJhcHBfaWQiOjEyMDd9&amp;auto=format&amp;fit=crop&amp;w=1000&amp;q=80\" alt=\"person holding smartphone\"\/><\/figure><\/div>\n\n\n\n<hr class=\"wp-block-separator has-text-color has-background is-style-dots\" style=\"background-color:#ffffff;color:#ffffff\"\/>\n\n\n\n<p class=\"has-text-align-center has-very-dark-gray-color has-text-color has-medium-font-size\"><strong>F\u00f8lgene emner vil blive ber\u00f8rt inden for teknologiforst\u00e5else<\/strong><\/p>\n\n\n\n<hr class=\"wp-block-separator has-text-color has-background\" style=\"background-color:#ffffff;color:#ffffff\"\/>\n\n\n\n<p class=\"has-text-align-center has-vivid-cyan-blue-color has-text-color\"><a href=\"http:\/\/www.altfguhimmerland.dk\/index.php\/internet\/\">Internet<\/a><\/p>\n\n\n\n<p class=\"has-text-align-center has-vivid-cyan-blue-color has-text-color\"><a href=\"http:\/\/www.altfguhimmerland.dk\/index.php\/sikkerhed\/\">Sikkerhed<\/a><\/p>\n\n\n\n<p class=\"has-text-align-center has-vivid-cyan-blue-color has-text-color\"><a href=\"http:\/\/www.altfguhimmerland.dk\/index.php\/programmering-2\/\">Programmering<\/a><\/p>\n\n\n\n<p class=\"has-text-align-center has-vivid-cyan-blue-color has-text-color\"><a href=\"http:\/\/www.altfguhimmerland.dk\/index.php\/regneark\/\">Regneark<\/a><\/p>\n\n\n\n<p class=\"has-text-align-center has-very-dark-gray-color has-text-color\">Opret Google-konto<\/p>\n\n\n\n<p class=\"has-text-align-center has-very-dark-gray-color has-text-color\">Mail<\/p>\n\n\n\n<p class=\"has-text-align-center has-black-color has-text-color\">Tekstbehandling<\/p>\n\n\n\n<p class=\"has-text-align-center has-black-color has-text-color\">Filh\u00e5ndtering<\/p>\n\n\n\n<p><\/p>\n","protected":false},"excerpt":{"rendered":"<p>Hvad er teknologiforst\u00e5else? Teknologiforst\u00e5else er en essentiel komponent i det moderne menneskes dannelse.Det handler ikke om at mestre individuelle teknologier og produkter, men om at l\u00e6reog forst\u00e5, hvordan vi kan og b\u00f8r navigere i et samfund, der i tiltagende grad bliver digitaliseret.Vi skal l\u00e6re, hvad der er muligt med teknologien, men ogs\u00e5 hvad den har [&hellip;]<\/p>\n","protected":false},"author":9,"featured_media":0,"parent":0,"menu_order":0,"comment_status":"closed","ping_status":"closed","template":"","meta":{"_monsterinsights_skip_tracking":false,"_monsterinsights_sitenote_active":false,"_monsterinsights_sitenote_note":"","_monsterinsights_sitenote_category":0,"footnotes":""},"class_list":["post-429","page","type-page","status-publish","hentry"],"jetpack_sharing_enabled":true,"_links":{"self":[{"href":"https:\/\/fguhimmerland.dk\/index.php\/wp-json\/wp\/v2\/pages\/429","targetHints":{"allow":["GET"]}}],"collection":[{"href":"https:\/\/fguhimmerland.dk\/index.php\/wp-json\/wp\/v2\/pages"}],"about":[{"href":"https:\/\/fguhimmerland.dk\/index.php\/wp-json\/wp\/v2\/types\/page"}],"author":[{"embeddable":true,"href":"https:\/\/fguhimmerland.dk\/index.php\/wp-json\/wp\/v2\/users\/9"}],"replies":[{"embeddable":true,"href":"https:\/\/fguhimmerland.dk\/index.php\/wp-json\/wp\/v2\/comments?post=429"}],"version-history":[{"count":33,"href":"https:\/\/fguhimmerland.dk\/index.php\/wp-json\/wp\/v2\/pages\/429\/revisions"}],"predecessor-version":[{"id":7367,"href":"https:\/\/fguhimmerland.dk\/index.php\/wp-json\/wp\/v2\/pages\/429\/revisions\/7367"}],"wp:attachment":[{"href":"https:\/\/fguhimmerland.dk\/index.php\/wp-json\/wp\/v2\/media?parent=429"}],"curies":[{"name":"wp","href":"https:\/\/api.w.org\/{rel}","templated":true}]}}