{"id":3736,"date":"2021-05-11T08:45:59","date_gmt":"2021-05-11T06:45:59","guid":{"rendered":"https:\/\/fguhimmerland.dk\/?page_id=3736"},"modified":"2024-02-29T13:54:59","modified_gmt":"2024-02-29T12:54:59","slug":"ordensreglement","status":"publish","type":"page","link":"https:\/\/fguhimmerland.dk\/index.php\/ordensreglement\/","title":{"rendered":"Ordens- og samv\u00e6rsregler"},"content":{"rendered":"\n<style type=\"text\/css\" data-created_by=\"avia_inline_auto\" id=\"style-css-av-lt77rw07-756679ac288a75af9da76d41e4d2ce83\">\n.avia-section.av-lt77rw07-756679ac288a75af9da76d41e4d2ce83{\nbackground-repeat:no-repeat;\nbackground-image:url(https:\/\/fguhimmerland.dk\/wp-content\/uploads\/2023\/09\/Orden.png);\nbackground-position:50% 50%;\nbackground-attachment:scroll;\n}\n<\/style>\n<div id='av_section_1'  class='avia-section av-lt77rw07-756679ac288a75af9da76d41e4d2ce83 main_color avia-section-default avia-no-border-styling  avia-builder-el-0  el_before_av_two_third  avia-builder-el-first  avia-full-stretch avia-bg-style-scroll av-minimum-height av-minimum-height-50 av-height-50  container_wrap fullsize'  data-section-bg-repeat='stretch' data-av_minimum_height_pc='50' data-av_min_height_opt='50'><div class='container av-section-cont-open' ><main  role=\"main\" itemprop=\"mainContentOfPage\"  class='template-page content  av-content-full alpha units'><div class='post-entry post-entry-type-page post-entry-3736'><div class='entry-content-wrapper clearfix'>\n\n<style type=\"text\/css\" data-created_by=\"avia_inline_auto\" id=\"style-css-av-lt77s6r0-56c669eef044d81c59a9b01a944fbd8f\">\n#top .av-special-heading.av-lt77s6r0-56c669eef044d81c59a9b01a944fbd8f{\npadding-bottom:10px;\ncolor:#ffffff;\nfont-size:80px;\n}\nbody .av-special-heading.av-lt77s6r0-56c669eef044d81c59a9b01a944fbd8f .av-special-heading-tag .heading-char{\nfont-size:25px;\n}\n#top #wrap_all .av-special-heading.av-lt77s6r0-56c669eef044d81c59a9b01a944fbd8f .av-special-heading-tag{\nfont-size:80px;\n}\n.av-special-heading.av-lt77s6r0-56c669eef044d81c59a9b01a944fbd8f .special-heading-inner-border{\nborder-color:rgba(0,0,0,0.01);\n}\n.av-special-heading.av-lt77s6r0-56c669eef044d81c59a9b01a944fbd8f .av-subheading{\nfont-size:15px;\n}\nbody .av-special-heading.av-lt77s6r0-56c669eef044d81c59a9b01a944fbd8f .av-special-heading-tag .heading-wrap:before{\nborder-color:rgba(0,0,0,0.01);\n}\nbody .av-special-heading.av-lt77s6r0-56c669eef044d81c59a9b01a944fbd8f .av-special-heading-tag .heading-wrap:after{\nborder-color:rgba(0,0,0,0.01);\n}\n\n@media only screen and (min-width: 480px) and (max-width: 767px){ \n#top #wrap_all .av-special-heading.av-lt77s6r0-56c669eef044d81c59a9b01a944fbd8f .av-special-heading-tag{\nfont-size:0.8em;\n}\n}\n\n@media only screen and (max-width: 479px){ \n#top #wrap_all .av-special-heading.av-lt77s6r0-56c669eef044d81c59a9b01a944fbd8f .av-special-heading-tag{\nfont-size:0.8em;\n}\n}\n<\/style>\n<div  class='av-special-heading av-lt77s6r0-56c669eef044d81c59a9b01a944fbd8f av-special-heading-h1 custom-color-heading blockquote elegant-quote elegant-centered  avia-builder-el-1  avia-builder-el-no-sibling  av-inherit-size'><h1 class='av-special-heading-tag '  itemprop=\"headline\"  ><span class=\"heading-wrap\">ORDENS- OG SAMV\u00c6RSREGLER<\/span><\/h1><div class=\"special-heading-border\"><div class=\"special-heading-inner-border\"><\/div><\/div><\/div>\n<\/div><\/div><\/main><!-- close content main element --><\/div><\/div><div id='after_section_1'  class='main_color av_default_container_wrap container_wrap fullsize'  ><div class='container av-section-cont-open' ><div class='template-page content  av-content-full alpha units'><div class='post-entry post-entry-type-page post-entry-3736'><div class='entry-content-wrapper clearfix'>\n<style type=\"text\/css\" data-created_by=\"avia_inline_auto\" id=\"style-css-av-3h8e9k-87bf26fdf0ca30e901bb0eed5a2c7760\">\n.flex_column.av-3h8e9k-87bf26fdf0ca30e901bb0eed5a2c7760{\nborder-radius:0px 0px 0px 0px;\npadding:0px 0px 0px 0px;\n}\n<\/style>\n<div  class='flex_column av-3h8e9k-87bf26fdf0ca30e901bb0eed5a2c7760 av_two_third  avia-builder-el-2  el_after_av_section  el_before_av_one_third  avia-builder-el-first  first flex_column_div av-zero-column-padding  '     ><section  class='av_textblock_section av-kpwbivpm-f317dee08a4c4bebe537a129d362bae7 '   itemscope=\"itemscope\" itemtype=\"https:\/\/schema.org\/CreativeWork\" ><div class='avia_textblock'  itemprop=\"text\" ><h2><strong>F\u00e5 styr p\u00e5 reglerne<\/strong><\/h2>\n<p>Her kan du l\u00e6se skolens ordens\u2013 og samv\u00e6rsregler. Nogle af reglerne er bestemt af lovgivningen for FGU, og andre har skolen selv valgt, fordi vi synes, det et vigtigt, at vi omg\u00e5s p\u00e5 en ordentlig og respektfuld m\u00e5de, s\u00e5 alle &#8211; b\u00e5de elever og personale &#8211; f\u00e5r mulighed for at v\u00e6re en del af et godt skolef\u00e6llesskab.<\/p>\n<h3><strong>Ramme<\/strong><\/h3>\n<ul>\n<li>Ordens- og samv\u00e6rsreglerne g\u00e6lder selvf\u00f8lgelig p\u00e5 FGU Himmerland i skoletiden, men disse regler g\u00e6lder ogs\u00e5 uden for skolen, herunder i din fritid, hvis din adf\u00e6rd har indflydelse p\u00e5 samv\u00e6ret og trivslen p\u00e5 skolen. Hvis reglerne ikke overholdes, vil der v\u00e6re konsekvenser.<\/li>\n<li>Som skole har FGU Himmerland sk\u00e6rpet underretningspligt ved bekymringer vedr\u00f8rende elever under 18 \u00e5r.<\/li>\n<li>Du vil p\u00e5 skolen m\u00f8de andre unge, som har forskellige foruds\u00e6tninger for at deltage i undervisningen og forskellige m\u00e5l med at g\u00e5 p\u00e5 skolen. F\u00e6lles for jer er, at I er i gang med at skabe fundamentet for jeres fremtid &#8211; det I dr\u00f8mmer om.<\/li>\n<li>Vi vil g\u00f8re alt, hvad vi kan, for at du fagligt, personligt og socialt f\u00e5r et godt udbytte af din tid hos os. Men du har ogs\u00e5 et ansvar for, at vi i f\u00e6llesskab lykkes.<\/li>\n<li>Du skal behandle skolens bygninger, inventar og udstyr (herunder ogs\u00e5 materialer og b\u00f8ger) omhyggeligt og ordentligt.<\/li>\n<\/ul>\n<h3><strong>Aftaler &amp; regler<\/strong><\/h3>\n<ul>\n<li>Du skal ringe til din kontaktl\u00e6rer ved sygdom eller andet lovligt frav\u00e6r. Sygemelding skal ske dagligt ml. kl. 7.45-8.00. Din kontaktl\u00e6rer registrerer fremm\u00f8de elektronisk via Studie+. Evt. ulovligt frav\u00e6r modregnes i skoleydelsen<\/li>\n<li>Du har pligt til at deltage aktivt i arbejdet og undervisning p\u00e5 v\u00e6rkstedet\/holdet, og at du f\u00f8lger de anvisninger, som personalet giver dig. Plagiat og snyd ved pr\u00f8ver accepteres ikke<\/li>\n<li>Du skal aktivt arbejde med m\u00e5lene i din uddannelses\u2013 og forl\u00f8bsplan<\/li>\n<li>Du m\u00e5 kun bruge mobiltelefonen i undervisningen efter aftale med din l\u00e6rer<\/li>\n<li>Tobak\/nikotin, alkohol og andre rusmidler ikke er tilladt i skoletiden eller p\u00e5 skolens omr\u00e5de efter skole.<\/li>\n<li>Du skal anvende arbejdst\u00f8j og sikkerhedsudstyr, n\u00e5r det er p\u00e5kr\u00e6vet<\/li>\n<li>Du m\u00e5 ikke mobbe eller have truende og\/eller respektl\u00f8s adf\u00e6rd, herunder ogs\u00e5 p\u00e5 sociale medier<\/li>\n<\/ul>\n<h3><strong>Hvad sker der, hvis reglerne overtr\u00e6des:<\/strong><\/h3>\n<p>Hvis du overtr\u00e6der reglerne, s\u00e5 siger vi det til dig!<\/p>\n<p>Vi tror p\u00e5, at tydelighed omkring, hvordan vi omg\u00e5s hinanden, er det allervigtigste for at sikre et godt arbejds- og skolemilj\u00f8.<\/p>\n<p>Ved overtr\u00e6delse af skolens samv\u00e6rs\u2013 og ordensregler kan skolens leder give dig en mundtlig eller skriftlig advarsel, herunder udelukke dig fra arrangementer\/undervisning eller bortvisning fra skolen. Skolen kan ogs\u00e5 stille dig \u00f8konomisk til ansvar for skader og \u00f8del\u00e6ggelser, som er forvoldt fors\u00e6tligt eller groft uagtsomt.<\/p>\n<p>Indgivelse af skriftlig klage over lederens afg\u00f8relse om en sanktion skal ske inden for 2 uger. Klagen betyder ikke, at afg\u00f8relsen annulleres, mens der tages stilling til, om klagen er berettiget.<\/p>\n<h3><strong>Politik om opbevaring og behandling af personoplysninger<\/strong><\/h3>\n<p>Vi behandler kun personoplysninger, der er relevante og n\u00f8dvendige til opfyldelse af de angivne form\u00e5l.<\/p>\n<p>Alle medarbejdere p\u00e5 FGU Himmerland har modtaget en instruks, som indeholder de retningslinjer, man som ansat ved FGU Himmerland er ans\u00e6ttelsesretsligt forpligtet til at overholde i forhold til opbevaring og behandling af personoplysninger.<\/p>\n<p>Oplysninger opbevares sikkert og forsvarligt, og kun s\u00e5 l\u00e6nge de er n\u00f8dvendige af hensyn til sagsbehandlingen, eller som lovgivningen p\u00e5l\u00e6gger os.<\/p>\n<h3><strong>Politik om rusmidler<\/strong><\/h3>\n<p>S\u00e5 l\u00e6nge du er i gang med en uddannelse p\u00e5 FGU Himmerland, giver du samtykke til, at vi m\u00e5 teste dig for misbrug af rusmidler.<\/p>\n<p>F\u00e5r vi mistanke om et forbrug af rusmidler, f\u00f8lger vi denne procedure:<\/p>\n<ul>\n<li>Samtale mellem elev og personale<\/li>\n<li>Evt. misbrugstest<\/li>\n<\/ul>\n<p>Hvis der er tale om et misbrug, skal du indg\u00e5 i et behandlingsforl\u00f8b med en behandler, samt give samtykke til, at FGU bliver orienteret om forl\u00f8bet.<\/p>\n<h3><strong>Vedr\u00f8rende samtykke<\/strong><\/h3>\n<p>Hvis du \u00f8nsker at tr\u00e6kke dit samtykke tilbage, sker det ved mail til skoleleder eller ved almindeligt brev med underskrift. Samtykket er en betingelse for at kunne opretholde din uddannelse hos os. Tilbagekaldes samtykket, afbryder du derfor samtidig din uddannelse ved FGU Himmerland.<\/p>\n<p>(Som for\u00e6ldre\/v\u00e6rge til en person under 18 \u00e5r er bekr\u00e6ftelse og samtykke givet p\u00e5 elevens vegne)<\/p>\n<\/div><\/section><\/div>\n<style type=\"text\/css\" data-created_by=\"avia_inline_auto\" id=\"style-css-av-av_one_third-85f61e8b76854e76e4aa4c82c1a2760b\">\n.flex_column.av-av_one_third-85f61e8b76854e76e4aa4c82c1a2760b{\nborder-width:15px;\nborder-color:#f4f3f4;\nborder-style:solid;\npadding:15px 15px 15px 15px;\nbackground-color:#f4f3f4;\n}\n<\/style>\n<div  class='flex_column av-av_one_third-85f61e8b76854e76e4aa4c82c1a2760b av_one_third  avia-builder-el-4  el_after_av_two_third  avia-builder-el-last  flex_column_div  '     ><section  class='av_textblock_section av-lt787lwj-8c978e1715f1d0f12e04e7ac9b9c47cf '   itemscope=\"itemscope\" itemtype=\"https:\/\/schema.org\/CreativeWork\" ><div class='avia_textblock'  itemprop=\"text\" ><h3>Sp\u00f8rgsm\u00e5l?<\/h3>\n<p>Find og kontakt din lokale FGU Himmerland-afdeling, hvis du har sp\u00f8rgsm\u00e5l til vores ordens- og samv\u00e6rsreglement.<\/p>\n<\/div><\/section><br \/>\n\n<style type=\"text\/css\" data-created_by=\"avia_inline_auto\" id=\"style-css-av-lt787yz5-0209b70483cd61a732e644a3cd92b08f\">\n#top .hr.hr-invisible.av-lt787yz5-0209b70483cd61a732e644a3cd92b08f{\nheight:50px;\n}\n<\/style>\n<div  class='hr av-lt787yz5-0209b70483cd61a732e644a3cd92b08f hr-invisible  avia-builder-el-6  el_after_av_textblock  el_before_av_font_icon '><span class='hr-inner '><span class=\"hr-inner-style\"><\/span><\/span><\/div><br \/>\n\n<style type=\"text\/css\" data-created_by=\"avia_inline_auto\" id=\"style-css-av-lt7892q7-896dff22543ff63cf1b3537f0bc619f8\">\n@keyframes av_sonarEffect_av-lt7892q7-896dff22543ff63cf1b3537f0bc619f8 {\n  0% {opacity: 0.3;}\n 40% {opacity: 0.5; box-shadow: 0 0 0 2px rgba(255,255,255,0.1), 0 0 10px 10px #ffffff, 0 0 0 10px rgba(255,255,255,0.5);}\n100% {opacity: 0.5; box-shadow: 0 0 0 2px rgba(255,255,255,0.1), 0 0 10px 10px #ffffff, 0 0 0 10px rgba(255,255,255,0.5); transform: scale(1.1);}\n}\n.av_font_icon.av-lt7892q7-896dff22543ff63cf1b3537f0bc619f8{\ncolor:#0a0001;\nborder-color:#0a0001;\n}\n.avia-svg-icon.av-lt7892q7-896dff22543ff63cf1b3537f0bc619f8 svg:first-child{\nstroke:#0a0001;\nfill:#0a0001;\n}\n.av_font_icon.av-lt7892q7-896dff22543ff63cf1b3537f0bc619f8 .av-icon-char{\nfont-size:50px;\nline-height:50px;\nwidth:50px;\n}\n.av_font_icon.av-lt7892q7-896dff22543ff63cf1b3537f0bc619f8 .av-icon-char:hover{\nanimation:av_sonarEffect_av-lt7892q7-896dff22543ff63cf1b3537f0bc619f8 1s ease-in-out .1s infinite;\n}\n<\/style>\n<span  class='av_font_icon av-lt7892q7-896dff22543ff63cf1b3537f0bc619f8 avia_animate_when_visible av-icon-style-border avia-icon-pos-center avia-iconfont avia-font-entypo-fontello avia-icon-animate avia-sonar-shadow'><a href='https:\/\/fguhimmerland.dk\/index.php\/kontakt-os\/'  target=\"_blank\"  rel=\"noopener noreferrer\"  class='av-icon-char' data-av_icon='\ue881' data-av_iconfont='entypo-fontello' aria-hidden=\"false\" ><\/a><\/span><br \/>\n\n<style type=\"text\/css\" data-created_by=\"avia_inline_auto\" id=\"style-css-av-av_hr-3a876428eececa9d35452247ddb053af\">\n#top .hr.hr-invisible.av-av_hr-3a876428eececa9d35452247ddb053af{\nheight:50px;\n}\n<\/style>\n<div  class='hr av-av_hr-3a876428eececa9d35452247ddb053af hr-invisible  avia-builder-el-8  el_after_av_font_icon  avia-builder-el-last '><span class='hr-inner '><span class=\"hr-inner-style\"><\/span><\/span><\/div><\/div>\n","protected":false},"excerpt":{"rendered":"ORDENS- OG SAMV\u00c6RSREGLER F\u00e5 styr p\u00e5 reglerne Her kan du l\u00e6se skolens ordens\u2013 og samv\u00e6rsregler. Nogle af reglerne er bestemt af lovgivningen for FGU, og andre har skolen selv valgt, fordi vi synes, det et vigtigt, at vi omg\u00e5s p\u00e5 en ordentlig og respektfuld m\u00e5de, s\u00e5 alle - b\u00e5de elever og personale - f\u00e5r mulighed [...]","protected":false},"author":11,"featured_media":0,"parent":0,"menu_order":0,"comment_status":"closed","ping_status":"closed","template":"","meta":{"_monsterinsights_skip_tracking":false,"_monsterinsights_sitenote_active":false,"_monsterinsights_sitenote_note":"","_monsterinsights_sitenote_category":0,"footnotes":""},"class_list":["post-3736","page","type-page","status-publish","hentry"],"jetpack_sharing_enabled":true,"_links":{"self":[{"href":"https:\/\/fguhimmerland.dk\/index.php\/wp-json\/wp\/v2\/pages\/3736","targetHints":{"allow":["GET"]}}],"collection":[{"href":"https:\/\/fguhimmerland.dk\/index.php\/wp-json\/wp\/v2\/pages"}],"about":[{"href":"https:\/\/fguhimmerland.dk\/index.php\/wp-json\/wp\/v2\/types\/page"}],"author":[{"embeddable":true,"href":"https:\/\/fguhimmerland.dk\/index.php\/wp-json\/wp\/v2\/users\/11"}],"replies":[{"embeddable":true,"href":"https:\/\/fguhimmerland.dk\/index.php\/wp-json\/wp\/v2\/comments?post=3736"}],"version-history":[{"count":14,"href":"https:\/\/fguhimmerland.dk\/index.php\/wp-json\/wp\/v2\/pages\/3736\/revisions"}],"predecessor-version":[{"id":7368,"href":"https:\/\/fguhimmerland.dk\/index.php\/wp-json\/wp\/v2\/pages\/3736\/revisions\/7368"}],"wp:attachment":[{"href":"https:\/\/fguhimmerland.dk\/index.php\/wp-json\/wp\/v2\/media?parent=3736"}],"curies":[{"name":"wp","href":"https:\/\/api.w.org\/{rel}","templated":true}]}}