{"id":3733,"date":"2021-05-11T08:45:59","date_gmt":"2021-05-11T06:45:59","guid":{"rendered":"https:\/\/fguhimmerland.dk\/?page_id=3733"},"modified":"2024-09-13T08:11:56","modified_gmt":"2024-09-13T06:11:56","slug":"praktik-og-kombinationsforloeb","status":"publish","type":"page","link":"https:\/\/fguhimmerland.dk\/index.php\/praktik-og-kombinationsforloeb\/","title":{"rendered":"Praktik og kombinationsforl\u00f8b"},"content":{"rendered":"\n<style type=\"text\/css\" data-created_by=\"avia_inline_auto\" id=\"style-css-av-lt72y4bq-6c5fa991861bcaf5edb5298af4aa75b9\">\n.avia-section.av-lt72y4bq-6c5fa991861bcaf5edb5298af4aa75b9{\nbackground-repeat:no-repeat;\nbackground-image:url(https:\/\/fguhimmerland.dk\/wp-content\/uploads\/2023\/09\/praktik.png);\nbackground-position:50% 50%;\nbackground-attachment:scroll;\n}\n<\/style>\n<div id='av_section_1'  class='avia-section av-lt72y4bq-6c5fa991861bcaf5edb5298af4aa75b9 main_color avia-section-default avia-no-border-styling  avia-builder-el-0  el_before_av_two_third  avia-builder-el-first  avia-full-stretch avia-bg-style-scroll av-minimum-height av-minimum-height-50 av-height-50  container_wrap fullsize'  data-section-bg-repeat='stretch' data-av_minimum_height_pc='50' data-av_min_height_opt='50'><div class='container av-section-cont-open' ><main  role=\"main\" itemprop=\"mainContentOfPage\"  class='template-page content  av-content-full alpha units'><div class='post-entry post-entry-type-page post-entry-3733'><div class='entry-content-wrapper clearfix'>\n\n<style type=\"text\/css\" data-created_by=\"avia_inline_auto\" id=\"style-css-av-lt72yfom-2fc04148adf0e6a4c209123e255944df\">\n#top .av-special-heading.av-lt72yfom-2fc04148adf0e6a4c209123e255944df{\npadding-bottom:10px;\ncolor:#ffffff;\nfont-size:80px;\n}\nbody .av-special-heading.av-lt72yfom-2fc04148adf0e6a4c209123e255944df .av-special-heading-tag .heading-char{\nfont-size:25px;\n}\n#top #wrap_all .av-special-heading.av-lt72yfom-2fc04148adf0e6a4c209123e255944df .av-special-heading-tag{\nfont-size:80px;\n}\n.av-special-heading.av-lt72yfom-2fc04148adf0e6a4c209123e255944df .special-heading-inner-border{\nborder-color:rgba(0,0,0,0.01);\n}\n.av-special-heading.av-lt72yfom-2fc04148adf0e6a4c209123e255944df .av-subheading{\nfont-size:15px;\n}\nbody .av-special-heading.av-lt72yfom-2fc04148adf0e6a4c209123e255944df .av-special-heading-tag .heading-wrap:before{\nborder-color:rgba(0,0,0,0.01);\n}\nbody .av-special-heading.av-lt72yfom-2fc04148adf0e6a4c209123e255944df .av-special-heading-tag .heading-wrap:after{\nborder-color:rgba(0,0,0,0.01);\n}\n\n@media only screen and (min-width: 480px) and (max-width: 767px){ \n#top #wrap_all .av-special-heading.av-lt72yfom-2fc04148adf0e6a4c209123e255944df .av-special-heading-tag{\nfont-size:0.8em;\n}\n}\n\n@media only screen and (max-width: 479px){ \n#top #wrap_all .av-special-heading.av-lt72yfom-2fc04148adf0e6a4c209123e255944df .av-special-heading-tag{\nfont-size:0.8em;\n}\n}\n<\/style>\n<div  class='av-special-heading av-lt72yfom-2fc04148adf0e6a4c209123e255944df av-special-heading-h1 custom-color-heading blockquote elegant-quote elegant-centered  avia-builder-el-1  avia-builder-el-no-sibling  av-inherit-size'><h1 class='av-special-heading-tag '  itemprop=\"headline\"  ><span class=\"heading-wrap\">PRAKTIK OG KOMBINATIONSFORL\u00d8B<\/span><\/h1><div class=\"special-heading-border\"><div class=\"special-heading-inner-border\"><\/div><\/div><\/div>\n<\/div><\/div><\/main><!-- close content main element --><\/div><\/div><div id='after_section_1'  class='main_color av_default_container_wrap container_wrap fullsize'  ><div class='container av-section-cont-open' ><div class='template-page content  av-content-full alpha units'><div class='post-entry post-entry-type-page post-entry-3733'><div class='entry-content-wrapper clearfix'>\n\n<style type=\"text\/css\" data-created_by=\"avia_inline_auto\" id=\"style-css-av-4to81h-1fec9a5f3be697dc901c61f2b5d0c85f\">\n.flex_column.av-4to81h-1fec9a5f3be697dc901c61f2b5d0c85f{\nborder-radius:0px 0px 0px 0px;\npadding:0px 0px 0px 0px;\n}\n<\/style>\n<div  class='flex_column av-4to81h-1fec9a5f3be697dc901c61f2b5d0c85f av_two_third  avia-builder-el-2  el_after_av_section  el_before_av_one_third  avia-builder-el-first  first flex_column_div av-zero-column-padding  '     ><section  class='av_textblock_section av-kpwb85t5-e72271d16238d400adba6d1bf4e245b1 '   itemscope=\"itemscope\" itemtype=\"https:\/\/schema.org\/CreativeWork\" ><div class='avia_textblock'  itemprop=\"text\" ><h1>Bliv klogere p\u00e5 job og uddannelse<\/h1>\n<p>FGU Himmerland arbejder for, at alle vores elever f\u00e5r mulighed for at stifte bekendtskab med forskellige uddannelser og arbejdsmarkedet.<\/p>\n<p>Vi har derfor en lang r\u00e6kke tilbud til vores elever, der skal hj\u00e6lpe dem med at blive klogere p\u00e5 deres fremtidsmuligheder, hvad enten det handler om uddannelser eller job.<\/p>\n<p>Som elev hos os har du derfor mulighed for at komme i praktik hos diverse firmaer eller virksomheder eller pr\u00f8ve kr\u00e6fter med erhvervsuddannelser gennem vores kombinationsforl\u00f8b.<\/p>\n<p>Her p\u00e5 siden kan du l\u00e6se mere om, hvad de forskellige tilbud indeb\u00e6rer.<\/p>\n<\/div><\/section><br \/>\n<section  class='av_textblock_section av-kt2n4vnl-0d46257ed816483000331adfd838370e '   itemscope=\"itemscope\" itemtype=\"https:\/\/schema.org\/CreativeWork\" ><div class='avia_textblock'  itemprop=\"text\" ><h3>Praktik \/ erhvervstr\u00e6ning<\/h3>\n<p>Hvis du er interesseret i at pr\u00f8ve kr\u00e6fter med arbejdsmarkedet for at finde ud af, hvad du kunne t\u00e6nke dig at besk\u00e6ftige dig med i fremtiden, s\u00e5 kan du overveje et praktikforl\u00f8b &#8211; ogs\u00e5 kaldet erhvervstr\u00e6ning.<\/p>\n<p>Som elev hos FGU Himmerland har du mulighed for at komme i praktik 3 * 4 uger (dvs. i alt 12 uger pr. p\u00e5begyndt skole\u00e5r). Vi har en lang r\u00e6kke samarbejdspartnere og kontakter inden for mange forskellige brancher, s\u00e5 vi skal nok kunne finde noget til dig.<\/p>\n<p>Tal med din vejleder eller kontaktl\u00e6rer om dine muligheder for at komme i praktik.<\/p>\n<div class=\"su-spacer\" style=\"height:10px\"><\/div>\n<h3>Kombinationsforl\u00f8b<\/h3>\n<p>Som elev har du desuden ogs\u00e5 mulighed for at pr\u00f8ve kr\u00e6fter med ungdomsuddannelser, f.eks. en erhvervsuddannelse, gennem vores kombinationsforl\u00f8b.<\/p>\n<p>Gennem et kombinationsforl\u00f8b kan du i op til 5 uger f\u00e5 en virkelighedsn\u00e6r mulighed for at stifte bekendtskab med forskellige uddannelser og m\u00e5ske blive afklaret i forhold til dine fremtidige uddannelsesmuligheder.<\/p>\n<p>Hvis du er interesseret i et kombinationsforl\u00f8b, kan du enten kontakte vejlederne eller din kontaktl\u00e6rer p\u00e5 din skole for at h\u00f8re mere om dine muligheder<\/p>\n<\/div><\/section><\/div>\n<style type=\"text\/css\" data-created_by=\"avia_inline_auto\" id=\"style-css-av-296yn9-f062d93e9d37958b1007c83dc09181ee\">\n.flex_column.av-296yn9-f062d93e9d37958b1007c83dc09181ee{\nborder-width:15px;\nborder-color:#f4f3f4;\nborder-style:solid;\npadding:15px 15px 15px 15px;\nbackground-color:#f4f3f4;\n}\n<\/style>\n<div  class='flex_column av-296yn9-f062d93e9d37958b1007c83dc09181ee av_one_third  avia-builder-el-5  el_after_av_two_third  avia-builder-el-last  flex_column_div  '     ><section  class='av_textblock_section av-lt73j14u-2fcc4a9561e19ff42ba9cc99ccf57d83 '   itemscope=\"itemscope\" itemtype=\"https:\/\/schema.org\/CreativeWork\" ><div class='avia_textblock'  itemprop=\"text\" ><h3>Tjek dine muligheder<\/h3>\n<p>Bes\u00f8g nedenst\u00e5ende sider for at unders\u00f8ge muligheder ift. job og uddannelse.<\/p>\n<\/div><\/section><br \/>\n<div  class='avia-icon-list-container av-lt73w0c4-b2244fa104c05abbe29f5c5930b96729  avia-builder-el-7  el_after_av_textblock  avia-builder-el-last '><ul class='avia-icon-list avia_animate_when_almost_visible avia-icon-list-left av-iconlist-small av-lt73w0c4-b2244fa104c05abbe29f5c5930b96729 avia-iconlist-animate'>\n<li><div class='iconlist_icon av-lt73oht7-67d3f7fdb35fa97471221023a83ab537 avia-font-entypo-fontello avia-iconfont avia-font-entypo-fontello'><span class='av-icon-char' data-av_icon='\ue871' data-av_iconfont='entypo-fontello' aria-hidden=\"true\"><\/span><\/div><article class=\"article-icon-entry av-iconlist-empty\"  itemscope=\"itemscope\" itemtype=\"https:\/\/schema.org\/CreativeWork\" ><div class=\"iconlist_content_wrap\"><header class=\"entry-content-header\" aria-label=\"Icon: &lt;a href=&#039;https:\/\/www.jobindex.dk\/jobsoegning?q=ufagl%C3%A6rt&amp;ref=google-sgty&#039; title=&#039;Jobindex&#039; target=&quot;_blank&quot;  rel=&quot;noopener noreferrer&quot;&gt;Jobindex&lt;\/a&gt;\"><p class='av_iconlist_title iconlist_title_small  '  itemprop=\"headline\" ><a href='https:\/\/www.jobindex.dk\/jobsoegning?q=ufagl%C3%A6rt&amp;ref=google-sgty' title='Jobindex' target=\"_blank\"  rel=\"noopener noreferrer\">Jobindex<\/a><\/p><\/header><div class='iconlist_content '  itemprop=\"text\" ><\/div><\/div><footer class=\"entry-footer\"><\/footer><\/article><div class=\"iconlist-timeline\"><\/div><\/li>\n<li><div class='iconlist_icon av-lt73ryzw-7643df42957c5df854db57ecc17bdc58 avia-font-entypo-fontello avia-iconfont avia-font-entypo-fontello'><span class='av-icon-char' data-av_icon='\ue871' data-av_iconfont='entypo-fontello' aria-hidden=\"true\"><\/span><\/div><article class=\"article-icon-entry av-iconlist-empty\"  itemscope=\"itemscope\" itemtype=\"https:\/\/schema.org\/CreativeWork\" ><div class=\"iconlist_content_wrap\"><header class=\"entry-content-header\" aria-label=\"Icon: &lt;a href=&#039;https:\/\/www.ungarbejde.dk\/&#039; title=&#039;Ungarbejde.dk&#039; target=&quot;_blank&quot;  rel=&quot;noopener noreferrer&quot;&gt;Ungarbejde.dk&lt;\/a&gt;\"><p class='av_iconlist_title iconlist_title_small  '  itemprop=\"headline\" ><a href='https:\/\/www.ungarbejde.dk\/' title='Ungarbejde.dk' target=\"_blank\"  rel=\"noopener noreferrer\">Ungarbejde.dk<\/a><\/p><\/header><div class='iconlist_content '  itemprop=\"text\" ><\/div><\/div><footer class=\"entry-footer\"><\/footer><\/article><div class=\"iconlist-timeline\"><\/div><\/li>\n<li><div class='iconlist_icon av-lt73nac0-e50e9fd11302ea1018a06638b8a713f8 avia-font-entypo-fontello avia-iconfont avia-font-entypo-fontello'><span class='av-icon-char' data-av_icon='\ue871' data-av_iconfont='entypo-fontello' aria-hidden=\"true\"><\/span><\/div><article class=\"article-icon-entry av-iconlist-empty\"  itemscope=\"itemscope\" itemtype=\"https:\/\/schema.org\/CreativeWork\" ><div class=\"iconlist_content_wrap\"><header class=\"entry-content-header\" aria-label=\"Icon: &lt;a href=&#039;https:\/\/www.ug.dk\/6til10klasse&#039; title=&#039;Uddannelsesguide&#039; target=&quot;_blank&quot;  rel=&quot;noopener noreferrer&quot;&gt;Uddannelsesguide&lt;\/a&gt;\"><p class='av_iconlist_title iconlist_title_small  '  itemprop=\"headline\" ><a href='https:\/\/www.ug.dk\/6til10klasse' title='Uddannelsesguide' target=\"_blank\"  rel=\"noopener noreferrer\">Uddannelsesguide<\/a><\/p><\/header><div class='iconlist_content '  itemprop=\"text\" ><\/div><\/div><footer class=\"entry-footer\"><\/footer><\/article><div class=\"iconlist-timeline\"><\/div><\/li>\n<li><div class='iconlist_icon av-lt73vfg4-dc07d72daa98ee86259b4aa3c5c6229c avia-font-entypo-fontello avia-iconfont avia-font-entypo-fontello'><span class='av-icon-char' data-av_icon='\ue871' data-av_iconfont='entypo-fontello' aria-hidden=\"true\"><\/span><\/div><article class=\"article-icon-entry av-iconlist-empty\"  itemscope=\"itemscope\" itemtype=\"https:\/\/schema.org\/CreativeWork\" ><div class=\"iconlist_content_wrap\"><header class=\"entry-content-header\" aria-label=\"Icon: &lt;a href=&#039;https:\/\/emu.dk\/eud\/uddannelsesoversigt&#039; title=&#039;Uddannelsesoversigt&#039; target=&quot;_blank&quot;  rel=&quot;noopener noreferrer&quot;&gt;Uddannelsesoversigt&lt;\/a&gt;\"><p class='av_iconlist_title iconlist_title_small  '  itemprop=\"headline\" ><a href='https:\/\/emu.dk\/eud\/uddannelsesoversigt' title='Uddannelsesoversigt' target=\"_blank\"  rel=\"noopener noreferrer\">Uddannelsesoversigt<\/a><\/p><\/header><div class='iconlist_content '  itemprop=\"text\" ><\/div><\/div><footer class=\"entry-footer\"><\/footer><\/article><div class=\"iconlist-timeline\"><\/div><\/li>\n<\/ul><\/div><\/div>\n","protected":false},"excerpt":{"rendered":"PRAKTIK OG KOMBINATIONSFORL\u00d8B Bliv klogere p\u00e5 job og uddannelse FGU Himmerland arbejder for, at alle vores elever f\u00e5r mulighed for at stifte bekendtskab med forskellige uddannelser og arbejdsmarkedet. Vi har derfor en lang r\u00e6kke tilbud til vores elever, der skal hj\u00e6lpe dem med at blive klogere p\u00e5 deres fremtidsmuligheder, hvad enten det handler om uddannelser [...]","protected":false},"author":11,"featured_media":0,"parent":0,"menu_order":0,"comment_status":"closed","ping_status":"closed","template":"","meta":{"_monsterinsights_skip_tracking":false,"_monsterinsights_sitenote_active":false,"_monsterinsights_sitenote_note":"","_monsterinsights_sitenote_category":0,"footnotes":""},"class_list":["post-3733","page","type-page","status-publish","hentry"],"jetpack_sharing_enabled":true,"_links":{"self":[{"href":"https:\/\/fguhimmerland.dk\/index.php\/wp-json\/wp\/v2\/pages\/3733","targetHints":{"allow":["GET"]}}],"collection":[{"href":"https:\/\/fguhimmerland.dk\/index.php\/wp-json\/wp\/v2\/pages"}],"about":[{"href":"https:\/\/fguhimmerland.dk\/index.php\/wp-json\/wp\/v2\/types\/page"}],"author":[{"embeddable":true,"href":"https:\/\/fguhimmerland.dk\/index.php\/wp-json\/wp\/v2\/users\/11"}],"replies":[{"embeddable":true,"href":"https:\/\/fguhimmerland.dk\/index.php\/wp-json\/wp\/v2\/comments?post=3733"}],"version-history":[{"count":14,"href":"https:\/\/fguhimmerland.dk\/index.php\/wp-json\/wp\/v2\/pages\/3733\/revisions"}],"predecessor-version":[{"id":8018,"href":"https:\/\/fguhimmerland.dk\/index.php\/wp-json\/wp\/v2\/pages\/3733\/revisions\/8018"}],"wp:attachment":[{"href":"https:\/\/fguhimmerland.dk\/index.php\/wp-json\/wp\/v2\/media?parent=3733"}],"curies":[{"name":"wp","href":"https:\/\/api.w.org\/{rel}","templated":true}]}}