{"id":3731,"date":"2021-05-11T08:45:59","date_gmt":"2021-05-11T06:45:59","guid":{"rendered":"https:\/\/fguhimmerland.dk\/?page_id=3731"},"modified":"2024-02-29T11:15:54","modified_gmt":"2024-02-29T10:15:54","slug":"elevraadet","status":"publish","type":"page","link":"https:\/\/fguhimmerland.dk\/index.php\/elevraadet\/","title":{"rendered":"Elevr\u00e5det"},"content":{"rendered":"\n<style type=\"text\/css\" data-created_by=\"avia_inline_auto\" id=\"style-css-av-lt72bsz5-a802b87f060e7ebbb50f1bef37f44c83\">\n.avia-section.av-lt72bsz5-a802b87f060e7ebbb50f1bef37f44c83{\nbackground-repeat:no-repeat;\nbackground-image:url(https:\/\/fguhimmerland.dk\/wp-content\/uploads\/2023\/09\/Elevraad.png);\nbackground-position:50% 50%;\nbackground-attachment:scroll;\n}\n<\/style>\n<div id='av_section_1'  class='avia-section av-lt72bsz5-a802b87f060e7ebbb50f1bef37f44c83 main_color avia-section-default avia-no-border-styling  avia-builder-el-0  el_before_av_two_third  avia-builder-el-first  avia-full-stretch avia-bg-style-scroll av-minimum-height av-minimum-height-50 av-height-50  container_wrap fullsize'  data-section-bg-repeat='stretch' data-av_minimum_height_pc='50' data-av_min_height_opt='50'><div class='container av-section-cont-open' ><main  role=\"main\" itemprop=\"mainContentOfPage\"  class='template-page content  av-content-full alpha units'><div class='post-entry post-entry-type-page post-entry-3731'><div class='entry-content-wrapper clearfix'>\n\n<style type=\"text\/css\" data-created_by=\"avia_inline_auto\" id=\"style-css-av-lt72bzls-7e92c5ebe8c163e4b65e932f7ff650d3\">\n#top .av-special-heading.av-lt72bzls-7e92c5ebe8c163e4b65e932f7ff650d3{\npadding-bottom:10px;\ncolor:#ffffff;\nfont-size:80px;\n}\nbody .av-special-heading.av-lt72bzls-7e92c5ebe8c163e4b65e932f7ff650d3 .av-special-heading-tag .heading-char{\nfont-size:25px;\n}\n#top #wrap_all .av-special-heading.av-lt72bzls-7e92c5ebe8c163e4b65e932f7ff650d3 .av-special-heading-tag{\nfont-size:80px;\n}\n.av-special-heading.av-lt72bzls-7e92c5ebe8c163e4b65e932f7ff650d3 .special-heading-inner-border{\nborder-color:rgba(0,0,0,0.01);\n}\n.av-special-heading.av-lt72bzls-7e92c5ebe8c163e4b65e932f7ff650d3 .av-subheading{\nfont-size:15px;\n}\nbody .av-special-heading.av-lt72bzls-7e92c5ebe8c163e4b65e932f7ff650d3 .av-special-heading-tag .heading-wrap:before{\nborder-color:rgba(0,0,0,0.01);\n}\nbody .av-special-heading.av-lt72bzls-7e92c5ebe8c163e4b65e932f7ff650d3 .av-special-heading-tag .heading-wrap:after{\nborder-color:rgba(0,0,0,0.01);\n}\n\n@media only screen and (min-width: 480px) and (max-width: 767px){ \n#top #wrap_all .av-special-heading.av-lt72bzls-7e92c5ebe8c163e4b65e932f7ff650d3 .av-special-heading-tag{\nfont-size:0.8em;\n}\n}\n\n@media only screen and (max-width: 479px){ \n#top #wrap_all .av-special-heading.av-lt72bzls-7e92c5ebe8c163e4b65e932f7ff650d3 .av-special-heading-tag{\nfont-size:0.8em;\n}\n}\n<\/style>\n<div  class='av-special-heading av-lt72bzls-7e92c5ebe8c163e4b65e932f7ff650d3 av-special-heading-h1 custom-color-heading blockquote elegant-quote elegant-centered  avia-builder-el-1  avia-builder-el-no-sibling  av-inherit-size'><h1 class='av-special-heading-tag '  itemprop=\"headline\"  ><span class=\"heading-wrap\">ELEVR\u00c5DET<\/span><\/h1><div class=\"special-heading-border\"><div class=\"special-heading-inner-border\"><\/div><\/div><\/div>\n<\/div><\/div><\/main><!-- close content main element --><\/div><\/div><div id='after_section_1'  class='main_color av_default_container_wrap container_wrap fullsize'  ><div class='container av-section-cont-open' ><div class='template-page content  av-content-full alpha units'><div class='post-entry post-entry-type-page post-entry-3731'><div class='entry-content-wrapper clearfix'>\n<style type=\"text\/css\" data-created_by=\"avia_inline_auto\" id=\"style-css-av-3y7903-527e1d0faa23b95c087bc6d653a40592\">\n.flex_column.av-3y7903-527e1d0faa23b95c087bc6d653a40592{\nborder-radius:0px 0px 0px 0px;\npadding:0px 0px 0px 0px;\n}\n<\/style>\n<div  class='flex_column av-3y7903-527e1d0faa23b95c087bc6d653a40592 av_two_third  avia-builder-el-2  el_after_av_section  el_before_av_one_third  avia-builder-el-first  first flex_column_div av-zero-column-padding  '     ><section  class='av_textblock_section av-kpwb4zvm-0deb477108a42a42bfd40e637d591ef9 '   itemscope=\"itemscope\" itemtype=\"https:\/\/schema.org\/CreativeWork\" ><div class='avia_textblock'  itemprop=\"text\" ><h2>Elever skal ogs\u00e5 have medbestemmelse<\/h2>\n<p>Hos FGU Himmerland g\u00e5r vi op i, at vores elever ogs\u00e5 har mulighed for at have medbestemmelse i forhold til deres hverdag og skolegang.<br \/>\nDerfor har vi p\u00e5 alle vores afdelinger etableret et elevr\u00e5d.<\/p>\n<p>Det er elevr\u00e5dets opgave at v\u00e6re taler\u00f8r for dig og dine skolekammerater, s\u00e5 du kan have indflydelse p\u00e5, hvad der sker p\u00e5 din skole. Derfor best\u00e5r elevr\u00e5det af elever fra hvert enkelt spor p\u00e5 FGU Himmerland, s\u00e5 alle f\u00e5 en stemme.<\/p>\n<p>Hvis du har id\u00e9er eller forslag til forbedringer eller \u00e6ndringer i hverdagen, s\u00e5 kontakt din elevr\u00e5dsrepr\u00e6sentant p\u00e5 holdet. Hvis du er i tvivl om, hvem der sidder i elevr\u00e5det p\u00e5 dit hold, s\u00e5 sp\u00f8rg din kontaktl\u00e6rer.<\/p>\n<\/div><\/section><\/div>\n<style type=\"text\/css\" data-created_by=\"avia_inline_auto\" id=\"style-css-av-av_one_third-85f61e8b76854e76e4aa4c82c1a2760b\">\n.flex_column.av-av_one_third-85f61e8b76854e76e4aa4c82c1a2760b{\nborder-width:15px;\nborder-color:#f4f3f4;\nborder-style:solid;\npadding:15px 15px 15px 15px;\nbackground-color:#f4f3f4;\n}\n<\/style>\n<div  class='flex_column av-av_one_third-85f61e8b76854e76e4aa4c82c1a2760b av_one_third  avia-builder-el-4  el_after_av_two_third  avia-builder-el-last  flex_column_div  '     ><section  class='av_textblock_section av-lt72k49m-043bbe339a974fc47d45c3ba89ee6d1c '   itemscope=\"itemscope\" itemtype=\"https:\/\/schema.org\/CreativeWork\" ><div class='avia_textblock'  itemprop=\"text\" ><h3>Samarbejde<\/h3>\n<p>FGU Himmerland samarbejder med foreningen Modstr\u00f8m om elevr\u00e5dsarbejdet.<\/p>\n<p>L\u00e6s mere om Modstr\u00f8m her.<\/p>\n<\/div><\/section><br \/>\n\n<style type=\"text\/css\" data-created_by=\"avia_inline_auto\" id=\"style-css-av-av_hr-3a876428eececa9d35452247ddb053af\">\n#top .hr.hr-invisible.av-av_hr-3a876428eececa9d35452247ddb053af{\nheight:50px;\n}\n<\/style>\n<div  class='hr av-av_hr-3a876428eececa9d35452247ddb053af hr-invisible  avia-builder-el-6  el_after_av_textblock  el_before_av_font_icon '><span class='hr-inner '><span class=\"hr-inner-style\"><\/span><\/span><\/div><br \/>\n\n<style type=\"text\/css\" data-created_by=\"avia_inline_auto\" id=\"style-css-av-lt72j3pk-5368af37387c2b82610ae1b48c35c422\">\n@keyframes av_sonarEffect_av-lt72j3pk-5368af37387c2b82610ae1b48c35c422 {\n  0% {opacity: 0.3;}\n 40% {opacity: 0.5; box-shadow: 0 0 0 2px rgba(255,255,255,0.1), 0 0 10px 10px #ffffff, 0 0 0 10px rgba(255,255,255,0.5);}\n100% {opacity: 0.5; box-shadow: 0 0 0 2px rgba(255,255,255,0.1), 0 0 10px 10px #ffffff, 0 0 0 10px rgba(255,255,255,0.5); transform: scale(1.1);}\n}\n.av_font_icon.av-lt72j3pk-5368af37387c2b82610ae1b48c35c422{\ncolor:#0a0002;\nborder-color:#0a0002;\n}\n.avia-svg-icon.av-lt72j3pk-5368af37387c2b82610ae1b48c35c422 svg:first-child{\nstroke:#0a0002;\nfill:#0a0002;\n}\n.av_font_icon.av-lt72j3pk-5368af37387c2b82610ae1b48c35c422 .av-icon-char{\nfont-size:50px;\nline-height:50px;\nwidth:50px;\n}\n.av_font_icon.av-lt72j3pk-5368af37387c2b82610ae1b48c35c422 .av-icon-char:hover{\nanimation:av_sonarEffect_av-lt72j3pk-5368af37387c2b82610ae1b48c35c422 1s ease-in-out .1s infinite;\n}\n<\/style>\n<span  class='av_font_icon av-lt72j3pk-5368af37387c2b82610ae1b48c35c422 avia_animate_when_visible av-icon-style-border avia-icon-pos-center avia-iconfont avia-font-entypo-fontello avia-icon-animate avia-sonar-shadow'><a href='https:\/\/xn--viermodstrm-pgb.dk\/elevraad-paa-fgu\/'  target=\"_blank\"  rel=\"noopener noreferrer\"  class='av-icon-char' data-av_icon='\ue881' data-av_iconfont='entypo-fontello' aria-hidden=\"false\" ><\/a><\/span><br \/>\n\n<style type=\"text\/css\" data-created_by=\"avia_inline_auto\" id=\"style-css-av-lt72hgm4-bc60d3e19e98523030b7aac5141c6a11\">\n#top .hr.hr-invisible.av-lt72hgm4-bc60d3e19e98523030b7aac5141c6a11{\nheight:50px;\n}\n<\/style>\n<div  class='hr av-lt72hgm4-bc60d3e19e98523030b7aac5141c6a11 hr-invisible  avia-builder-el-8  el_after_av_font_icon  avia-builder-el-last '><span class='hr-inner '><span class=\"hr-inner-style\"><\/span><\/span><\/div><\/div>\n","protected":false},"excerpt":{"rendered":"ELEVR\u00c5DET Elever skal ogs\u00e5 have medbestemmelse Hos FGU Himmerland g\u00e5r vi op i, at vores elever ogs\u00e5 har mulighed for at have medbestemmelse i forhold til deres hverdag og skolegang. Derfor har vi p\u00e5 alle vores afdelinger etableret et elevr\u00e5d. Det er elevr\u00e5dets opgave at v\u00e6re taler\u00f8r for dig og dine skolekammerater, s\u00e5 du kan [...]","protected":false},"author":11,"featured_media":0,"parent":0,"menu_order":0,"comment_status":"closed","ping_status":"closed","template":"","meta":{"_monsterinsights_skip_tracking":false,"_monsterinsights_sitenote_active":false,"_monsterinsights_sitenote_note":"","_monsterinsights_sitenote_category":0,"footnotes":""},"class_list":["post-3731","page","type-page","status-publish","hentry"],"jetpack_sharing_enabled":true,"_links":{"self":[{"href":"https:\/\/fguhimmerland.dk\/index.php\/wp-json\/wp\/v2\/pages\/3731","targetHints":{"allow":["GET"]}}],"collection":[{"href":"https:\/\/fguhimmerland.dk\/index.php\/wp-json\/wp\/v2\/pages"}],"about":[{"href":"https:\/\/fguhimmerland.dk\/index.php\/wp-json\/wp\/v2\/types\/page"}],"author":[{"embeddable":true,"href":"https:\/\/fguhimmerland.dk\/index.php\/wp-json\/wp\/v2\/users\/11"}],"replies":[{"embeddable":true,"href":"https:\/\/fguhimmerland.dk\/index.php\/wp-json\/wp\/v2\/comments?post=3731"}],"version-history":[{"count":7,"href":"https:\/\/fguhimmerland.dk\/index.php\/wp-json\/wp\/v2\/pages\/3731\/revisions"}],"predecessor-version":[{"id":7516,"href":"https:\/\/fguhimmerland.dk\/index.php\/wp-json\/wp\/v2\/pages\/3731\/revisions\/7516"}],"wp:attachment":[{"href":"https:\/\/fguhimmerland.dk\/index.php\/wp-json\/wp\/v2\/media?parent=3731"}],"curies":[{"name":"wp","href":"https:\/\/api.w.org\/{rel}","templated":true}]}}