{"id":3367,"date":"2021-04-19T10:20:35","date_gmt":"2021-04-19T08:20:35","guid":{"rendered":"https:\/\/fguhimmerland.dk\/?page_id=3367"},"modified":"2024-02-29T10:54:59","modified_gmt":"2024-02-29T09:54:59","slug":"sygedom-og-fravaer","status":"publish","type":"page","link":"https:\/\/fguhimmerland.dk\/index.php\/sygedom-og-fravaer\/","title":{"rendered":"Sygedom og frav\u00e6r"},"content":{"rendered":"\n<style type=\"text\/css\" data-created_by=\"avia_inline_auto\" id=\"style-css-av-lt71h4si-e1b64b55dc0cf516baa4b2dcd2085e97\">\n.avia-section.av-lt71h4si-e1b64b55dc0cf516baa4b2dcd2085e97{\nbackground-repeat:no-repeat;\nbackground-image:url(https:\/\/fguhimmerland.dk\/wp-content\/uploads\/2023\/09\/sygdom.png);\nbackground-position:50% 50%;\nbackground-attachment:scroll;\n}\n<\/style>\n<div id='av_section_1'  class='avia-section av-lt71h4si-e1b64b55dc0cf516baa4b2dcd2085e97 main_color avia-section-default avia-no-border-styling  avia-builder-el-0  el_before_av_two_third  avia-builder-el-first  avia-full-stretch avia-bg-style-scroll av-minimum-height av-minimum-height-50 av-height-50  container_wrap fullsize'  data-section-bg-repeat='stretch' data-av_minimum_height_pc='50' data-av_min_height_opt='50'><div class='container av-section-cont-open' ><main  role=\"main\" itemprop=\"mainContentOfPage\"  class='template-page content  av-content-full alpha units'><div class='post-entry post-entry-type-page post-entry-3367'><div class='entry-content-wrapper clearfix'>\n\n<style type=\"text\/css\" data-created_by=\"avia_inline_auto\" id=\"style-css-av-lt71hc58-6abeba120081bb05c1635695e4c429c3\">\n#top .av-special-heading.av-lt71hc58-6abeba120081bb05c1635695e4c429c3{\npadding-bottom:10px;\ncolor:#ffffff;\nfont-size:80px;\n}\nbody .av-special-heading.av-lt71hc58-6abeba120081bb05c1635695e4c429c3 .av-special-heading-tag .heading-char{\nfont-size:25px;\n}\n#top #wrap_all .av-special-heading.av-lt71hc58-6abeba120081bb05c1635695e4c429c3 .av-special-heading-tag{\nfont-size:80px;\n}\n.av-special-heading.av-lt71hc58-6abeba120081bb05c1635695e4c429c3 .special-heading-inner-border{\nborder-color:rgba(0,0,0,0.01);\n}\n.av-special-heading.av-lt71hc58-6abeba120081bb05c1635695e4c429c3 .av-subheading{\nfont-size:15px;\n}\nbody .av-special-heading.av-lt71hc58-6abeba120081bb05c1635695e4c429c3 .av-special-heading-tag .heading-wrap:before{\nborder-color:rgba(0,0,0,0.01);\n}\nbody .av-special-heading.av-lt71hc58-6abeba120081bb05c1635695e4c429c3 .av-special-heading-tag .heading-wrap:after{\nborder-color:rgba(0,0,0,0.01);\n}\n\n@media only screen and (min-width: 480px) and (max-width: 767px){ \n#top #wrap_all .av-special-heading.av-lt71hc58-6abeba120081bb05c1635695e4c429c3 .av-special-heading-tag{\nfont-size:0.8em;\n}\n}\n\n@media only screen and (max-width: 479px){ \n#top #wrap_all .av-special-heading.av-lt71hc58-6abeba120081bb05c1635695e4c429c3 .av-special-heading-tag{\nfont-size:0.8em;\n}\n}\n<\/style>\n<div  class='av-special-heading av-lt71hc58-6abeba120081bb05c1635695e4c429c3 av-special-heading-h1 custom-color-heading blockquote elegant-quote elegant-centered  avia-builder-el-1  avia-builder-el-no-sibling  av-inherit-size'><h1 class='av-special-heading-tag '  itemprop=\"headline\"  ><span class=\"heading-wrap\">SYGDOM OG FRAV\u00c6R<\/span><\/h1><div class=\"special-heading-border\"><div class=\"special-heading-inner-border\"><\/div><\/div><\/div>\n<\/div><\/div><\/main><!-- close content main element --><\/div><\/div><div id='after_section_1'  class='main_color av_default_container_wrap container_wrap fullsize'  ><div class='container av-section-cont-open' ><div class='template-page content  av-content-full alpha units'><div class='post-entry post-entry-type-page post-entry-3367'><div class='entry-content-wrapper clearfix'>\n<style type=\"text\/css\" data-created_by=\"avia_inline_auto\" id=\"style-css-av-4n5ion-4924a438a93722bd4cc934d8b31518f5\">\n.flex_column.av-4n5ion-4924a438a93722bd4cc934d8b31518f5{\nborder-radius:0px 0px 0px 0px;\npadding:0px 0px 0px 0px;\n}\n<\/style>\n<div  class='flex_column av-4n5ion-4924a438a93722bd4cc934d8b31518f5 av_two_third  avia-builder-el-2  el_after_av_section  el_before_av_one_third  avia-builder-el-first  first flex_column_div av-zero-column-padding  '     ><section  class='av_textblock_section av-kpwayqlt-ddb30dc3d184c11067ee75895eea365a '   itemscope=\"itemscope\" itemtype=\"https:\/\/schema.org\/CreativeWork\" ><div class='avia_textblock'  itemprop=\"text\" ><h1>Skidt eller v\u00e6k?<\/h1>\n<p>Her p\u00e5 siden har vi samlet en r\u00e6kke informationer om, hvordan du skal forholde dig som elev, hvis du skulle blive ramt af sygdom eller er frav\u00e6rende fra undervisningen.<\/p>\n<h3>Ved sygdom<\/h3>\n<p>Hvis du bliver ramt af sygdom og er ude af stand til at m\u00f8de op til undervisningen, s\u00e5 er det vigtigt, at du kontakter skolen og meddeler dette.<\/p>\n<p>Hvis ikke du kontakter skolen i forbindelse med sygefrav\u00e6r, s\u00e5 vil dette blive betragtet som ulovligt frav\u00e6r, og du vil derfor blive trukket i skoleydelse.<\/p>\n<p>For at melde sig syg skal du ringe til din vejleder eller din kontaktl\u00e6rer i tidsrummet: <strong>07:45 &#8211; 08.00.<\/strong><\/p>\n<p><strong>Bem\u00e6rk<\/strong> at der kan g\u00e6lde forskellige regler i forhold til sygemelding afh\u00e6ngig af vores afdelinger. Hvis du er i tvivl, kan du sp\u00f8rge vores administrationsmedarbejdere, din vejleder eller din kontaktl\u00e6rer.<\/p>\n<div class=\"su-spacer\" style=\"height:10px\"><\/div>\n<h3>Ved andet frav\u00e6r<\/h3>\n<p>Hvis du har frav\u00e6r som elev p\u00e5 FGU Himmerland, s\u00e5 kan det have betydning for den m\u00e6ngde skoleydelse, du modtager.<br \/>\nHos FGU Himmerland skelner vi mellem lovligt og ulovligt frav\u00e6r.<\/p>\n<div class=\"su-spacer\" style=\"height:10px\"><\/div>\n<ul>\n<li>\n<h4><strong>Hvad er ulovligt frav\u00e6r?<\/strong><\/h4>\n<ul>\n<li>Hvis du udebliver fra undervisningen uden gyldig aftale med din kontaktl\u00e6rer, bliver det betragtet som ulovligt frav\u00e6r og vil resultere i, at man tr\u00e6kkes i skoleydelse.<\/li>\n<li>Kommer man for sent til undervisningen, s\u00e5 er dette ogs\u00e5 ulovligt frav\u00e6r og vil resultere i, at man tr\u00e6kkes i skoleydelse.<\/li>\n<\/ul>\n<\/li>\n<\/ul>\n<div class=\"su-spacer\" style=\"height:10px\"><\/div>\n<ul>\n<li>\n<h4><strong>Hvad er lovligt frav\u00e6r?<\/strong><\/h4>\n<ul>\n<li>L\u00e6gebes\u00f8g t\u00e6ller som lovligt frav\u00e6r, hvis man kan fremvise bevis for aftale \u2013 f.eks. SMS eller et aftalekort.<\/li>\n<li>Sygdom betragtes som lovligt frav\u00e6r, hvis man s\u00f8rger for at ringe til sin kontaktl\u00e6rer i det aftalte tidsrum.<\/li>\n<\/ul>\n<\/li>\n<\/ul>\n<p><strong>Har du sp\u00f8rgsm\u00e5l vedr\u00f8rende sygdom eller frav\u00e6r, s\u00e5 sp\u00f8rg din vejleder eller din kontaktl\u00e6rer.<\/strong><\/p>\n<\/div><\/section><\/div>\n<style type=\"text\/css\" data-created_by=\"avia_inline_auto\" id=\"style-css-av-av_one_third-85f61e8b76854e76e4aa4c82c1a2760b\">\n.flex_column.av-av_one_third-85f61e8b76854e76e4aa4c82c1a2760b{\nborder-width:15px;\nborder-color:#f4f3f4;\nborder-style:solid;\npadding:15px 15px 15px 15px;\nbackground-color:#f4f3f4;\n}\n<\/style>\n<div  class='flex_column av-av_one_third-85f61e8b76854e76e4aa4c82c1a2760b av_one_third  avia-builder-el-4  el_after_av_two_third  avia-builder-el-last  flex_column_div  '     ><section  class='av_textblock_section av-lt71jh09-9a86210b01c4d069a68cf23521773a28 '   itemscope=\"itemscope\" itemtype=\"https:\/\/schema.org\/CreativeWork\" ><div class='avia_textblock'  itemprop=\"text\" ><h3>Find kontaktoplysninger<\/h3>\n<p>Hvis du er syg eller frav\u00e6rende, kan du finde nummeret p\u00e5 din underviser eller din vejleder her.<\/p>\n<\/div><\/section><br \/>\n\n<style type=\"text\/css\" data-created_by=\"avia_inline_auto\" id=\"style-css-av-av_hr-3a876428eececa9d35452247ddb053af\">\n#top .hr.hr-invisible.av-av_hr-3a876428eececa9d35452247ddb053af{\nheight:50px;\n}\n<\/style>\n<div  class='hr av-av_hr-3a876428eececa9d35452247ddb053af hr-invisible  avia-builder-el-6  el_after_av_textblock  el_before_av_font_icon '><span class='hr-inner '><span class=\"hr-inner-style\"><\/span><\/span><\/div><br \/>\n\n<style type=\"text\/css\" data-created_by=\"avia_inline_auto\" id=\"style-css-av-lt71pqu8-7ed4cc864da68ce57f3315e3977ffe17\">\n.av_font_icon.av-lt71pqu8-7ed4cc864da68ce57f3315e3977ffe17{\ncolor:#0a0001;\nborder-color:#0a0001;\n}\n.avia-svg-icon.av-lt71pqu8-7ed4cc864da68ce57f3315e3977ffe17 svg:first-child{\nstroke:#0a0001;\nfill:#0a0001;\n}\n.av_font_icon.av-lt71pqu8-7ed4cc864da68ce57f3315e3977ffe17 .av-icon-char{\nfont-size:50px;\nline-height:50px;\nwidth:50px;\n}\n<\/style>\n<span  class='av_font_icon av-lt71pqu8-7ed4cc864da68ce57f3315e3977ffe17 avia_animate_when_visible av-icon-style-border avia-icon-pos-center avia-iconfont avia-font-entypo-fontello avia-icon-animate'><a href='https:\/\/fguhimmerland.dk\/index.php\/medarbejdere\/'  target=\"_blank\"  rel=\"noopener noreferrer\"  class='av-icon-char' data-av_icon='\ue881' data-av_iconfont='entypo-fontello' aria-hidden=\"false\" ><\/a><\/span><br \/>\n\n<style type=\"text\/css\" data-created_by=\"avia_inline_auto\" id=\"style-css-av-lt71q7wm-16647f394a543d22ef1b831c7f53936e\">\n#top .hr.hr-invisible.av-lt71q7wm-16647f394a543d22ef1b831c7f53936e{\nheight:50px;\n}\n<\/style>\n<div  class='hr av-lt71q7wm-16647f394a543d22ef1b831c7f53936e hr-invisible  avia-builder-el-8  el_after_av_font_icon  avia-builder-el-last '><span class='hr-inner '><span class=\"hr-inner-style\"><\/span><\/span><\/div><\/div>\n","protected":false},"excerpt":{"rendered":"SYGDOM OG FRAV\u00c6R Skidt eller v\u00e6k? Her p\u00e5 siden har vi samlet en r\u00e6kke informationer om, hvordan du skal forholde dig som elev, hvis du skulle blive ramt af sygdom eller er frav\u00e6rende fra undervisningen. Ved sygdom Hvis du bliver ramt af sygdom og er ude af stand til at m\u00f8de op til undervisningen, s\u00e5 [...]","protected":false},"author":9,"featured_media":0,"parent":0,"menu_order":0,"comment_status":"closed","ping_status":"closed","template":"","meta":{"_monsterinsights_skip_tracking":false,"_monsterinsights_sitenote_active":false,"_monsterinsights_sitenote_note":"","_monsterinsights_sitenote_category":0,"footnotes":""},"class_list":["post-3367","page","type-page","status-publish","hentry"],"jetpack_sharing_enabled":true,"_links":{"self":[{"href":"https:\/\/fguhimmerland.dk\/index.php\/wp-json\/wp\/v2\/pages\/3367","targetHints":{"allow":["GET"]}}],"collection":[{"href":"https:\/\/fguhimmerland.dk\/index.php\/wp-json\/wp\/v2\/pages"}],"about":[{"href":"https:\/\/fguhimmerland.dk\/index.php\/wp-json\/wp\/v2\/types\/page"}],"author":[{"embeddable":true,"href":"https:\/\/fguhimmerland.dk\/index.php\/wp-json\/wp\/v2\/users\/9"}],"replies":[{"embeddable":true,"href":"https:\/\/fguhimmerland.dk\/index.php\/wp-json\/wp\/v2\/comments?post=3367"}],"version-history":[{"count":10,"href":"https:\/\/fguhimmerland.dk\/index.php\/wp-json\/wp\/v2\/pages\/3367\/revisions"}],"predecessor-version":[{"id":7511,"href":"https:\/\/fguhimmerland.dk\/index.php\/wp-json\/wp\/v2\/pages\/3367\/revisions\/7511"}],"wp:attachment":[{"href":"https:\/\/fguhimmerland.dk\/index.php\/wp-json\/wp\/v2\/media?parent=3367"}],"curies":[{"name":"wp","href":"https:\/\/api.w.org\/{rel}","templated":true}]}}