{"id":3358,"date":"2021-04-19T10:18:18","date_gmt":"2021-04-19T08:18:18","guid":{"rendered":"https:\/\/fguhimmerland.dk\/?page_id=3358"},"modified":"2026-02-10T09:57:09","modified_gmt":"2026-02-10T08:57:09","slug":"oekonomi","status":"publish","type":"page","link":"https:\/\/fguhimmerland.dk\/index.php\/oekonomi\/","title":{"rendered":"\u00d8konomi"},"content":{"rendered":"\n<style type=\"text\/css\" data-created_by=\"avia_inline_auto\" id=\"style-css-av-lt6xk5sk-2a8c8c8a9cea4f5836be7606c038ecde\">\n.avia-section.av-lt6xk5sk-2a8c8c8a9cea4f5836be7606c038ecde{\nbackground-repeat:no-repeat;\nbackground-image:url(https:\/\/fguhimmerland.dk\/wp-content\/uploads\/2023\/09\/OeKONOMI.png);\nbackground-position:50% 50%;\nbackground-attachment:scroll;\n}\n<\/style>\n<div id='av_section_1'  class='avia-section av-lt6xk5sk-2a8c8c8a9cea4f5836be7606c038ecde main_color avia-section-default avia-no-border-styling  avia-builder-el-0  el_before_av_two_third  avia-builder-el-first  avia-full-stretch avia-bg-style-scroll av-minimum-height av-minimum-height-50 av-height-50  container_wrap fullsize'  data-section-bg-repeat='stretch' data-av_minimum_height_pc='50' data-av_min_height_opt='50'><div class='container av-section-cont-open' ><main  role=\"main\" itemprop=\"mainContentOfPage\"  class='template-page content  av-content-full alpha units'><div class='post-entry post-entry-type-page post-entry-3358'><div class='entry-content-wrapper clearfix'>\n\n<style type=\"text\/css\" data-created_by=\"avia_inline_auto\" id=\"style-css-av-lt6xju23-a406c4e09a20ff45c430891592a5376c\">\n#top .av-special-heading.av-lt6xju23-a406c4e09a20ff45c430891592a5376c{\npadding-bottom:10px;\ncolor:#ffffff;\nfont-size:80px;\n}\nbody .av-special-heading.av-lt6xju23-a406c4e09a20ff45c430891592a5376c .av-special-heading-tag .heading-char{\nfont-size:25px;\n}\n#top #wrap_all .av-special-heading.av-lt6xju23-a406c4e09a20ff45c430891592a5376c .av-special-heading-tag{\nfont-size:80px;\n}\n.av-special-heading.av-lt6xju23-a406c4e09a20ff45c430891592a5376c .special-heading-inner-border{\nborder-color:rgba(0,0,0,0.01);\n}\n.av-special-heading.av-lt6xju23-a406c4e09a20ff45c430891592a5376c .av-subheading{\nfont-size:15px;\n}\nbody .av-special-heading.av-lt6xju23-a406c4e09a20ff45c430891592a5376c .av-special-heading-tag .heading-wrap:before{\nborder-color:rgba(0,0,0,0.01);\n}\nbody .av-special-heading.av-lt6xju23-a406c4e09a20ff45c430891592a5376c .av-special-heading-tag .heading-wrap:after{\nborder-color:rgba(0,0,0,0.01);\n}\n\n@media only screen and (min-width: 480px) and (max-width: 767px){ \n#top #wrap_all .av-special-heading.av-lt6xju23-a406c4e09a20ff45c430891592a5376c .av-special-heading-tag{\nfont-size:0.8em;\n}\n}\n\n@media only screen and (max-width: 479px){ \n#top #wrap_all .av-special-heading.av-lt6xju23-a406c4e09a20ff45c430891592a5376c .av-special-heading-tag{\nfont-size:0.8em;\n}\n}\n<\/style>\n<div  class='av-special-heading av-lt6xju23-a406c4e09a20ff45c430891592a5376c av-special-heading-h1 custom-color-heading blockquote elegant-quote elegant-centered  avia-builder-el-1  avia-builder-el-no-sibling  av-inherit-size'><h1 class='av-special-heading-tag '  itemprop=\"headline\"  ><span class=\"heading-wrap\">\u00d8KONOMI<\/span><\/h1><div class=\"special-heading-border\"><div class=\"special-heading-inner-border\"><\/div><\/div><\/div>\n<\/div><\/div><\/main><!-- close content main element --><\/div><\/div><div id='after_section_1'  class='main_color av_default_container_wrap container_wrap fullsize'  ><div class='container av-section-cont-open' ><div class='template-page content  av-content-full alpha units'><div class='post-entry post-entry-type-page post-entry-3358'><div class='entry-content-wrapper clearfix'>\n\n<style type=\"text\/css\" data-created_by=\"avia_inline_auto\" id=\"style-css-av-1y6v3i-86c497f230f4ee0bfd7b9c860e3969a8\">\n.flex_column.av-1y6v3i-86c497f230f4ee0bfd7b9c860e3969a8{\nborder-radius:0px 0px 0px 0px;\npadding:0px 0px 0px 0px;\n}\n<\/style>\n<div  class='flex_column av-1y6v3i-86c497f230f4ee0bfd7b9c860e3969a8 av_two_third  avia-builder-el-2  el_after_av_section  el_before_av_one_third  avia-builder-el-first  first flex_column_div av-zero-column-padding  '     ><section  class='av_textblock_section av-kpw8qpas-cbbf3c05ad74ac65a4a1a93595092ab0 '   itemscope=\"itemscope\" itemtype=\"https:\/\/schema.org\/CreativeWork\" ><div class='avia_textblock'  itemprop=\"text\" ><h2>Skole = Penge!<\/h2>\n<p>Som elev p\u00e5 FGU Himmerland kan du modtage skoleydelse som l\u00f8n for din tilstedev\u00e6relse og deltagelse i den daglige undervisning.<\/p>\n<p>Din skoleydelse afh\u00e6nger af din alder, boligsituation, og om du er for\u00e6ldre. Du kan ikke modtage skoleydelse fra FGU Himmerland, hvis du modtager anden offentlig st\u00f8tte, der tilsigter at d\u00e6kke leveomkostninger \u2013 f.eks. uddannelseshj\u00e6lp.<\/p>\n<\/div><\/section><\/div>\n\n<style type=\"text\/css\" data-created_by=\"avia_inline_auto\" id=\"style-css-av-lt5o9uyj-4243a971ac109fcd77ebde25bb48d73b\">\n.flex_column.av-lt5o9uyj-4243a971ac109fcd77ebde25bb48d73b{\nborder-width:15px;\nborder-color:#f4f3f4;\nborder-style:solid;\npadding:15px 15px 15px 15px;\nbackground-color:#f4f3f4;\n}\n<\/style>\n<div  class='flex_column av-lt5o9uyj-4243a971ac109fcd77ebde25bb48d73b av_one_third  avia-builder-el-4  el_after_av_two_third  el_before_av_one_full  flex_column_div  '     ><section  class='av_textblock_section av-lt5ob5po-5074b8bb6b57efb2656bed8904f7baeb '   itemscope=\"itemscope\" itemtype=\"https:\/\/schema.org\/CreativeWork\" ><div class='avia_textblock'  itemprop=\"text\" ><h3><strong>Hj\u00e6lp til budgetplanl\u00e6gning<\/strong><\/h3>\n<p>F\u00e5 styr p\u00e5 din \u00f8konomi med vores budgetskema.<\/p>\n<p><strong>Download budgetskema\u00a0<span style=\"color: #ff0000;\"><a style=\"color: #ff0000;\" href=\"https:\/\/fguhimmerland.dk\/wp-content\/uploads\/2021\/06\/Budgetskabelon.xlsx\">her<\/a>.<\/span><\/strong><\/p>\n<\/div><\/section><\/div>\n\n<style type=\"text\/css\" data-created_by=\"avia_inline_auto\" id=\"style-css-av-lt5o28g1-14c80e6ec949343466bdda14d0d165b6\">\n.flex_column.av-lt5o28g1-14c80e6ec949343466bdda14d0d165b6{\nborder-width:15px;\nborder-color:#f4f3f4;\nborder-style:solid;\npadding:15px 15px 15px 15px;\nbackground-color:#f4f3f4;\n}\n<\/style>\n<div  class='flex_column av-lt5o28g1-14c80e6ec949343466bdda14d0d165b6 av_one_full  avia-builder-el-6  el_after_av_one_third  el_before_av_one_full  first flex_column_div  column-top-margin'     ><section  class='av_textblock_section av-lt5nhox9-77323f73d2711b61ee54819d135d0c0c '   itemscope=\"itemscope\" itemtype=\"https:\/\/schema.org\/CreativeWork\" ><div class='avia_textblock'  itemprop=\"text\" ><h3>Satser for skoleydelse<\/h3>\n<\/div><\/section><br \/>\n<div class='avia-data-table-wrap av-12e5g0u-6de8253590695bc52236bdb156efdfd2 avia_responsive_table avia-table-1'><table  class='avia-table avia-data-table avia_pricing_minimal  avia-builder-el-8  el_after_av_textblock  avia-builder-el-last '  itemscope=\"itemscope\" itemtype=\"https:\/\/schema.org\/Table\" ><tbody><tr class=''><td class=''>Unge under 18 \u00e5r, hjemmeboende<\/td><td class='avia-highlight-col'>12,16 kr. \/ time<br \/>\n450 kr. \/ uge<br \/>\n<\/td><\/tr><tr class=''><td class=''>Unge over 18 \u00e5r, hjemmeboende<\/td><td class='avia-highlight-col'>21,08 kr. \/ time<br \/>\n780 kr. \/ uge<br \/>\n<\/td><\/tr><tr class=''><td class=''>Unge over 18 \u00e5r, udeboende<\/td><td class='avia-highlight-col'>Skoleydelse over 18 \u00e5r, udeboende 48,86 kr. \/ time<br \/>\n1.808 kr. \/ uge<br \/>\n<\/td><\/tr><tr class=''><td class=''>Fors\u00f8rgertill\u00e6g, enlige<\/td><td class='avia-highlight-col'>47,70 kr. \/ time<br \/>\n1.765 kr. \/ uge<br \/>\n<\/td><\/tr><tr class=''><td class=''>Fors\u00f8rgertill\u00e6g, ikke-enlige<\/td><td class='avia-highlight-col'>Till\u00e6g, fors\u00f8rger 19,03 kr. \/ time<br \/>\n704 kr. \/ uge<br \/>\n<\/td><\/tr><\/tbody><\/table><\/div><\/div>\n<style type=\"text\/css\" data-created_by=\"avia_inline_auto\" id=\"style-css-av-2lumoe-80f73fabe5cc39daee238ba0d256e0f9\">\n.flex_column.av-2lumoe-80f73fabe5cc39daee238ba0d256e0f9{\nborder-radius:0px 0px 0px 0px;\npadding:0px 0px 0px 0px;\n}\n<\/style>\n<div  class='flex_column av-2lumoe-80f73fabe5cc39daee238ba0d256e0f9 av_one_full  avia-builder-el-9  el_after_av_one_full  avia-builder-el-last  first flex_column_div av-zero-column-padding  column-top-margin'     ><section  class='av_textblock_section av-lt5o6qcx-895fcf2d158769834391a24224d716b5 '   itemscope=\"itemscope\" itemtype=\"https:\/\/schema.org\/CreativeWork\" ><div class='avia_textblock'  itemprop=\"text\" ><h3><strong>NemKonto<\/strong><\/h3>\n<p>For at kunne f\u00e5 udbetalt skoleydelse fra FGU Himmerland er det vigtigt, at du har en NemKonto. Det kan v\u00e6re en fordel at oprette \u00e9n, f\u00f8r du p\u00e5begynder et uddannelsesforl\u00f8b hos os, men vi har ogs\u00e5 mulighed for at hj\u00e6lpe dig med oprettelsen efter p\u00e5begyndt studiestart.<br \/>\nHvis du har brug for hj\u00e6lp til NemKonto, kan du kontakte vores administrationsmedarbejdere.<\/p>\n<h3><strong>Periode for skoleydelse<\/strong><\/h3>\n<p>V\u00e6r opm\u00e6rksom p\u00e5 at perioden for optjening af skoleydelse g\u00e5r fra d. 16. i en m\u00e5ned til d. 15. i den efterf\u00f8lgende m\u00e5ned.<br \/>\nDu kan derfor ikke forvente at modtage fuld skoleydelse den f\u00f8rste m\u00e5ned, du er elev hos os. V\u00e6r derfor opm\u00e6rksom p\u00e5, om din \u00f8konomiske situation kan klare ikke at modtage fuld ydelse i forbindelse med skolestart.<\/p>\n<h3><strong>Frav\u00e6r betyder f\u00e6rre penge<\/strong><\/h3>\n<p>Hvis du har frav\u00e6r som elev p\u00e5 FGU Himmerland, s\u00e5 kan det have betydning for den m\u00e6ngde skoleydelse, du modtager. Hos FGU Himmerland skelner vi mellem lovligt og ulovligt frav\u00e6r.<\/p>\n<ul>\n<li>\n<h5><strong>Hvad er ulovligt frav\u00e6r?<\/strong><\/h5>\n<ul>\n<li>Hvis du udebliver fra undervisningen uden gyldig aftale med din kontaktl\u00e6rer, bliver det betragtet som ulovligt frav\u00e6r og vil resultere i, at man tr\u00e6kkes i skoleydelse.<\/li>\n<li>Kommer man for sent til undervisningen, s\u00e5 er dette ogs\u00e5 ulovligt frav\u00e6r og vil resultere i, at man tr\u00e6kkes i skoleydelse.<\/li>\n<\/ul>\n<\/li>\n<li>\n<h5><strong>Hvad er lovligt frav\u00e6r?<\/strong><\/h5>\n<ul>\n<li>L\u00e6gebes\u00f8g t\u00e6ller som lovligt frav\u00e6r, hvis man kan fremvise bevis for aftale \u2013 f.eks. SMS eller et aftalekort.<\/li>\n<li>Sygdom betragtes som lovligt frav\u00e6r, hvis man s\u00f8rger for at ringe til sin kontaktl\u00e6rer i det aftalte tidsrum.<br \/>\nL\u00e6s mere om frav\u00e6r ved sygdom \u2013 klik\u00a0<a href=\"https:\/\/fguhimmerland.dk\/index.php\/sygedom-og-fravaer\/\"><strong>her<\/strong><\/a><\/li>\n<\/ul>\n<\/li>\n<\/ul>\n<h3><strong>\u00d8konomi under EGU<\/strong><\/h3>\n<p><strong><em>Bem\u00e6rk<\/em><\/strong>\u00a0at der g\u00e6lder andre regler for EGU-elever i forhold til \u00f8konomi end for elever p\u00e5 AGU, PGU eller STU. Som EGU-elev vil man modtage skoleydelse, n\u00e5r man er p\u00e5 skolen, og overenskomstm\u00e6ssig elevl\u00f8n n\u00e5r man arbejder hos sin praktikvirksomhed. Det er derfor vigtigt, at man tager h\u00f8jde for \u00e6ndringer i indkomst i forbindelse med en EGU.<\/p>\n<\/div><\/section><\/div>\n","protected":false},"excerpt":{"rendered":"\u00d8KONOMI Skole = Penge! Som elev p\u00e5 FGU Himmerland kan du modtage skoleydelse som l\u00f8n for din tilstedev\u00e6relse og deltagelse i den daglige undervisning. Din skoleydelse afh\u00e6nger af din alder, boligsituation, og om du er for\u00e6ldre. Du kan ikke modtage skoleydelse fra FGU Himmerland, hvis du modtager anden offentlig st\u00f8tte, der tilsigter at d\u00e6kke leveomkostninger [...]","protected":false},"author":9,"featured_media":0,"parent":0,"menu_order":0,"comment_status":"closed","ping_status":"closed","template":"","meta":{"_monsterinsights_skip_tracking":false,"_monsterinsights_sitenote_active":false,"_monsterinsights_sitenote_note":"","_monsterinsights_sitenote_category":0,"footnotes":""},"class_list":["post-3358","page","type-page","status-publish","hentry"],"jetpack_sharing_enabled":true,"_links":{"self":[{"href":"https:\/\/fguhimmerland.dk\/index.php\/wp-json\/wp\/v2\/pages\/3358","targetHints":{"allow":["GET"]}}],"collection":[{"href":"https:\/\/fguhimmerland.dk\/index.php\/wp-json\/wp\/v2\/pages"}],"about":[{"href":"https:\/\/fguhimmerland.dk\/index.php\/wp-json\/wp\/v2\/types\/page"}],"author":[{"embeddable":true,"href":"https:\/\/fguhimmerland.dk\/index.php\/wp-json\/wp\/v2\/users\/9"}],"replies":[{"embeddable":true,"href":"https:\/\/fguhimmerland.dk\/index.php\/wp-json\/wp\/v2\/comments?post=3358"}],"version-history":[{"count":37,"href":"https:\/\/fguhimmerland.dk\/index.php\/wp-json\/wp\/v2\/pages\/3358\/revisions"}],"predecessor-version":[{"id":8568,"href":"https:\/\/fguhimmerland.dk\/index.php\/wp-json\/wp\/v2\/pages\/3358\/revisions\/8568"}],"wp:attachment":[{"href":"https:\/\/fguhimmerland.dk\/index.php\/wp-json\/wp\/v2\/media?parent=3358"}],"curies":[{"name":"wp","href":"https:\/\/api.w.org\/{rel}","templated":true}]}}