{"id":3267,"date":"2021-03-18T09:09:23","date_gmt":"2021-03-18T08:09:23","guid":{"rendered":"https:\/\/fguhimmerland.dk\/?page_id=3267"},"modified":"2024-04-09T11:42:44","modified_gmt":"2024-04-09T09:42:44","slug":"persondataforordningen-gdpr","status":"publish","type":"page","link":"https:\/\/fguhimmerland.dk\/index.php\/persondataforordningen-gdpr\/","title":{"rendered":"GDPR"},"content":{"rendered":"\n<style type=\"text\/css\" data-created_by=\"avia_inline_auto\" id=\"style-css-av-lus6s6e0-e837fcd2f9bdeabd2acdd23729157ce9\">\n.avia-section.av-lus6s6e0-e837fcd2f9bdeabd2acdd23729157ce9{\nbackground-repeat:no-repeat;\nbackground-image:url(https:\/\/fguhimmerland.dk\/wp-content\/uploads\/2024\/04\/GDPR.png);\nbackground-position:50% 50%;\nbackground-attachment:scroll;\n}\n<\/style>\n<div id='av_section_1'  class='avia-section av-lus6s6e0-e837fcd2f9bdeabd2acdd23729157ce9 main_color avia-section-default avia-no-border-styling  avia-builder-el-0  el_before_av_textblock  avia-builder-el-first  avia-full-stretch avia-bg-style-scroll av-minimum-height av-minimum-height-50 av-height-50  container_wrap fullsize'  data-section-bg-repeat='stretch' data-av_minimum_height_pc='50' data-av_min_height_opt='50'><div class='container av-section-cont-open' ><main  role=\"main\" itemprop=\"mainContentOfPage\"  class='template-page content  av-content-full alpha units'><div class='post-entry post-entry-type-page post-entry-3267'><div class='entry-content-wrapper clearfix'>\n\n<style type=\"text\/css\" data-created_by=\"avia_inline_auto\" id=\"style-css-av-lus6sbgx-60058cc0fcabf52ecf07cc92dbd64410\">\n#top .av-special-heading.av-lus6sbgx-60058cc0fcabf52ecf07cc92dbd64410{\npadding-bottom:10px;\ncolor:#ffffff;\nfont-size:80px;\n}\nbody .av-special-heading.av-lus6sbgx-60058cc0fcabf52ecf07cc92dbd64410 .av-special-heading-tag .heading-char{\nfont-size:25px;\n}\n#top #wrap_all .av-special-heading.av-lus6sbgx-60058cc0fcabf52ecf07cc92dbd64410 .av-special-heading-tag{\nfont-size:80px;\n}\n.av-special-heading.av-lus6sbgx-60058cc0fcabf52ecf07cc92dbd64410 .special-heading-inner-border{\nborder-color:rgba(0,0,0,0.01);\n}\n.av-special-heading.av-lus6sbgx-60058cc0fcabf52ecf07cc92dbd64410 .av-subheading{\nfont-size:15px;\n}\nbody .av-special-heading.av-lus6sbgx-60058cc0fcabf52ecf07cc92dbd64410 .av-special-heading-tag .heading-wrap:before{\nborder-color:rgba(0,0,0,0.01);\n}\nbody .av-special-heading.av-lus6sbgx-60058cc0fcabf52ecf07cc92dbd64410 .av-special-heading-tag .heading-wrap:after{\nborder-color:rgba(0,0,0,0.01);\n}\n\n@media only screen and (min-width: 480px) and (max-width: 767px){ \n#top #wrap_all .av-special-heading.av-lus6sbgx-60058cc0fcabf52ecf07cc92dbd64410 .av-special-heading-tag{\nfont-size:0.8em;\n}\n}\n\n@media only screen and (max-width: 479px){ \n#top #wrap_all .av-special-heading.av-lus6sbgx-60058cc0fcabf52ecf07cc92dbd64410 .av-special-heading-tag{\nfont-size:0.8em;\n}\n}\n<\/style>\n<div  class='av-special-heading av-lus6sbgx-60058cc0fcabf52ecf07cc92dbd64410 av-special-heading-h1 custom-color-heading blockquote elegant-quote elegant-centered  avia-builder-el-1  avia-builder-el-no-sibling  av-inherit-size'><h1 class='av-special-heading-tag '  itemprop=\"headline\"  ><span class=\"heading-wrap\">GDPR<\/span><\/h1><div class=\"special-heading-border\"><div class=\"special-heading-inner-border\"><\/div><\/div><\/div>\n<\/div><\/div><\/main><!-- close content main element --><\/div><\/div><div id='after_section_1'  class='main_color av_default_container_wrap container_wrap fullsize'  ><div class='container av-section-cont-open' ><div class='template-page content  av-content-full alpha units'><div class='post-entry post-entry-type-page post-entry-3267'><div class='entry-content-wrapper clearfix'><section  class='av_textblock_section av-kqj8e2wp-a38d90b664bb162845086b88c54cb476 '   itemscope=\"itemscope\" itemtype=\"https:\/\/schema.org\/CreativeWork\" ><div class='avia_textblock'  itemprop=\"text\" ><h2 style=\"text-align: left;\">L\u00e6s om forhold vedr\u00f8rende GDPR via nedenst\u00e5ende links:<\/h2>\n<ul>\n<li style=\"text-align: left;\"><span style=\"color: #00ccff;\"><strong><a style=\"color: #00ccff;\" href=\"https:\/\/fguhimmerland.dk\/wp-content\/uploads\/2021\/03\/Underretning_om_indsamling_af_personoplysninger_-_elever.pdf\"><span style=\"text-decoration: underline;\">Underretning om indsamling af personoplysninger-elever<\/span><\/a><\/strong><\/span><\/li>\n<li style=\"text-align: left;\"><span style=\"text-decoration: underline;\"><span style=\"color: #00ccff;\"><strong><a style=\"color: #00ccff; text-decoration: underline;\" href=\"https:\/\/fguhimmerland.dk\/wp-content\/uploads\/2021\/03\/Privatlivspolitik.pdf\">Privatlivspolitik<\/a><\/strong><\/span><\/span><\/li>\n<\/ul>\n<\/div><\/section>\n","protected":false},"excerpt":{"rendered":"GDPR L\u00e6s om forhold vedr\u00f8rende GDPR via nedenst\u00e5ende links: Underretning om indsamling af personoplysninger-elever Privatlivspolitik","protected":false},"author":2,"featured_media":0,"parent":0,"menu_order":0,"comment_status":"closed","ping_status":"closed","template":"","meta":{"_monsterinsights_skip_tracking":false,"_monsterinsights_sitenote_active":false,"_monsterinsights_sitenote_note":"","_monsterinsights_sitenote_category":0,"footnotes":""},"class_list":["post-3267","page","type-page","status-publish","hentry"],"jetpack_sharing_enabled":true,"_links":{"self":[{"href":"https:\/\/fguhimmerland.dk\/index.php\/wp-json\/wp\/v2\/pages\/3267","targetHints":{"allow":["GET"]}}],"collection":[{"href":"https:\/\/fguhimmerland.dk\/index.php\/wp-json\/wp\/v2\/pages"}],"about":[{"href":"https:\/\/fguhimmerland.dk\/index.php\/wp-json\/wp\/v2\/types\/page"}],"author":[{"embeddable":true,"href":"https:\/\/fguhimmerland.dk\/index.php\/wp-json\/wp\/v2\/users\/2"}],"replies":[{"embeddable":true,"href":"https:\/\/fguhimmerland.dk\/index.php\/wp-json\/wp\/v2\/comments?post=3267"}],"version-history":[{"count":7,"href":"https:\/\/fguhimmerland.dk\/index.php\/wp-json\/wp\/v2\/pages\/3267\/revisions"}],"predecessor-version":[{"id":8530,"href":"https:\/\/fguhimmerland.dk\/index.php\/wp-json\/wp\/v2\/pages\/3267\/revisions\/8530"}],"wp:attachment":[{"href":"https:\/\/fguhimmerland.dk\/index.php\/wp-json\/wp\/v2\/media?parent=3267"}],"curies":[{"name":"wp","href":"https:\/\/api.w.org\/{rel}","templated":true}]}}