{"id":292,"date":"2020-06-04T07:18:56","date_gmt":"2020-06-04T05:18:56","guid":{"rendered":"http:\/\/www.altfguhimmerland.dk\/?page_id=292"},"modified":"2023-06-02T08:23:35","modified_gmt":"2023-06-02T06:23:35","slug":"industri-metal","status":"publish","type":"page","link":"https:\/\/fguhimmerland.dk\/index.php\/industri-metal\/","title":{"rendered":"Industri (metal)"},"content":{"rendered":"[vc_row][vc_column][\/vc_column][\/vc_row][vc_row][vc_column][vc_empty_space height=&#8221;50&#8243;][\/vc_column][\/vc_row][vc_row][vc_column width=&#8221;1\/2&#8243;][vc_single_image image=&#8221;1527&#8243; img_size=&#8221;large&#8221; style=&#8221;vc_box_shadow_3d&#8221;][\/vc_column][vc_column width=&#8221;1\/2&#8243;][vc_column_text]\r\n<figure class=\"wp-block-gallery columns-3 is-cropped is-layout-flow wp-block-group-is-layout-flow\">\r\n<figure><\/figure>\r\n<\/figure>\r\n<p class=\"has-text-align-center\"><\/p>\r\n<p><strong>Arbejdsopgaver: <\/strong><\/p>\r\n<p class=\"has-text-align-center\"><\/p>\r\n<p>P\u00e5 v\u00e6rkstedet arbejdes med forskellige opgaver inden for fagets hovedomr\u00e5der. Herudover har v\u00e6rkstedet opgaver af s\u00e6rlig karakter som f.eks. specialfremstilling af diverse konstruktioner samt montage af disse. Vi er opm\u00e6rksomme p\u00e5, at alle f\u00e5r s\u00e5 meget ud af undervisningen p\u00e5 v\u00e6rkstedet som muligt. Derfor tilbyder vi elever og l\u00e6rlinge at deltage i produktudvikling, lige fra id\u00e9 og tegning til f\u00e6rdigt produkt leveret hos kunder. Eleverne tilbydes undervisning i lettere tegningsarbejde, herunder ogs\u00e5 Autocad og Inventor samt efterf\u00f8lgende 3D print F\u00e6rdigheder: Eleverne opl\u00e6res individuelt efter kvalifikationer og fremtids\u00f8nsker. De opn\u00e5r en styrkelse af deres teoretiske, praktiske og faglige<\/p>\r\n<p class=\"has-text-align-center\"><\/p>\r\n<p><strong>F\u00e6rdigheder:<\/strong><\/p>\r\n<p class=\"has-text-align-center\"><\/p>\r\n<p>Alle elever skal gennemg\u00e5 \u00a7 17 arbejdsmilj\u00f8uddannelsen. Alle elever skal have maskink\u00f8rekort, s\u00e5 de opn\u00e5r s\u00e5 bredt et kendskab som muligt til de forskellige maskiner og arbejdsprocesser.<\/p>\r\n<p class=\"has-text-align-center\"><\/p>\r\n[\/vc_column_text][\/vc_column][\/vc_row][vc_row][vc_column][vc_empty_space height=&#8221;50&#8243;][\/vc_column][\/vc_row][vc_row][vc_column][vc_video link=&#8221;https:\/\/www.youtube.com\/watch?v=_Gmg0ah2nac&amp;feature=youtu.be&#8221;][\/vc_column][\/vc_row]","protected":false},"excerpt":{"rendered":"<p>[vc_row][vc_column][\/vc_column][\/vc_row][vc_row][vc_column][vc_empty_space height=&#8221;50&#8243;][\/vc_column][\/vc_row][vc_row][vc_column width=&#8221;1\/2&#8243;][vc_single_image image=&#8221;1527&#8243; img_size=&#8221;large&#8221; style=&#8221;vc_box_shadow_3d&#8221;][\/vc_column][vc_column width=&#8221;1\/2&#8243;][vc_column_text] Arbejdsopgaver: P\u00e5 v\u00e6rkstedet arbejdes med forskellige opgaver inden for fagets hovedomr\u00e5der. Herudover har v\u00e6rkstedet opgaver af s\u00e6rlig karakter som f.eks. specialfremstilling af diverse konstruktioner samt montage af disse. Vi er opm\u00e6rksomme p\u00e5, at alle f\u00e5r s\u00e5 meget ud af undervisningen p\u00e5 v\u00e6rkstedet som muligt. Derfor tilbyder vi elever [&hellip;]<\/p>\n","protected":false},"author":1,"featured_media":0,"parent":0,"menu_order":0,"comment_status":"closed","ping_status":"closed","template":"","meta":{"_monsterinsights_skip_tracking":false,"_monsterinsights_sitenote_active":false,"_monsterinsights_sitenote_note":"","_monsterinsights_sitenote_category":0,"footnotes":""},"class_list":["post-292","page","type-page","status-publish","hentry"],"jetpack_sharing_enabled":true,"_links":{"self":[{"href":"https:\/\/fguhimmerland.dk\/index.php\/wp-json\/wp\/v2\/pages\/292","targetHints":{"allow":["GET"]}}],"collection":[{"href":"https:\/\/fguhimmerland.dk\/index.php\/wp-json\/wp\/v2\/pages"}],"about":[{"href":"https:\/\/fguhimmerland.dk\/index.php\/wp-json\/wp\/v2\/types\/page"}],"author":[{"embeddable":true,"href":"https:\/\/fguhimmerland.dk\/index.php\/wp-json\/wp\/v2\/users\/1"}],"replies":[{"embeddable":true,"href":"https:\/\/fguhimmerland.dk\/index.php\/wp-json\/wp\/v2\/comments?post=292"}],"version-history":[{"count":91,"href":"https:\/\/fguhimmerland.dk\/index.php\/wp-json\/wp\/v2\/pages\/292\/revisions"}],"predecessor-version":[{"id":7052,"href":"https:\/\/fguhimmerland.dk\/index.php\/wp-json\/wp\/v2\/pages\/292\/revisions\/7052"}],"wp:attachment":[{"href":"https:\/\/fguhimmerland.dk\/index.php\/wp-json\/wp\/v2\/media?parent=292"}],"curies":[{"name":"wp","href":"https:\/\/api.w.org\/{rel}","templated":true}]}}