{"id":2304,"date":"2020-11-04T09:28:32","date_gmt":"2020-11-04T08:28:32","guid":{"rendered":"https:\/\/altfguhimmerland.dk\/?page_id=2304"},"modified":"2026-03-20T08:46:45","modified_gmt":"2026-03-20T07:46:45","slug":"transport","status":"publish","type":"page","link":"https:\/\/fguhimmerland.dk\/index.php\/transport\/","title":{"rendered":"Transport"},"content":{"rendered":"\n<style type=\"text\/css\" data-created_by=\"avia_inline_auto\" id=\"style-css-av-lt70kkbz-cf88e11d76b87d549518aa83b84553cd\">\n.avia-section.av-lt70kkbz-cf88e11d76b87d549518aa83b84553cd{\nbackground-repeat:no-repeat;\nbackground-image:url(https:\/\/fguhimmerland.dk\/wp-content\/uploads\/2023\/09\/TRANSPORT.png);\nbackground-position:50% 50%;\nbackground-attachment:scroll;\n}\n<\/style>\n<div id='av_section_1'  class='avia-section av-lt70kkbz-cf88e11d76b87d549518aa83b84553cd main_color avia-section-default avia-no-border-styling  avia-builder-el-0  el_before_av_two_third  avia-builder-el-first  avia-full-stretch avia-bg-style-scroll av-minimum-height av-minimum-height-50 av-height-50  container_wrap fullsize'  data-section-bg-repeat='stretch' data-av_minimum_height_pc='50' data-av_min_height_opt='50'><div class='container av-section-cont-open' ><main  role=\"main\" itemprop=\"mainContentOfPage\"  class='template-page content  av-content-full alpha units'><div class='post-entry post-entry-type-page post-entry-2304'><div class='entry-content-wrapper clearfix'>\n\n<style type=\"text\/css\" data-created_by=\"avia_inline_auto\" id=\"style-css-av-lt70k8ex-b8a69c5c77d7b4373b62781622632656\">\n#top .av-special-heading.av-lt70k8ex-b8a69c5c77d7b4373b62781622632656{\npadding-bottom:10px;\ncolor:#ffffff;\nfont-size:80px;\n}\nbody .av-special-heading.av-lt70k8ex-b8a69c5c77d7b4373b62781622632656 .av-special-heading-tag .heading-char{\nfont-size:25px;\n}\n#top #wrap_all .av-special-heading.av-lt70k8ex-b8a69c5c77d7b4373b62781622632656 .av-special-heading-tag{\nfont-size:80px;\n}\n.av-special-heading.av-lt70k8ex-b8a69c5c77d7b4373b62781622632656 .special-heading-inner-border{\nborder-color:rgba(0,0,0,0.01);\n}\n.av-special-heading.av-lt70k8ex-b8a69c5c77d7b4373b62781622632656 .av-subheading{\nfont-size:15px;\n}\nbody .av-special-heading.av-lt70k8ex-b8a69c5c77d7b4373b62781622632656 .av-special-heading-tag .heading-wrap:before{\nborder-color:rgba(0,0,0,0.01);\n}\nbody .av-special-heading.av-lt70k8ex-b8a69c5c77d7b4373b62781622632656 .av-special-heading-tag .heading-wrap:after{\nborder-color:rgba(0,0,0,0.01);\n}\n\n@media only screen and (min-width: 480px) and (max-width: 767px){ \n#top #wrap_all .av-special-heading.av-lt70k8ex-b8a69c5c77d7b4373b62781622632656 .av-special-heading-tag{\nfont-size:0.8em;\n}\n}\n\n@media only screen and (max-width: 479px){ \n#top #wrap_all .av-special-heading.av-lt70k8ex-b8a69c5c77d7b4373b62781622632656 .av-special-heading-tag{\nfont-size:0.8em;\n}\n}\n<\/style>\n<div  class='av-special-heading av-lt70k8ex-b8a69c5c77d7b4373b62781622632656 av-special-heading-h1 custom-color-heading blockquote elegant-quote elegant-centered  avia-builder-el-1  avia-builder-el-no-sibling  av-inherit-size'><h1 class='av-special-heading-tag '  itemprop=\"headline\"  ><span class=\"heading-wrap\">TRANSPORT<\/span><\/h1><div class=\"special-heading-border\"><div class=\"special-heading-inner-border\"><\/div><\/div><\/div>\n<\/div><\/div><\/main><!-- close content main element --><\/div><\/div><div id='after_section_1'  class='main_color av_default_container_wrap container_wrap fullsize'  ><div class='container av-section-cont-open' ><div class='template-page content  av-content-full alpha units'><div class='post-entry post-entry-type-page post-entry-2304'><div class='entry-content-wrapper clearfix'>\n\n<style type=\"text\/css\" data-created_by=\"avia_inline_auto\" id=\"style-css-av-1vpoeo-fc0e490baae4f3b147684fc83a2af6ab\">\n.flex_column.av-1vpoeo-fc0e490baae4f3b147684fc83a2af6ab{\nborder-radius:0px 0px 0px 0px;\npadding:0px 0px 0px 0px;\n}\n<\/style>\n<div  class='flex_column av-1vpoeo-fc0e490baae4f3b147684fc83a2af6ab av_two_third  avia-builder-el-2  el_after_av_section  el_before_av_one_third  avia-builder-el-first  first flex_column_div av-zero-column-padding  '     ><section  class='av_textblock_section av-kpwa5ybn-5605004371206b590fe0b9f99085efb0 '   itemscope=\"itemscope\" itemtype=\"https:\/\/schema.org\/CreativeWork\" ><div class='avia_textblock'  itemprop=\"text\" ><h2>Bliv godt k\u00f8rende<\/h2>\n<p>Som elev hos FGU Himmerland er du berettiget til at f\u00e5 et ungdomskort, der g\u00f8r det billigt at benytte og rejse med offentlig transport (b\u00e5de busser og tog) for at komme i skole.<\/p>\n<p>Hvis du \u00f8nsker at f\u00e5 et ungdomskort, skal du g\u00f8re f\u00f8lgende:<\/p>\n<ul>\n<li>Kontakt en vejleder p\u00e5 din afdeling og sp\u00f8rg efter et ungdomskort.<\/li>\n<li>Vores administrationsmedarbejdere vil herefter godkende dig til ungdomskort.<\/li>\n<li>N\u00e5r du er blevet godkendt, kan kortet s\u00f8ges hjem via ungdomskort.dk<\/li>\n<li>Du skal derefter downloade app\u00b4en rejsebillet. Der kan betales efter en time hvorefter det virker.<\/li>\n<li>Du skal forvente en leveringstid p\u00e5 10-14 dage.<\/li>\n<\/ul>\n<p><strong>Hvis du er i tvivl eller har sp\u00f8rgsm\u00e5l til ungdomskortet, s\u00e5 kontakt din vejleder.<\/strong><\/p>\n<\/div><\/section><\/div>\n<style type=\"text\/css\" data-created_by=\"avia_inline_auto\" id=\"style-css-av-28quu8-d4fe52b1fb8d6c099a89718c4f95c3b5\">\n.flex_column.av-28quu8-d4fe52b1fb8d6c099a89718c4f95c3b5{\nborder-width:15px;\nborder-color:#f4f3f4;\nborder-style:solid;\npadding:15px 15px 15px 15px;\nbackground-color:#f4f3f4;\n}\n<\/style>\n<div  class='flex_column av-28quu8-d4fe52b1fb8d6c099a89718c4f95c3b5 av_one_third  avia-builder-el-4  el_after_av_two_third  avia-builder-el-last  flex_column_div  '     ><section  class='av_textblock_section av-lt70mdrt-f29e2906e0b76017b039ce1df381c70b '   itemscope=\"itemscope\" itemtype=\"https:\/\/schema.org\/CreativeWork\" ><div class='avia_textblock'  itemprop=\"text\" ><h3>Ungdomskort<\/h3>\n<p>Du kan l\u00e6se om ungdomskort og bestille det her.<\/p>\n<\/div><\/section><br \/>\n\n<style type=\"text\/css\" data-created_by=\"avia_inline_auto\" id=\"style-css-av-lt70ydnf-f1e63f34bb77908778fa508de2a0d47c\">\n#top .hr.hr-invisible.av-lt70ydnf-f1e63f34bb77908778fa508de2a0d47c{\nheight:50px;\n}\n<\/style>\n<div  class='hr av-lt70ydnf-f1e63f34bb77908778fa508de2a0d47c hr-invisible  avia-builder-el-6  el_after_av_textblock  el_before_av_font_icon '><span class='hr-inner '><span class=\"hr-inner-style\"><\/span><\/span><\/div><br \/>\n\n<style type=\"text\/css\" data-created_by=\"avia_inline_auto\" id=\"style-css-av-lt70yvr1-d0e98e5a1a3a1da3f8f4c74fec630ba0\">\n@keyframes av_sonarEffect_av-lt70yvr1-d0e98e5a1a3a1da3f8f4c74fec630ba0 {\n  0% {opacity: 0.3;}\n 40% {opacity: 0.5; box-shadow: 0 0 0 2px rgba(255,255,255,0.1), 0 0 10px 10px #ffffff, 0 0 0 10px rgba(255,255,255,0.5);}\n100% {opacity: 0.5; box-shadow: 0 0 0 2px rgba(255,255,255,0.1), 0 0 10px 10px #ffffff, 0 0 0 10px rgba(255,255,255,0.5); transform: scale(1.1);}\n}\n.av_font_icon.av-lt70yvr1-d0e98e5a1a3a1da3f8f4c74fec630ba0{\ncolor:#0a0001;\nborder-color:#0a0001;\n}\n.avia-svg-icon.av-lt70yvr1-d0e98e5a1a3a1da3f8f4c74fec630ba0 svg:first-child{\nstroke:#0a0001;\nfill:#0a0001;\n}\n.av_font_icon.av-lt70yvr1-d0e98e5a1a3a1da3f8f4c74fec630ba0 .av-icon-char{\nfont-size:30px;\nline-height:30px;\nwidth:30px;\n}\n.av_font_icon.av-lt70yvr1-d0e98e5a1a3a1da3f8f4c74fec630ba0 .av-icon-char:hover{\nanimation:av_sonarEffect_av-lt70yvr1-d0e98e5a1a3a1da3f8f4c74fec630ba0 1s ease-in-out;\n}\n<\/style>\n<span  class='av_font_icon av-lt70yvr1-d0e98e5a1a3a1da3f8f4c74fec630ba0 avia_animate_when_visible av-icon-style-border avia-icon-pos-center avia-iconfont avia-font-entypo-fontello avia-icon-animate avia-sonar-shadow'><a href='https:\/\/fguhimmerland.dk\/wp-content\/uploads\/2024\/09\/Guide-til-dig-der-skal-bestille-ungdomskort-foerste-gang.pdf'  target=\"_blank\"  rel=\"noopener noreferrer\"  class='av-icon-char' data-av_icon='\ue81f' data-av_iconfont='entypo-fontello' aria-hidden=\"false\" ><\/a><\/span><br \/>\n\n<style type=\"text\/css\" data-created_by=\"avia_inline_auto\" id=\"style-css-av-24dj9c-2d828cddf7d0e4cd8e3e49659bde10dc\">\n#top .hr.hr-invisible.av-24dj9c-2d828cddf7d0e4cd8e3e49659bde10dc{\nheight:50px;\n}\n<\/style>\n<div  class='hr av-24dj9c-2d828cddf7d0e4cd8e3e49659bde10dc hr-invisible  avia-builder-el-8  el_after_av_font_icon  el_before_av_font_icon '><span class='hr-inner '><span class=\"hr-inner-style\"><\/span><\/span><\/div><br \/>\n\n<style type=\"text\/css\" data-created_by=\"avia_inline_auto\" id=\"style-css-av-m10dnuuw-fa79e75c27d5088483fe67051e2aa273\">\n@keyframes av_sonarEffect_av-m10dnuuw-fa79e75c27d5088483fe67051e2aa273 {\n  0% {opacity: 0.3;}\n 40% {opacity: 0.5; box-shadow: 0 0 0 2px rgba(255,255,255,0.1), 0 0 10px 10px #ffffff, 0 0 0 10px rgba(255,255,255,0.5);}\n100% {opacity: 0.5; box-shadow: 0 0 0 2px rgba(255,255,255,0.1), 0 0 10px 10px #ffffff, 0 0 0 10px rgba(255,255,255,0.5); transform: scale(1.1);}\n}\n.av_font_icon.av-m10dnuuw-fa79e75c27d5088483fe67051e2aa273{\ncolor:#0a0001;\nborder-color:#0a0001;\n}\n.avia-svg-icon.av-m10dnuuw-fa79e75c27d5088483fe67051e2aa273 svg:first-child{\nstroke:#0a0001;\nfill:#0a0001;\n}\n.av_font_icon.av-m10dnuuw-fa79e75c27d5088483fe67051e2aa273 .av-icon-char{\nfont-size:30px;\nline-height:30px;\nwidth:30px;\n}\n.av_font_icon.av-m10dnuuw-fa79e75c27d5088483fe67051e2aa273 .av-icon-char:hover{\nanimation:av_sonarEffect_av-m10dnuuw-fa79e75c27d5088483fe67051e2aa273 1s ease-in-out;\n}\n<\/style>\n<span  class='av_font_icon av-m10dnuuw-fa79e75c27d5088483fe67051e2aa273 avia_animate_when_visible av-icon-style-border avia-icon-pos-center avia-iconfont avia-font-entypo-fontello avia-icon-animate avia-sonar-shadow'><a href='https:\/\/www.ungdomskort.dk\/ungdomskort\/om-ungdomskort'  target=\"_blank\"  rel=\"noopener noreferrer\"  class='av-icon-char' data-av_icon='\ue84e' data-av_iconfont='entypo-fontello' aria-hidden=\"false\" ><\/a><\/span><br \/>\n\n<style type=\"text\/css\" data-created_by=\"avia_inline_auto\" id=\"style-css-av-8fz4w-4794d9e6f9e25f21c9fdcaff7c1f9997\">\n#top .hr.hr-invisible.av-8fz4w-4794d9e6f9e25f21c9fdcaff7c1f9997{\nheight:50px;\n}\n<\/style>\n<div  class='hr av-8fz4w-4794d9e6f9e25f21c9fdcaff7c1f9997 hr-invisible  avia-builder-el-10  el_after_av_font_icon  el_before_av_font_icon '><span class='hr-inner '><span class=\"hr-inner-style\"><\/span><\/span><\/div><br \/>\n\n<style type=\"text\/css\" data-created_by=\"avia_inline_auto\" id=\"style-css-av-m10d90gu-0ac4565268234675ce5c4d486d5a7761\">\n@keyframes av_sonarEffect_av-m10d90gu-0ac4565268234675ce5c4d486d5a7761 {\n  0% {opacity: 0.3;}\n 40% {opacity: 0.5; box-shadow: 0 0 0 2px rgba(255,255,255,0.1), 0 0 10px 10px #ffffff, 0 0 0 10px rgba(255,255,255,0.5);}\n100% {opacity: 0.5; box-shadow: 0 0 0 2px rgba(255,255,255,0.1), 0 0 10px 10px #ffffff, 0 0 0 10px rgba(255,255,255,0.5); transform: scale(1.1);}\n}\n.av_font_icon.av-m10d90gu-0ac4565268234675ce5c4d486d5a7761{\ncolor:#0a0001;\nborder-color:#0a0001;\n}\n.avia-svg-icon.av-m10d90gu-0ac4565268234675ce5c4d486d5a7761 svg:first-child{\nstroke:#0a0001;\nfill:#0a0001;\n}\n.av_font_icon.av-m10d90gu-0ac4565268234675ce5c4d486d5a7761 .av-icon-char{\nfont-size:30px;\nline-height:30px;\nwidth:30px;\n}\n.av_font_icon.av-m10d90gu-0ac4565268234675ce5c4d486d5a7761 .av-icon-char:hover{\nanimation:av_sonarEffect_av-m10d90gu-0ac4565268234675ce5c4d486d5a7761 1s ease-in-out;\n}\n<\/style>\n<span  class='av_font_icon av-m10d90gu-0ac4565268234675ce5c4d486d5a7761 avia_animate_when_visible av-icon-style-border avia-icon-pos-center avia-iconfont avia-font-entypo-fontello avia-icon-animate avia-sonar-shadow'><a href='https:\/\/www.ungdomskort.dk'  target=\"_blank\"  rel=\"noopener noreferrer\"  class='av-icon-char' data-av_icon='\ue859' data-av_iconfont='entypo-fontello' aria-hidden=\"false\" ><\/a><\/span><br \/>\n\n<style type=\"text\/css\" data-created_by=\"avia_inline_auto\" id=\"style-css-av-37y7u8-3fc7024df12d41368d91961bd944c376\">\n#top .hr.hr-invisible.av-37y7u8-3fc7024df12d41368d91961bd944c376{\nheight:50px;\n}\n<\/style>\n<div  class='hr av-37y7u8-3fc7024df12d41368d91961bd944c376 hr-invisible  avia-builder-el-12  el_after_av_font_icon  avia-builder-el-last '><span class='hr-inner '><span class=\"hr-inner-style\"><\/span><\/span><\/div><\/div>\n","protected":false},"excerpt":{"rendered":"TRANSPORT Bliv godt k\u00f8rende Som elev hos FGU Himmerland er du berettiget til at f\u00e5 et ungdomskort, der g\u00f8r det billigt at benytte og rejse med offentlig transport (b\u00e5de busser og tog) for at komme i skole. Hvis du \u00f8nsker at f\u00e5 et ungdomskort, skal du g\u00f8re f\u00f8lgende: Kontakt en vejleder p\u00e5 din afdeling og [...]","protected":false},"author":2,"featured_media":0,"parent":0,"menu_order":0,"comment_status":"closed","ping_status":"closed","template":"","meta":{"_monsterinsights_skip_tracking":false,"_monsterinsights_sitenote_active":false,"_monsterinsights_sitenote_note":"","_monsterinsights_sitenote_category":0,"footnotes":""},"class_list":["post-2304","page","type-page","status-publish","hentry"],"jetpack_sharing_enabled":true,"_links":{"self":[{"href":"https:\/\/fguhimmerland.dk\/index.php\/wp-json\/wp\/v2\/pages\/2304","targetHints":{"allow":["GET"]}}],"collection":[{"href":"https:\/\/fguhimmerland.dk\/index.php\/wp-json\/wp\/v2\/pages"}],"about":[{"href":"https:\/\/fguhimmerland.dk\/index.php\/wp-json\/wp\/v2\/types\/page"}],"author":[{"embeddable":true,"href":"https:\/\/fguhimmerland.dk\/index.php\/wp-json\/wp\/v2\/users\/2"}],"replies":[{"embeddable":true,"href":"https:\/\/fguhimmerland.dk\/index.php\/wp-json\/wp\/v2\/comments?post=2304"}],"version-history":[{"count":22,"href":"https:\/\/fguhimmerland.dk\/index.php\/wp-json\/wp\/v2\/pages\/2304\/revisions"}],"predecessor-version":[{"id":8617,"href":"https:\/\/fguhimmerland.dk\/index.php\/wp-json\/wp\/v2\/pages\/2304\/revisions\/8617"}],"wp:attachment":[{"href":"https:\/\/fguhimmerland.dk\/index.php\/wp-json\/wp\/v2\/media?parent=2304"}],"curies":[{"name":"wp","href":"https:\/\/api.w.org\/{rel}","templated":true}]}}